{"id":8884,"date":"2022-08-18T01:11:36","date_gmt":"2022-08-18T06:11:36","guid":{"rendered":"https:\/\/www.mexicanguitarplayers.com\/tienda\/sin%20categor\u00eda\/cajon-headliner-ajustable-hcaj2rsp\/"},"modified":"2026-04-10T05:25:39","modified_gmt":"2026-04-10T11:25:39","slug":"cajon-headliner-ajustable-hcaj2rsp","status":"publish","type":"product","link":"https:\/\/www.mexicanguitarplayers.com\/en\/tienda\/percusiones\/percusiones-mayores\/cajones\/cajon-headliner-ajustable-hcaj2rsp\/","title":{"rendered":"HCAJ2RSP ADJUSTABLE HEADLINER DRAWER"},"content":{"rendered":"<div style=\"text-align: justify\">\n<div>\n<h3>HCAJ2RSP ADJUSTABLE HEADLINER DRAWER<\/h3>\n<\/div>\n<div>Headliner Designer Cajon, eco-friendly medium density fiberboard body, poplar faceplate, matte finish, two internal wires, adjustable corners, extensive sound options, sparkle red color, width: 11 3\/4\u201d, height: 18\u201d, deep : 11 3\/4\u201d.<\/div>\n<\/div>","protected":false},"excerpt":{"rendered":"<p>Caj\u00f3n Headliner Designer, cuerpo de fibra ecol\u00f3gica de densidad media, placa frontal de \u00e1lamo, terminado mate, dos alambres internos, esquinas ajustables, amplias opciones de sonido, color rojo sparkle, ancho: 11 3\/4\u201d, alto: 18\u201d, profundo: 11 3\/4\u201d.&hellip; <a class=\"kt-excerpt-readmore more-link\" href=\"https:\/\/www.mexicanguitarplayers.com\/en\/tienda\/percusiones\/percusiones-mayores\/cajones\/cajon-headliner-ajustable-hcaj2rsp\/\">Read more<\/a><\/p>","protected":false},"featured_media":22310,"comment_status":"open","ping_status":"closed","template":"","meta":{"kt_blocks_editor_width":""},"pwb-brand":[290],"product_brand":[],"product_cat":[268,208,267],"product_tag":[],"class_list":{"0":"post-8884","1":"product","2":"type-product","3":"status-publish","4":"has-post-thumbnail","6":"pwb-brand-meinl","7":"product_cat-cajones","8":"product_cat-percusiones","9":"product_cat-percusiones-mayores","10":"product_shipping_class-10-15-kg","12":"first","13":"outofstock","14":"taxable","15":"shipping-taxable","16":"purchasable","17":"product-type-simple"},"yoast_head":"<!-- This site is optimized with the Yoast SEO plugin v27.6 - https:\/\/yoast.com\/product\/yoast-seo-wordpress\/ -->\n<title>CAJON HEADLINER AJUSTABLE HCAJ2RSP - Mexican Guitar Players<\/title>\n<meta name=\"description\" content=\"CAJON HEADLINER AJUSTABLE HCAJ2RSP. Caj\u00f3n Headliner Designer, cuerpo de fibra ecol\u00f3gica de densidad media, placa frontal de \u00e1lamo, terminado mate, dos alambres internos, esquinas ajustables, amplias opciones de sonido, color rojo sparkle, ancho: 11 3\/4\u201d, alto: 18\u201d, profundo: 11 3\/4\u201d.\" \/>\n<meta name=\"robots\" content=\"index, follow, max-snippet:-1, max-image-preview:large, max-video-preview:-1\" \/>\n<link rel=\"canonical\" href=\"https:\/\/www.mexicanguitarplayers.com\/en\/tienda\/percusiones\/percusiones-mayores\/cajones\/cajon-headliner-ajustable-hcaj2rsp\/\" \/>\n<meta property=\"og:locale\" content=\"en_US\" \/>\n<meta property=\"og:type\" content=\"article\" \/>\n<meta property=\"og:title\" content=\"CAJON HEADLINER AJUSTABLE HCAJ2RSP - Mexican Guitar Players\" \/>\n<meta property=\"og:description\" content=\"CAJON HEADLINER AJUSTABLE HCAJ2RSP. Caj\u00f3n Headliner Designer, cuerpo de fibra ecol\u00f3gica de densidad media, placa frontal de \u00e1lamo, terminado mate, dos alambres internos, esquinas ajustables, amplias opciones de sonido, color rojo sparkle, ancho: 11 3\/4\u201d, alto: 18\u201d, profundo: 11 3\/4\u201d.\" \/>\n<meta property=\"og:url\" content=\"https:\/\/www.mexicanguitarplayers.com\/en\/tienda\/percusiones\/percusiones-mayores\/cajones\/cajon-headliner-ajustable-hcaj2rsp\/\" \/>\n<meta property=\"og:site_name\" content=\"Mexican Guitar Players\" \/>\n<meta property=\"article:modified_time\" content=\"2026-04-10T11:25:39+00:00\" \/>\n<meta property=\"og:image\" content=\"https:\/\/www.mexicanguitarplayers.com\/wp-content\/uploads\/2022\/08\/IPHEAHCAJ2RSP-1.jpg\" \/>\n\t<meta property=\"og:image:width\" content=\"1200\" \/>\n\t<meta property=\"og:image:height\" content=\"1200\" \/>\n\t<meta property=\"og:image:type\" content=\"image\/jpeg\" \/>\n<meta name=\"twitter:card\" content=\"summary_large_image\" \/>\n<script type=\"application\/ld+json\" class=\"yoast-schema-graph\">{\"@context\":\"https:\\\/\\\/schema.org\",\"@graph\":[{\"@type\":[\"WebPage\",\"ItemPage\"],\"@id\":\"https:\\\/\\\/www.mexicanguitarplayers.com\\\/tienda\\\/percusiones\\\/percusiones-mayores\\\/cajones\\\/cajon-headliner-ajustable-hcaj2rsp\\\/\",\"url\":\"https:\\\/\\\/www.mexicanguitarplayers.com\\\/tienda\\\/percusiones\\\/percusiones-mayores\\\/cajones\\\/cajon-headliner-ajustable-hcaj2rsp\\\/\",\"name\":\"CAJON HEADLINER AJUSTABLE HCAJ2RSP - Mexican Guitar Players\",\"isPartOf\":{\"@id\":\"https:\\\/\\\/www.mexicanguitarplayers.com\\\/#website\"},\"primaryImageOfPage\":{\"@id\":\"https:\\\/\\\/www.mexicanguitarplayers.com\\\/tienda\\\/percusiones\\\/percusiones-mayores\\\/cajones\\\/cajon-headliner-ajustable-hcaj2rsp\\\/#primaryimage\"},\"image\":{\"@id\":\"https:\\\/\\\/www.mexicanguitarplayers.com\\\/tienda\\\/percusiones\\\/percusiones-mayores\\\/cajones\\\/cajon-headliner-ajustable-hcaj2rsp\\\/#primaryimage\"},\"thumbnailUrl\":\"https:\\\/\\\/www.mexicanguitarplayers.com\\\/wp-content\\\/uploads\\\/2022\\\/08\\\/IPHEAHCAJ2RSP-1.jpg\",\"datePublished\":\"2022-08-18T06:11:36+00:00\",\"dateModified\":\"2026-04-10T11:25:39+00:00\",\"description\":\"CAJON HEADLINER AJUSTABLE HCAJ2RSP. Caj\u00f3n Headliner Designer, cuerpo de fibra ecol\u00f3gica de densidad media, placa frontal de \u00e1lamo, terminado mate, dos alambres internos, esquinas ajustables, amplias opciones de sonido, color rojo sparkle, ancho: 11 3\\\/4\u201d, alto: 18\u201d, profundo: 11 3\\\/4\u201d.\",\"breadcrumb\":{\"@id\":\"https:\\\/\\\/www.mexicanguitarplayers.com\\\/tienda\\\/percusiones\\\/percusiones-mayores\\\/cajones\\\/cajon-headliner-ajustable-hcaj2rsp\\\/#breadcrumb\"},\"inLanguage\":\"en-US\",\"potentialAction\":[{\"@type\":\"ReadAction\",\"target\":[\"https:\\\/\\\/www.mexicanguitarplayers.com\\\/tienda\\\/percusiones\\\/percusiones-mayores\\\/cajones\\\/cajon-headliner-ajustable-hcaj2rsp\\\/\"]}]},{\"@type\":\"ImageObject\",\"inLanguage\":\"en-US\",\"@id\":\"https:\\\/\\\/www.mexicanguitarplayers.com\\\/tienda\\\/percusiones\\\/percusiones-mayores\\\/cajones\\\/cajon-headliner-ajustable-hcaj2rsp\\\/#primaryimage\",\"url\":\"https:\\\/\\\/www.mexicanguitarplayers.com\\\/wp-content\\\/uploads\\\/2022\\\/08\\\/IPHEAHCAJ2RSP-1.jpg\",\"contentUrl\":\"https:\\\/\\\/www.mexicanguitarplayers.com\\\/wp-content\\\/uploads\\\/2022\\\/08\\\/IPHEAHCAJ2RSP-1.jpg\",\"width\":1200,\"height\":1200},{\"@type\":\"BreadcrumbList\",\"@id\":\"https:\\\/\\\/www.mexicanguitarplayers.com\\\/tienda\\\/percusiones\\\/percusiones-mayores\\\/cajones\\\/cajon-headliner-ajustable-hcaj2rsp\\\/#breadcrumb\",\"itemListElement\":[{\"@type\":\"ListItem\",\"position\":1,\"name\":\"Portada\",\"item\":\"https:\\\/\\\/www.mexicanguitarplayers.com\\\/\"},{\"@type\":\"ListItem\",\"position\":2,\"name\":\"Tienda\",\"item\":\"https:\\\/\\\/www.mexicanguitarplayers.com\\\/tienda\\\/\"},{\"@type\":\"ListItem\",\"position\":3,\"name\":\"CAJON HEADLINER AJUSTABLE HCAJ2RSP\"}]},{\"@type\":\"WebSite\",\"@id\":\"https:\\\/\\\/www.mexicanguitarplayers.com\\\/#website\",\"url\":\"https:\\\/\\\/www.mexicanguitarplayers.com\\\/\",\"name\":\"Mexican Guitar Players\",\"description\":\"Website\",\"publisher\":{\"@id\":\"https:\\\/\\\/www.mexicanguitarplayers.com\\\/#organization\"},\"potentialAction\":[{\"@type\":\"SearchAction\",\"target\":{\"@type\":\"EntryPoint\",\"urlTemplate\":\"https:\\\/\\\/www.mexicanguitarplayers.com\\\/?s={search_term_string}\"},\"query-input\":{\"@type\":\"PropertyValueSpecification\",\"valueRequired\":true,\"valueName\":\"search_term_string\"}}],\"inLanguage\":\"en-US\"},{\"@type\":\"Organization\",\"@id\":\"https:\\\/\\\/www.mexicanguitarplayers.com\\\/#organization\",\"name\":\"Mexican Guitar Players\",\"url\":\"https:\\\/\\\/www.mexicanguitarplayers.com\\\/\",\"logo\":{\"@type\":\"ImageObject\",\"inLanguage\":\"en-US\",\"@id\":\"https:\\\/\\\/www.mexicanguitarplayers.com\\\/#\\\/schema\\\/logo\\\/image\\\/\",\"url\":\"\",\"contentUrl\":\"\",\"caption\":\"Mexican Guitar Players\"},\"image\":{\"@id\":\"https:\\\/\\\/www.mexicanguitarplayers.com\\\/#\\\/schema\\\/logo\\\/image\\\/\"}}]}<\/script>\n<!-- \/ Yoast SEO plugin. -->","yoast_head_json":{"title":"CAJON HEADLINER AJUSTABLE HCAJ2RSP - Mexican Guitar Players","description":"CAJON HEADLINER AJUSTABLE HCAJ2RSP. Caj\u00f3n Headliner Designer, cuerpo de fibra ecol\u00f3gica de densidad media, placa frontal de \u00e1lamo, terminado mate, dos alambres internos, esquinas ajustables, amplias opciones de sonido, color rojo sparkle, ancho: 11 3\/4\u201d, alto: 18\u201d, profundo: 11 3\/4\u201d.","robots":{"index":"index","follow":"follow","max-snippet":"max-snippet:-1","max-image-preview":"max-image-preview:large","max-video-preview":"max-video-preview:-1"},"canonical":"https:\/\/www.mexicanguitarplayers.com\/en\/tienda\/percusiones\/percusiones-mayores\/cajones\/cajon-headliner-ajustable-hcaj2rsp\/","og_locale":"en_US","og_type":"article","og_title":"CAJON HEADLINER AJUSTABLE HCAJ2RSP - Mexican Guitar Players","og_description":"CAJON HEADLINER AJUSTABLE HCAJ2RSP. Caj\u00f3n Headliner Designer, cuerpo de fibra ecol\u00f3gica de densidad media, placa frontal de \u00e1lamo, terminado mate, dos alambres internos, esquinas ajustables, amplias opciones de sonido, color rojo sparkle, ancho: 11 3\/4\u201d, alto: 18\u201d, profundo: 11 3\/4\u201d.","og_url":"https:\/\/www.mexicanguitarplayers.com\/en\/tienda\/percusiones\/percusiones-mayores\/cajones\/cajon-headliner-ajustable-hcaj2rsp\/","og_site_name":"Mexican Guitar Players","article_modified_time":"2026-04-10T11:25:39+00:00","og_image":[{"width":1200,"height":1200,"url":"https:\/\/www.mexicanguitarplayers.com\/wp-content\/uploads\/2022\/08\/IPHEAHCAJ2RSP-1.jpg","type":"image\/jpeg"}],"twitter_card":"summary_large_image","schema":{"@context":"https:\/\/schema.org","@graph":[{"@type":["WebPage","ItemPage"],"@id":"https:\/\/www.mexicanguitarplayers.com\/tienda\/percusiones\/percusiones-mayores\/cajones\/cajon-headliner-ajustable-hcaj2rsp\/","url":"https:\/\/www.mexicanguitarplayers.com\/tienda\/percusiones\/percusiones-mayores\/cajones\/cajon-headliner-ajustable-hcaj2rsp\/","name":"CAJON HEADLINER AJUSTABLE HCAJ2RSP - Mexican Guitar Players","isPartOf":{"@id":"https:\/\/www.mexicanguitarplayers.com\/#website"},"primaryImageOfPage":{"@id":"https:\/\/www.mexicanguitarplayers.com\/tienda\/percusiones\/percusiones-mayores\/cajones\/cajon-headliner-ajustable-hcaj2rsp\/#primaryimage"},"image":{"@id":"https:\/\/www.mexicanguitarplayers.com\/tienda\/percusiones\/percusiones-mayores\/cajones\/cajon-headliner-ajustable-hcaj2rsp\/#primaryimage"},"thumbnailUrl":"https:\/\/www.mexicanguitarplayers.com\/wp-content\/uploads\/2022\/08\/IPHEAHCAJ2RSP-1.jpg","datePublished":"2022-08-18T06:11:36+00:00","dateModified":"2026-04-10T11:25:39+00:00","description":"CAJON HEADLINER AJUSTABLE HCAJ2RSP. Caj\u00f3n Headliner Designer, cuerpo de fibra ecol\u00f3gica de densidad media, placa frontal de \u00e1lamo, terminado mate, dos alambres internos, esquinas ajustables, amplias opciones de sonido, color rojo sparkle, ancho: 11 3\/4\u201d, alto: 18\u201d, profundo: 11 3\/4\u201d.","breadcrumb":{"@id":"https:\/\/www.mexicanguitarplayers.com\/tienda\/percusiones\/percusiones-mayores\/cajones\/cajon-headliner-ajustable-hcaj2rsp\/#breadcrumb"},"inLanguage":"en-US","potentialAction":[{"@type":"ReadAction","target":["https:\/\/www.mexicanguitarplayers.com\/tienda\/percusiones\/percusiones-mayores\/cajones\/cajon-headliner-ajustable-hcaj2rsp\/"]}]},{"@type":"ImageObject","inLanguage":"en-US","@id":"https:\/\/www.mexicanguitarplayers.com\/tienda\/percusiones\/percusiones-mayores\/cajones\/cajon-headliner-ajustable-hcaj2rsp\/#primaryimage","url":"https:\/\/www.mexicanguitarplayers.com\/wp-content\/uploads\/2022\/08\/IPHEAHCAJ2RSP-1.jpg","contentUrl":"https:\/\/www.mexicanguitarplayers.com\/wp-content\/uploads\/2022\/08\/IPHEAHCAJ2RSP-1.jpg","width":1200,"height":1200},{"@type":"BreadcrumbList","@id":"https:\/\/www.mexicanguitarplayers.com\/tienda\/percusiones\/percusiones-mayores\/cajones\/cajon-headliner-ajustable-hcaj2rsp\/#breadcrumb","itemListElement":[{"@type":"ListItem","position":1,"name":"Portada","item":"https:\/\/www.mexicanguitarplayers.com\/"},{"@type":"ListItem","position":2,"name":"Tienda","item":"https:\/\/www.mexicanguitarplayers.com\/tienda\/"},{"@type":"ListItem","position":3,"name":"CAJON HEADLINER AJUSTABLE HCAJ2RSP"}]},{"@type":"WebSite","@id":"https:\/\/www.mexicanguitarplayers.com\/#website","url":"https:\/\/www.mexicanguitarplayers.com\/","name":"Mexican Guitar Players","description":"Website","publisher":{"@id":"https:\/\/www.mexicanguitarplayers.com\/#organization"},"potentialAction":[{"@type":"SearchAction","target":{"@type":"EntryPoint","urlTemplate":"https:\/\/www.mexicanguitarplayers.com\/?s={search_term_string}"},"query-input":{"@type":"PropertyValueSpecification","valueRequired":true,"valueName":"search_term_string"}}],"inLanguage":"en-US"},{"@type":"Organization","@id":"https:\/\/www.mexicanguitarplayers.com\/#organization","name":"Mexican Guitar Players","url":"https:\/\/www.mexicanguitarplayers.com\/","logo":{"@type":"ImageObject","inLanguage":"en-US","@id":"https:\/\/www.mexicanguitarplayers.com\/#\/schema\/logo\/image\/","url":"","contentUrl":"","caption":"Mexican Guitar Players"},"image":{"@id":"https:\/\/www.mexicanguitarplayers.com\/#\/schema\/logo\/image\/"}}]}},"brands":[{"id":290,"name":"MEINL","slug":"meinl"}],"_links":{"self":[{"href":"https:\/\/www.mexicanguitarplayers.com\/en\/wp-json\/wp\/v2\/product\/8884","targetHints":{"allow":["GET"]}}],"collection":[{"href":"https:\/\/www.mexicanguitarplayers.com\/en\/wp-json\/wp\/v2\/product"}],"about":[{"href":"https:\/\/www.mexicanguitarplayers.com\/en\/wp-json\/wp\/v2\/types\/product"}],"replies":[{"embeddable":true,"href":"https:\/\/www.mexicanguitarplayers.com\/en\/wp-json\/wp\/v2\/comments?post=8884"}],"wp:featuredmedia":[{"embeddable":true,"href":"https:\/\/www.mexicanguitarplayers.com\/en\/wp-json\/wp\/v2\/media\/22310"}],"wp:attachment":[{"href":"https:\/\/www.mexicanguitarplayers.com\/en\/wp-json\/wp\/v2\/media?parent=8884"}],"wp:term":[{"taxonomy":"pwb-brand","embeddable":true,"href":"https:\/\/www.mexicanguitarplayers.com\/en\/wp-json\/wp\/v2\/pwb-brand?post=8884"},{"taxonomy":"product_brand","embeddable":true,"href":"https:\/\/www.mexicanguitarplayers.com\/en\/wp-json\/wp\/v2\/product_brand?post=8884"},{"taxonomy":"product_cat","embeddable":true,"href":"https:\/\/www.mexicanguitarplayers.com\/en\/wp-json\/wp\/v2\/product_cat?post=8884"},{"taxonomy":"product_tag","embeddable":true,"href":"https:\/\/www.mexicanguitarplayers.com\/en\/wp-json\/wp\/v2\/product_tag?post=8884"}],"curies":[{"name":"wp","href":"https:\/\/api.w.org\/{rel}","templated":true}]}}