{"id":8976,"date":"2022-08-18T01:13:44","date_gmt":"2022-08-18T06:13:44","guid":{"rendered":"https:\/\/www.mexicanguitarplayers.com\/tienda\/sin%20categor\u00eda\/bateria-maxima-junior-mdj-50-kylo\/"},"modified":"2026-04-10T05:25:27","modified_gmt":"2026-04-10T11:25:27","slug":"bateria-maxima-junior-mdj-50-kylo","status":"publish","type":"product","link":"https:\/\/www.mexicanguitarplayers.com\/en\/tienda\/percusiones\/baterias\/baterias-acusticas\/baterias-infantiles\/bateria-maxima-junior-mdj-50-kylo\/","title":{"rendered":"MAXIMA JUNIOR MDJ-50 KYLO BATTERY"},"content":{"rendered":"<div style=\"text-align: justify\">\n<div>\n<h3>MAXIMA JUNIOR MDJ-50 KYLO BATTERY<\/h3>\n<\/div>\n<div>Children&#039;s drum kit for children from 6 to 10 years old, decorated with Kylo Ren from Star Wars motifs, includes 16&quot; x 10&quot; bass drum with 12 lugs, 8&quot; x 5&quot; and 10&quot; x 6&quot; inch air toms with 4 lugs, 13&quot; x 11&quot; 5-lug floor tom, 12&quot; x 5&quot; 4-lug snare, one 12&quot; top cymbal, one set of 10&quot; hi-hats, snare stand, snare stand, straight cymbal stand, pedal, drumsticks, a tuning key and instructions in Spanish.<\/div>\n<\/div>","protected":false},"excerpt":{"rendered":"<p>Bater\u00eda infantil para ni\u00f1os de 6 a 10 a\u00f1os, decorado con motivos de Kylo Ren deStar Wars, incluye bombo de 16\u201d x 10\u201d pulgadas con 12 lugs, toms de aire de 8\u201d x5 y 10\u201d x 6\u201d pulgadas con 4 lugs, tom de piso de 13\u201d x 11\u201d pulgadas con 5 lugs,tarola de 12\u201d x 5\u201d pulgadas con 4 lugs, un platillo de remate de 12\u201d pulgadas,un juego de Hi-Hats de 10\u201d pulgadas, atril de contratiempos, atril de tarola, atril recto de platillo, pedal, baquetas, una llave para afinar e instructivo en espa\u00f1ol.&hellip; <a class=\"kt-excerpt-readmore more-link\" href=\"https:\/\/www.mexicanguitarplayers.com\/en\/tienda\/percusiones\/baterias\/baterias-acusticas\/baterias-infantiles\/bateria-maxima-junior-mdj-50-kylo\/\">Read more<\/a><\/p>","protected":false},"featured_media":22358,"comment_status":"open","ping_status":"closed","template":"","meta":{"kt_blocks_editor_width":""},"pwb-brand":[288],"product_brand":[],"product_cat":[209,210,283,208],"product_tag":[],"class_list":{"0":"post-8976","1":"product","2":"type-product","3":"status-publish","4":"has-post-thumbnail","6":"pwb-brand-maxima","7":"product_cat-baterias","8":"product_cat-baterias-acusticas","9":"product_cat-baterias-infantiles","10":"product_cat-percusiones","11":"product_shipping_class-20-25-kg","13":"first","14":"outofstock","15":"taxable","16":"shipping-taxable","17":"purchasable","18":"product-type-simple"},"yoast_head":"<!-- This site is optimized with the Yoast SEO plugin v27.6 - https:\/\/yoast.com\/product\/yoast-seo-wordpress\/ -->\n<title>BATERIA MAXIMA JUNIOR MDJ-50 KYLO - Mexican Guitar Players<\/title>\n<meta name=\"description\" content=\"BATERIA MAXIMA JUNIOR MDJ-50 KYLO. Bater\u00eda infantil para ni\u00f1os de 6 a 10 a\u00f1os, decorado con motivos de Kylo Ren deStar Wars, incluye bombo de 16\u201d x 10\u201d pulgadas con 12 lugs, toms de aire de 8\u201d x5 y 10\u201d x 6\u201d pulgadas con 4 lugs, tom de piso de 13\u201d x 11\u201d pulgadas con 5 lugs,tarola de 12\u201d x 5\u201d pulgadas con 4 lugs, un platillo de remate de 12\u201d pulgadas,un juego de Hi-Hats de 10\u201d pulgadas, atril de contratiempos, atril de tarola, atril recto de platillo, pedal, baquetas, una llave para afinar e instructivo en espa\u00f1ol.\" \/>\n<meta name=\"robots\" content=\"index, follow, max-snippet:-1, max-image-preview:large, max-video-preview:-1\" \/>\n<link rel=\"canonical\" href=\"https:\/\/www.mexicanguitarplayers.com\/en\/tienda\/percusiones\/baterias\/baterias-acusticas\/baterias-infantiles\/bateria-maxima-junior-mdj-50-kylo\/\" \/>\n<meta property=\"og:locale\" content=\"en_US\" \/>\n<meta property=\"og:type\" content=\"article\" \/>\n<meta property=\"og:title\" content=\"BATERIA MAXIMA JUNIOR MDJ-50 KYLO - Mexican Guitar Players\" \/>\n<meta property=\"og:description\" content=\"BATERIA MAXIMA JUNIOR MDJ-50 KYLO. Bater\u00eda infantil para ni\u00f1os de 6 a 10 a\u00f1os, decorado con motivos de Kylo Ren deStar Wars, incluye bombo de 16\u201d x 10\u201d pulgadas con 12 lugs, toms de aire de 8\u201d x5 y 10\u201d x 6\u201d pulgadas con 4 lugs, tom de piso de 13\u201d x 11\u201d pulgadas con 5 lugs,tarola de 12\u201d x 5\u201d pulgadas con 4 lugs, un platillo de remate de 12\u201d pulgadas,un juego de Hi-Hats de 10\u201d pulgadas, atril de contratiempos, atril de tarola, atril recto de platillo, pedal, baquetas, una llave para afinar e instructivo en espa\u00f1ol.\" \/>\n<meta property=\"og:url\" content=\"https:\/\/www.mexicanguitarplayers.com\/en\/tienda\/percusiones\/baterias\/baterias-acusticas\/baterias-infantiles\/bateria-maxima-junior-mdj-50-kylo\/\" \/>\n<meta property=\"og:site_name\" content=\"Mexican Guitar Players\" \/>\n<meta property=\"article:modified_time\" content=\"2026-04-10T11:25:27+00:00\" \/>\n<meta property=\"og:image\" content=\"https:\/\/www.mexicanguitarplayers.com\/wp-content\/uploads\/2022\/08\/IPMAXMDJ50KYLO-1.jpg\" \/>\n\t<meta property=\"og:image:width\" content=\"1200\" \/>\n\t<meta property=\"og:image:height\" content=\"1200\" \/>\n\t<meta property=\"og:image:type\" content=\"image\/jpeg\" \/>\n<meta name=\"twitter:card\" content=\"summary_large_image\" \/>\n<script type=\"application\/ld+json\" class=\"yoast-schema-graph\">{\"@context\":\"https:\\\/\\\/schema.org\",\"@graph\":[{\"@type\":[\"WebPage\",\"ItemPage\"],\"@id\":\"https:\\\/\\\/www.mexicanguitarplayers.com\\\/tienda\\\/percusiones\\\/baterias\\\/baterias-acusticas\\\/baterias-infantiles\\\/bateria-maxima-junior-mdj-50-kylo\\\/\",\"url\":\"https:\\\/\\\/www.mexicanguitarplayers.com\\\/tienda\\\/percusiones\\\/baterias\\\/baterias-acusticas\\\/baterias-infantiles\\\/bateria-maxima-junior-mdj-50-kylo\\\/\",\"name\":\"BATERIA MAXIMA JUNIOR MDJ-50 KYLO - Mexican Guitar Players\",\"isPartOf\":{\"@id\":\"https:\\\/\\\/www.mexicanguitarplayers.com\\\/#website\"},\"primaryImageOfPage\":{\"@id\":\"https:\\\/\\\/www.mexicanguitarplayers.com\\\/tienda\\\/percusiones\\\/baterias\\\/baterias-acusticas\\\/baterias-infantiles\\\/bateria-maxima-junior-mdj-50-kylo\\\/#primaryimage\"},\"image\":{\"@id\":\"https:\\\/\\\/www.mexicanguitarplayers.com\\\/tienda\\\/percusiones\\\/baterias\\\/baterias-acusticas\\\/baterias-infantiles\\\/bateria-maxima-junior-mdj-50-kylo\\\/#primaryimage\"},\"thumbnailUrl\":\"https:\\\/\\\/www.mexicanguitarplayers.com\\\/wp-content\\\/uploads\\\/2022\\\/08\\\/IPMAXMDJ50KYLO-1.jpg\",\"datePublished\":\"2022-08-18T06:13:44+00:00\",\"dateModified\":\"2026-04-10T11:25:27+00:00\",\"description\":\"BATERIA MAXIMA JUNIOR MDJ-50 KYLO. Bater\u00eda infantil para ni\u00f1os de 6 a 10 a\u00f1os, decorado con motivos de Kylo Ren deStar Wars, incluye bombo de 16\u201d x 10\u201d pulgadas con 12 lugs, toms de aire de 8\u201d x5 y 10\u201d x 6\u201d pulgadas con 4 lugs, tom de piso de 13\u201d x 11\u201d pulgadas con 5 lugs,tarola de 12\u201d x 5\u201d pulgadas con 4 lugs, un platillo de remate de 12\u201d pulgadas,un juego de Hi-Hats de 10\u201d pulgadas, atril de contratiempos, atril de tarola, atril recto de platillo, pedal, baquetas, una llave para afinar e instructivo en espa\u00f1ol.\",\"breadcrumb\":{\"@id\":\"https:\\\/\\\/www.mexicanguitarplayers.com\\\/tienda\\\/percusiones\\\/baterias\\\/baterias-acusticas\\\/baterias-infantiles\\\/bateria-maxima-junior-mdj-50-kylo\\\/#breadcrumb\"},\"inLanguage\":\"en-US\",\"potentialAction\":[{\"@type\":\"ReadAction\",\"target\":[\"https:\\\/\\\/www.mexicanguitarplayers.com\\\/tienda\\\/percusiones\\\/baterias\\\/baterias-acusticas\\\/baterias-infantiles\\\/bateria-maxima-junior-mdj-50-kylo\\\/\"]}]},{\"@type\":\"ImageObject\",\"inLanguage\":\"en-US\",\"@id\":\"https:\\\/\\\/www.mexicanguitarplayers.com\\\/tienda\\\/percusiones\\\/baterias\\\/baterias-acusticas\\\/baterias-infantiles\\\/bateria-maxima-junior-mdj-50-kylo\\\/#primaryimage\",\"url\":\"https:\\\/\\\/www.mexicanguitarplayers.com\\\/wp-content\\\/uploads\\\/2022\\\/08\\\/IPMAXMDJ50KYLO-1.jpg\",\"contentUrl\":\"https:\\\/\\\/www.mexicanguitarplayers.com\\\/wp-content\\\/uploads\\\/2022\\\/08\\\/IPMAXMDJ50KYLO-1.jpg\",\"width\":1200,\"height\":1200},{\"@type\":\"BreadcrumbList\",\"@id\":\"https:\\\/\\\/www.mexicanguitarplayers.com\\\/tienda\\\/percusiones\\\/baterias\\\/baterias-acusticas\\\/baterias-infantiles\\\/bateria-maxima-junior-mdj-50-kylo\\\/#breadcrumb\",\"itemListElement\":[{\"@type\":\"ListItem\",\"position\":1,\"name\":\"Portada\",\"item\":\"https:\\\/\\\/www.mexicanguitarplayers.com\\\/\"},{\"@type\":\"ListItem\",\"position\":2,\"name\":\"Tienda\",\"item\":\"https:\\\/\\\/www.mexicanguitarplayers.com\\\/tienda\\\/\"},{\"@type\":\"ListItem\",\"position\":3,\"name\":\"BATERIA MAXIMA JUNIOR MDJ-50 KYLO\"}]},{\"@type\":\"WebSite\",\"@id\":\"https:\\\/\\\/www.mexicanguitarplayers.com\\\/#website\",\"url\":\"https:\\\/\\\/www.mexicanguitarplayers.com\\\/\",\"name\":\"Mexican Guitar Players\",\"description\":\"Website\",\"publisher\":{\"@id\":\"https:\\\/\\\/www.mexicanguitarplayers.com\\\/#organization\"},\"potentialAction\":[{\"@type\":\"SearchAction\",\"target\":{\"@type\":\"EntryPoint\",\"urlTemplate\":\"https:\\\/\\\/www.mexicanguitarplayers.com\\\/?s={search_term_string}\"},\"query-input\":{\"@type\":\"PropertyValueSpecification\",\"valueRequired\":true,\"valueName\":\"search_term_string\"}}],\"inLanguage\":\"en-US\"},{\"@type\":\"Organization\",\"@id\":\"https:\\\/\\\/www.mexicanguitarplayers.com\\\/#organization\",\"name\":\"Mexican Guitar Players\",\"url\":\"https:\\\/\\\/www.mexicanguitarplayers.com\\\/\",\"logo\":{\"@type\":\"ImageObject\",\"inLanguage\":\"en-US\",\"@id\":\"https:\\\/\\\/www.mexicanguitarplayers.com\\\/#\\\/schema\\\/logo\\\/image\\\/\",\"url\":\"\",\"contentUrl\":\"\",\"caption\":\"Mexican Guitar Players\"},\"image\":{\"@id\":\"https:\\\/\\\/www.mexicanguitarplayers.com\\\/#\\\/schema\\\/logo\\\/image\\\/\"}}]}<\/script>\n<!-- \/ Yoast SEO plugin. -->","yoast_head_json":{"title":"BATERIA MAXIMA JUNIOR MDJ-50 KYLO - Mexican Guitar Players","description":"BATERIA MAXIMA JUNIOR MDJ-50 KYLO. Bater\u00eda infantil para ni\u00f1os de 6 a 10 a\u00f1os, decorado con motivos de Kylo Ren deStar Wars, incluye bombo de 16\u201d x 10\u201d pulgadas con 12 lugs, toms de aire de 8\u201d x5 y 10\u201d x 6\u201d pulgadas con 4 lugs, tom de piso de 13\u201d x 11\u201d pulgadas con 5 lugs,tarola de 12\u201d x 5\u201d pulgadas con 4 lugs, un platillo de remate de 12\u201d pulgadas,un juego de Hi-Hats de 10\u201d pulgadas, atril de contratiempos, atril de tarola, atril recto de platillo, pedal, baquetas, una llave para afinar e instructivo en espa\u00f1ol.","robots":{"index":"index","follow":"follow","max-snippet":"max-snippet:-1","max-image-preview":"max-image-preview:large","max-video-preview":"max-video-preview:-1"},"canonical":"https:\/\/www.mexicanguitarplayers.com\/en\/tienda\/percusiones\/baterias\/baterias-acusticas\/baterias-infantiles\/bateria-maxima-junior-mdj-50-kylo\/","og_locale":"en_US","og_type":"article","og_title":"BATERIA MAXIMA JUNIOR MDJ-50 KYLO - Mexican Guitar Players","og_description":"BATERIA MAXIMA JUNIOR MDJ-50 KYLO. Bater\u00eda infantil para ni\u00f1os de 6 a 10 a\u00f1os, decorado con motivos de Kylo Ren deStar Wars, incluye bombo de 16\u201d x 10\u201d pulgadas con 12 lugs, toms de aire de 8\u201d x5 y 10\u201d x 6\u201d pulgadas con 4 lugs, tom de piso de 13\u201d x 11\u201d pulgadas con 5 lugs,tarola de 12\u201d x 5\u201d pulgadas con 4 lugs, un platillo de remate de 12\u201d pulgadas,un juego de Hi-Hats de 10\u201d pulgadas, atril de contratiempos, atril de tarola, atril recto de platillo, pedal, baquetas, una llave para afinar e instructivo en espa\u00f1ol.","og_url":"https:\/\/www.mexicanguitarplayers.com\/en\/tienda\/percusiones\/baterias\/baterias-acusticas\/baterias-infantiles\/bateria-maxima-junior-mdj-50-kylo\/","og_site_name":"Mexican Guitar Players","article_modified_time":"2026-04-10T11:25:27+00:00","og_image":[{"width":1200,"height":1200,"url":"https:\/\/www.mexicanguitarplayers.com\/wp-content\/uploads\/2022\/08\/IPMAXMDJ50KYLO-1.jpg","type":"image\/jpeg"}],"twitter_card":"summary_large_image","schema":{"@context":"https:\/\/schema.org","@graph":[{"@type":["WebPage","ItemPage"],"@id":"https:\/\/www.mexicanguitarplayers.com\/tienda\/percusiones\/baterias\/baterias-acusticas\/baterias-infantiles\/bateria-maxima-junior-mdj-50-kylo\/","url":"https:\/\/www.mexicanguitarplayers.com\/tienda\/percusiones\/baterias\/baterias-acusticas\/baterias-infantiles\/bateria-maxima-junior-mdj-50-kylo\/","name":"BATERIA MAXIMA JUNIOR MDJ-50 KYLO - Mexican Guitar Players","isPartOf":{"@id":"https:\/\/www.mexicanguitarplayers.com\/#website"},"primaryImageOfPage":{"@id":"https:\/\/www.mexicanguitarplayers.com\/tienda\/percusiones\/baterias\/baterias-acusticas\/baterias-infantiles\/bateria-maxima-junior-mdj-50-kylo\/#primaryimage"},"image":{"@id":"https:\/\/www.mexicanguitarplayers.com\/tienda\/percusiones\/baterias\/baterias-acusticas\/baterias-infantiles\/bateria-maxima-junior-mdj-50-kylo\/#primaryimage"},"thumbnailUrl":"https:\/\/www.mexicanguitarplayers.com\/wp-content\/uploads\/2022\/08\/IPMAXMDJ50KYLO-1.jpg","datePublished":"2022-08-18T06:13:44+00:00","dateModified":"2026-04-10T11:25:27+00:00","description":"BATERIA MAXIMA JUNIOR MDJ-50 KYLO. Bater\u00eda infantil para ni\u00f1os de 6 a 10 a\u00f1os, decorado con motivos de Kylo Ren deStar Wars, incluye bombo de 16\u201d x 10\u201d pulgadas con 12 lugs, toms de aire de 8\u201d x5 y 10\u201d x 6\u201d pulgadas con 4 lugs, tom de piso de 13\u201d x 11\u201d pulgadas con 5 lugs,tarola de 12\u201d x 5\u201d pulgadas con 4 lugs, un platillo de remate de 12\u201d pulgadas,un juego de Hi-Hats de 10\u201d pulgadas, atril de contratiempos, atril de tarola, atril recto de platillo, pedal, baquetas, una llave para afinar e instructivo en espa\u00f1ol.","breadcrumb":{"@id":"https:\/\/www.mexicanguitarplayers.com\/tienda\/percusiones\/baterias\/baterias-acusticas\/baterias-infantiles\/bateria-maxima-junior-mdj-50-kylo\/#breadcrumb"},"inLanguage":"en-US","potentialAction":[{"@type":"ReadAction","target":["https:\/\/www.mexicanguitarplayers.com\/tienda\/percusiones\/baterias\/baterias-acusticas\/baterias-infantiles\/bateria-maxima-junior-mdj-50-kylo\/"]}]},{"@type":"ImageObject","inLanguage":"en-US","@id":"https:\/\/www.mexicanguitarplayers.com\/tienda\/percusiones\/baterias\/baterias-acusticas\/baterias-infantiles\/bateria-maxima-junior-mdj-50-kylo\/#primaryimage","url":"https:\/\/www.mexicanguitarplayers.com\/wp-content\/uploads\/2022\/08\/IPMAXMDJ50KYLO-1.jpg","contentUrl":"https:\/\/www.mexicanguitarplayers.com\/wp-content\/uploads\/2022\/08\/IPMAXMDJ50KYLO-1.jpg","width":1200,"height":1200},{"@type":"BreadcrumbList","@id":"https:\/\/www.mexicanguitarplayers.com\/tienda\/percusiones\/baterias\/baterias-acusticas\/baterias-infantiles\/bateria-maxima-junior-mdj-50-kylo\/#breadcrumb","itemListElement":[{"@type":"ListItem","position":1,"name":"Portada","item":"https:\/\/www.mexicanguitarplayers.com\/"},{"@type":"ListItem","position":2,"name":"Tienda","item":"https:\/\/www.mexicanguitarplayers.com\/tienda\/"},{"@type":"ListItem","position":3,"name":"BATERIA MAXIMA JUNIOR MDJ-50 KYLO"}]},{"@type":"WebSite","@id":"https:\/\/www.mexicanguitarplayers.com\/#website","url":"https:\/\/www.mexicanguitarplayers.com\/","name":"Mexican Guitar Players","description":"Website","publisher":{"@id":"https:\/\/www.mexicanguitarplayers.com\/#organization"},"potentialAction":[{"@type":"SearchAction","target":{"@type":"EntryPoint","urlTemplate":"https:\/\/www.mexicanguitarplayers.com\/?s={search_term_string}"},"query-input":{"@type":"PropertyValueSpecification","valueRequired":true,"valueName":"search_term_string"}}],"inLanguage":"en-US"},{"@type":"Organization","@id":"https:\/\/www.mexicanguitarplayers.com\/#organization","name":"Mexican Guitar Players","url":"https:\/\/www.mexicanguitarplayers.com\/","logo":{"@type":"ImageObject","inLanguage":"en-US","@id":"https:\/\/www.mexicanguitarplayers.com\/#\/schema\/logo\/image\/","url":"","contentUrl":"","caption":"Mexican Guitar Players"},"image":{"@id":"https:\/\/www.mexicanguitarplayers.com\/#\/schema\/logo\/image\/"}}]}},"brands":[{"id":288,"name":"MAXIMUM","slug":"maxima"}],"_links":{"self":[{"href":"https:\/\/www.mexicanguitarplayers.com\/en\/wp-json\/wp\/v2\/product\/8976","targetHints":{"allow":["GET"]}}],"collection":[{"href":"https:\/\/www.mexicanguitarplayers.com\/en\/wp-json\/wp\/v2\/product"}],"about":[{"href":"https:\/\/www.mexicanguitarplayers.com\/en\/wp-json\/wp\/v2\/types\/product"}],"replies":[{"embeddable":true,"href":"https:\/\/www.mexicanguitarplayers.com\/en\/wp-json\/wp\/v2\/comments?post=8976"}],"wp:featuredmedia":[{"embeddable":true,"href":"https:\/\/www.mexicanguitarplayers.com\/en\/wp-json\/wp\/v2\/media\/22358"}],"wp:attachment":[{"href":"https:\/\/www.mexicanguitarplayers.com\/en\/wp-json\/wp\/v2\/media?parent=8976"}],"wp:term":[{"taxonomy":"pwb-brand","embeddable":true,"href":"https:\/\/www.mexicanguitarplayers.com\/en\/wp-json\/wp\/v2\/pwb-brand?post=8976"},{"taxonomy":"product_brand","embeddable":true,"href":"https:\/\/www.mexicanguitarplayers.com\/en\/wp-json\/wp\/v2\/product_brand?post=8976"},{"taxonomy":"product_cat","embeddable":true,"href":"https:\/\/www.mexicanguitarplayers.com\/en\/wp-json\/wp\/v2\/product_cat?post=8976"},{"taxonomy":"product_tag","embeddable":true,"href":"https:\/\/www.mexicanguitarplayers.com\/en\/wp-json\/wp\/v2\/product_tag?post=8976"}],"curies":[{"name":"wp","href":"https:\/\/api.w.org\/{rel}","templated":true}]}}