{"id":9058,"date":"2022-08-18T01:15:41","date_gmt":"2022-08-18T06:15:41","guid":{"rendered":"https:\/\/www.mexicanguitarplayers.com\/tienda\/sin%20categor\u00eda\/cajon-meinl-ajustable-mod-aetlbe\/"},"modified":"2026-04-10T05:25:08","modified_gmt":"2026-04-10T11:25:08","slug":"cajon-meinl-ajustable-mod-aetlbe","status":"publish","type":"product","link":"https:\/\/www.mexicanguitarplayers.com\/en\/tienda\/percusiones\/percusiones-mayores\/cajones\/cajon-meinl-ajustable-mod-aetlbe\/","title":{"rendered":"MEINL ADJUSTABLE DRAWER MOD. AETLBE"},"content":{"rendered":"<div style=\"text-align: justify\">\n<div>\n<h3>MEINL ADJUSTABLE DRAWER MOD. AETLBE<\/h3>\n<\/div>\n<div>Tango series cajon, two sets of pre-tuned 3 strings, rounded corners and thumb notches for optimal playing comfort and sound, specially formulated soft rubber feet, ergonomically rounded faceplate with convex contact, elegant heat marking on the resonant body, made of Baltic birch and brown eucalyptus plate, natural finish, weight: 4.5 kg.<\/div>\n<\/div>","protected":false},"excerpt":{"rendered":"<p>Cajon serie Tango, dos sets de 3 cuerdas pre ajustadas, esquinas redondeadas y muescas para el pulgar para una comodidad y un sonido \u00f3ptimos al tocar, patas de goma blanda especialmente formulada, placa frontal ergon\u00f3micamente redondeada con contacto convexo, elegante marca de calor en el cuerpo resonante, fabricado con abedul b\u00e1ltico y placa de eucalipto caf\u00e9, terminado natural, peso: 4.5 kg.&hellip; <a class=\"kt-excerpt-readmore more-link\" href=\"https:\/\/www.mexicanguitarplayers.com\/en\/tienda\/percusiones\/percusiones-mayores\/cajones\/cajon-meinl-ajustable-mod-aetlbe\/\">Read more<\/a><\/p>","protected":false},"featured_media":22406,"comment_status":"open","ping_status":"closed","template":"","meta":{"kt_blocks_editor_width":""},"pwb-brand":[290],"product_brand":[],"product_cat":[268,208,267],"product_tag":[],"class_list":{"0":"post-9058","1":"product","2":"type-product","3":"status-publish","4":"has-post-thumbnail","6":"pwb-brand-meinl","7":"product_cat-cajones","8":"product_cat-percusiones","9":"product_cat-percusiones-mayores","10":"product_shipping_class-10-15-kg","12":"first","13":"outofstock","14":"taxable","15":"shipping-taxable","16":"purchasable","17":"product-type-simple"},"yoast_head":"<!-- This site is optimized with the Yoast SEO plugin v27.6 - https:\/\/yoast.com\/product\/yoast-seo-wordpress\/ -->\n<title>CAJON MEINL AJUSTABLE MOD. AETLBE - Mexican Guitar Players<\/title>\n<meta name=\"description\" content=\"CAJON MEINL AJUSTABLE MOD. AETLBE. Cajon serie Tango, dos sets de 3 cuerdas pre ajustadas, esquinas redondeadas y muescas para el pulgar para una comodidad y un sonido \u00f3ptimos al tocar, patas de goma blanda especialmente formulada, placa frontal ergon\u00f3micamente redondeada con contacto convexo, elegante marca de calor en el cuerpo resonante, fabricado con abedul b\u00e1ltico y placa de eucalipto caf\u00e9, terminado natural, peso: 4.5 kg.\" \/>\n<meta name=\"robots\" content=\"index, follow, max-snippet:-1, max-image-preview:large, max-video-preview:-1\" \/>\n<link rel=\"canonical\" href=\"https:\/\/www.mexicanguitarplayers.com\/en\/tienda\/percusiones\/percusiones-mayores\/cajones\/cajon-meinl-ajustable-mod-aetlbe\/\" \/>\n<meta property=\"og:locale\" content=\"en_US\" \/>\n<meta property=\"og:type\" content=\"article\" \/>\n<meta property=\"og:title\" content=\"CAJON MEINL AJUSTABLE MOD. AETLBE - Mexican Guitar Players\" \/>\n<meta property=\"og:description\" content=\"CAJON MEINL AJUSTABLE MOD. AETLBE. Cajon serie Tango, dos sets de 3 cuerdas pre ajustadas, esquinas redondeadas y muescas para el pulgar para una comodidad y un sonido \u00f3ptimos al tocar, patas de goma blanda especialmente formulada, placa frontal ergon\u00f3micamente redondeada con contacto convexo, elegante marca de calor en el cuerpo resonante, fabricado con abedul b\u00e1ltico y placa de eucalipto caf\u00e9, terminado natural, peso: 4.5 kg.\" \/>\n<meta property=\"og:url\" content=\"https:\/\/www.mexicanguitarplayers.com\/en\/tienda\/percusiones\/percusiones-mayores\/cajones\/cajon-meinl-ajustable-mod-aetlbe\/\" \/>\n<meta property=\"og:site_name\" content=\"Mexican Guitar Players\" \/>\n<meta property=\"article:modified_time\" content=\"2026-04-10T11:25:08+00:00\" \/>\n<meta property=\"og:image\" content=\"https:\/\/www.mexicanguitarplayers.com\/wp-content\/uploads\/2022\/08\/IPMEIAETLBE-1.jpg\" \/>\n\t<meta property=\"og:image:width\" content=\"1200\" \/>\n\t<meta property=\"og:image:height\" content=\"1200\" \/>\n\t<meta property=\"og:image:type\" content=\"image\/jpeg\" \/>\n<meta name=\"twitter:card\" content=\"summary_large_image\" \/>\n<script type=\"application\/ld+json\" class=\"yoast-schema-graph\">{\"@context\":\"https:\\\/\\\/schema.org\",\"@graph\":[{\"@type\":[\"WebPage\",\"ItemPage\"],\"@id\":\"https:\\\/\\\/www.mexicanguitarplayers.com\\\/tienda\\\/percusiones\\\/percusiones-mayores\\\/cajones\\\/cajon-meinl-ajustable-mod-aetlbe\\\/\",\"url\":\"https:\\\/\\\/www.mexicanguitarplayers.com\\\/tienda\\\/percusiones\\\/percusiones-mayores\\\/cajones\\\/cajon-meinl-ajustable-mod-aetlbe\\\/\",\"name\":\"CAJON MEINL AJUSTABLE MOD. AETLBE - Mexican Guitar Players\",\"isPartOf\":{\"@id\":\"https:\\\/\\\/www.mexicanguitarplayers.com\\\/#website\"},\"primaryImageOfPage\":{\"@id\":\"https:\\\/\\\/www.mexicanguitarplayers.com\\\/tienda\\\/percusiones\\\/percusiones-mayores\\\/cajones\\\/cajon-meinl-ajustable-mod-aetlbe\\\/#primaryimage\"},\"image\":{\"@id\":\"https:\\\/\\\/www.mexicanguitarplayers.com\\\/tienda\\\/percusiones\\\/percusiones-mayores\\\/cajones\\\/cajon-meinl-ajustable-mod-aetlbe\\\/#primaryimage\"},\"thumbnailUrl\":\"https:\\\/\\\/www.mexicanguitarplayers.com\\\/wp-content\\\/uploads\\\/2022\\\/08\\\/IPMEIAETLBE-1.jpg\",\"datePublished\":\"2022-08-18T06:15:41+00:00\",\"dateModified\":\"2026-04-10T11:25:08+00:00\",\"description\":\"CAJON MEINL AJUSTABLE MOD. AETLBE. Cajon serie Tango, dos sets de 3 cuerdas pre ajustadas, esquinas redondeadas y muescas para el pulgar para una comodidad y un sonido \u00f3ptimos al tocar, patas de goma blanda especialmente formulada, placa frontal ergon\u00f3micamente redondeada con contacto convexo, elegante marca de calor en el cuerpo resonante, fabricado con abedul b\u00e1ltico y placa de eucalipto caf\u00e9, terminado natural, peso: 4.5 kg.\",\"breadcrumb\":{\"@id\":\"https:\\\/\\\/www.mexicanguitarplayers.com\\\/tienda\\\/percusiones\\\/percusiones-mayores\\\/cajones\\\/cajon-meinl-ajustable-mod-aetlbe\\\/#breadcrumb\"},\"inLanguage\":\"en-US\",\"potentialAction\":[{\"@type\":\"ReadAction\",\"target\":[\"https:\\\/\\\/www.mexicanguitarplayers.com\\\/tienda\\\/percusiones\\\/percusiones-mayores\\\/cajones\\\/cajon-meinl-ajustable-mod-aetlbe\\\/\"]}]},{\"@type\":\"ImageObject\",\"inLanguage\":\"en-US\",\"@id\":\"https:\\\/\\\/www.mexicanguitarplayers.com\\\/tienda\\\/percusiones\\\/percusiones-mayores\\\/cajones\\\/cajon-meinl-ajustable-mod-aetlbe\\\/#primaryimage\",\"url\":\"https:\\\/\\\/www.mexicanguitarplayers.com\\\/wp-content\\\/uploads\\\/2022\\\/08\\\/IPMEIAETLBE-1.jpg\",\"contentUrl\":\"https:\\\/\\\/www.mexicanguitarplayers.com\\\/wp-content\\\/uploads\\\/2022\\\/08\\\/IPMEIAETLBE-1.jpg\",\"width\":1200,\"height\":1200},{\"@type\":\"BreadcrumbList\",\"@id\":\"https:\\\/\\\/www.mexicanguitarplayers.com\\\/tienda\\\/percusiones\\\/percusiones-mayores\\\/cajones\\\/cajon-meinl-ajustable-mod-aetlbe\\\/#breadcrumb\",\"itemListElement\":[{\"@type\":\"ListItem\",\"position\":1,\"name\":\"Portada\",\"item\":\"https:\\\/\\\/www.mexicanguitarplayers.com\\\/\"},{\"@type\":\"ListItem\",\"position\":2,\"name\":\"Tienda\",\"item\":\"https:\\\/\\\/www.mexicanguitarplayers.com\\\/tienda\\\/\"},{\"@type\":\"ListItem\",\"position\":3,\"name\":\"CAJON MEINL AJUSTABLE MOD. AETLBE\"}]},{\"@type\":\"WebSite\",\"@id\":\"https:\\\/\\\/www.mexicanguitarplayers.com\\\/#website\",\"url\":\"https:\\\/\\\/www.mexicanguitarplayers.com\\\/\",\"name\":\"Mexican Guitar Players\",\"description\":\"Website\",\"publisher\":{\"@id\":\"https:\\\/\\\/www.mexicanguitarplayers.com\\\/#organization\"},\"potentialAction\":[{\"@type\":\"SearchAction\",\"target\":{\"@type\":\"EntryPoint\",\"urlTemplate\":\"https:\\\/\\\/www.mexicanguitarplayers.com\\\/?s={search_term_string}\"},\"query-input\":{\"@type\":\"PropertyValueSpecification\",\"valueRequired\":true,\"valueName\":\"search_term_string\"}}],\"inLanguage\":\"en-US\"},{\"@type\":\"Organization\",\"@id\":\"https:\\\/\\\/www.mexicanguitarplayers.com\\\/#organization\",\"name\":\"Mexican Guitar Players\",\"url\":\"https:\\\/\\\/www.mexicanguitarplayers.com\\\/\",\"logo\":{\"@type\":\"ImageObject\",\"inLanguage\":\"en-US\",\"@id\":\"https:\\\/\\\/www.mexicanguitarplayers.com\\\/#\\\/schema\\\/logo\\\/image\\\/\",\"url\":\"\",\"contentUrl\":\"\",\"caption\":\"Mexican Guitar Players\"},\"image\":{\"@id\":\"https:\\\/\\\/www.mexicanguitarplayers.com\\\/#\\\/schema\\\/logo\\\/image\\\/\"}}]}<\/script>\n<!-- \/ Yoast SEO plugin. -->","yoast_head_json":{"title":"CAJON MEINL AJUSTABLE MOD. AETLBE - Mexican Guitar Players","description":"CAJON MEINL AJUSTABLE MOD. AETLBE. Cajon serie Tango, dos sets de 3 cuerdas pre ajustadas, esquinas redondeadas y muescas para el pulgar para una comodidad y un sonido \u00f3ptimos al tocar, patas de goma blanda especialmente formulada, placa frontal ergon\u00f3micamente redondeada con contacto convexo, elegante marca de calor en el cuerpo resonante, fabricado con abedul b\u00e1ltico y placa de eucalipto caf\u00e9, terminado natural, peso: 4.5 kg.","robots":{"index":"index","follow":"follow","max-snippet":"max-snippet:-1","max-image-preview":"max-image-preview:large","max-video-preview":"max-video-preview:-1"},"canonical":"https:\/\/www.mexicanguitarplayers.com\/en\/tienda\/percusiones\/percusiones-mayores\/cajones\/cajon-meinl-ajustable-mod-aetlbe\/","og_locale":"en_US","og_type":"article","og_title":"CAJON MEINL AJUSTABLE MOD. AETLBE - Mexican Guitar Players","og_description":"CAJON MEINL AJUSTABLE MOD. AETLBE. Cajon serie Tango, dos sets de 3 cuerdas pre ajustadas, esquinas redondeadas y muescas para el pulgar para una comodidad y un sonido \u00f3ptimos al tocar, patas de goma blanda especialmente formulada, placa frontal ergon\u00f3micamente redondeada con contacto convexo, elegante marca de calor en el cuerpo resonante, fabricado con abedul b\u00e1ltico y placa de eucalipto caf\u00e9, terminado natural, peso: 4.5 kg.","og_url":"https:\/\/www.mexicanguitarplayers.com\/en\/tienda\/percusiones\/percusiones-mayores\/cajones\/cajon-meinl-ajustable-mod-aetlbe\/","og_site_name":"Mexican Guitar Players","article_modified_time":"2026-04-10T11:25:08+00:00","og_image":[{"width":1200,"height":1200,"url":"https:\/\/www.mexicanguitarplayers.com\/wp-content\/uploads\/2022\/08\/IPMEIAETLBE-1.jpg","type":"image\/jpeg"}],"twitter_card":"summary_large_image","schema":{"@context":"https:\/\/schema.org","@graph":[{"@type":["WebPage","ItemPage"],"@id":"https:\/\/www.mexicanguitarplayers.com\/tienda\/percusiones\/percusiones-mayores\/cajones\/cajon-meinl-ajustable-mod-aetlbe\/","url":"https:\/\/www.mexicanguitarplayers.com\/tienda\/percusiones\/percusiones-mayores\/cajones\/cajon-meinl-ajustable-mod-aetlbe\/","name":"CAJON MEINL AJUSTABLE MOD. AETLBE - Mexican Guitar Players","isPartOf":{"@id":"https:\/\/www.mexicanguitarplayers.com\/#website"},"primaryImageOfPage":{"@id":"https:\/\/www.mexicanguitarplayers.com\/tienda\/percusiones\/percusiones-mayores\/cajones\/cajon-meinl-ajustable-mod-aetlbe\/#primaryimage"},"image":{"@id":"https:\/\/www.mexicanguitarplayers.com\/tienda\/percusiones\/percusiones-mayores\/cajones\/cajon-meinl-ajustable-mod-aetlbe\/#primaryimage"},"thumbnailUrl":"https:\/\/www.mexicanguitarplayers.com\/wp-content\/uploads\/2022\/08\/IPMEIAETLBE-1.jpg","datePublished":"2022-08-18T06:15:41+00:00","dateModified":"2026-04-10T11:25:08+00:00","description":"CAJON MEINL AJUSTABLE MOD. AETLBE. Cajon serie Tango, dos sets de 3 cuerdas pre ajustadas, esquinas redondeadas y muescas para el pulgar para una comodidad y un sonido \u00f3ptimos al tocar, patas de goma blanda especialmente formulada, placa frontal ergon\u00f3micamente redondeada con contacto convexo, elegante marca de calor en el cuerpo resonante, fabricado con abedul b\u00e1ltico y placa de eucalipto caf\u00e9, terminado natural, peso: 4.5 kg.","breadcrumb":{"@id":"https:\/\/www.mexicanguitarplayers.com\/tienda\/percusiones\/percusiones-mayores\/cajones\/cajon-meinl-ajustable-mod-aetlbe\/#breadcrumb"},"inLanguage":"en-US","potentialAction":[{"@type":"ReadAction","target":["https:\/\/www.mexicanguitarplayers.com\/tienda\/percusiones\/percusiones-mayores\/cajones\/cajon-meinl-ajustable-mod-aetlbe\/"]}]},{"@type":"ImageObject","inLanguage":"en-US","@id":"https:\/\/www.mexicanguitarplayers.com\/tienda\/percusiones\/percusiones-mayores\/cajones\/cajon-meinl-ajustable-mod-aetlbe\/#primaryimage","url":"https:\/\/www.mexicanguitarplayers.com\/wp-content\/uploads\/2022\/08\/IPMEIAETLBE-1.jpg","contentUrl":"https:\/\/www.mexicanguitarplayers.com\/wp-content\/uploads\/2022\/08\/IPMEIAETLBE-1.jpg","width":1200,"height":1200},{"@type":"BreadcrumbList","@id":"https:\/\/www.mexicanguitarplayers.com\/tienda\/percusiones\/percusiones-mayores\/cajones\/cajon-meinl-ajustable-mod-aetlbe\/#breadcrumb","itemListElement":[{"@type":"ListItem","position":1,"name":"Portada","item":"https:\/\/www.mexicanguitarplayers.com\/"},{"@type":"ListItem","position":2,"name":"Tienda","item":"https:\/\/www.mexicanguitarplayers.com\/tienda\/"},{"@type":"ListItem","position":3,"name":"CAJON MEINL AJUSTABLE MOD. AETLBE"}]},{"@type":"WebSite","@id":"https:\/\/www.mexicanguitarplayers.com\/#website","url":"https:\/\/www.mexicanguitarplayers.com\/","name":"Mexican Guitar Players","description":"Website","publisher":{"@id":"https:\/\/www.mexicanguitarplayers.com\/#organization"},"potentialAction":[{"@type":"SearchAction","target":{"@type":"EntryPoint","urlTemplate":"https:\/\/www.mexicanguitarplayers.com\/?s={search_term_string}"},"query-input":{"@type":"PropertyValueSpecification","valueRequired":true,"valueName":"search_term_string"}}],"inLanguage":"en-US"},{"@type":"Organization","@id":"https:\/\/www.mexicanguitarplayers.com\/#organization","name":"Mexican Guitar Players","url":"https:\/\/www.mexicanguitarplayers.com\/","logo":{"@type":"ImageObject","inLanguage":"en-US","@id":"https:\/\/www.mexicanguitarplayers.com\/#\/schema\/logo\/image\/","url":"","contentUrl":"","caption":"Mexican Guitar Players"},"image":{"@id":"https:\/\/www.mexicanguitarplayers.com\/#\/schema\/logo\/image\/"}}]}},"brands":[{"id":290,"name":"MEINL","slug":"meinl"}],"_links":{"self":[{"href":"https:\/\/www.mexicanguitarplayers.com\/en\/wp-json\/wp\/v2\/product\/9058","targetHints":{"allow":["GET"]}}],"collection":[{"href":"https:\/\/www.mexicanguitarplayers.com\/en\/wp-json\/wp\/v2\/product"}],"about":[{"href":"https:\/\/www.mexicanguitarplayers.com\/en\/wp-json\/wp\/v2\/types\/product"}],"replies":[{"embeddable":true,"href":"https:\/\/www.mexicanguitarplayers.com\/en\/wp-json\/wp\/v2\/comments?post=9058"}],"wp:featuredmedia":[{"embeddable":true,"href":"https:\/\/www.mexicanguitarplayers.com\/en\/wp-json\/wp\/v2\/media\/22406"}],"wp:attachment":[{"href":"https:\/\/www.mexicanguitarplayers.com\/en\/wp-json\/wp\/v2\/media?parent=9058"}],"wp:term":[{"taxonomy":"pwb-brand","embeddable":true,"href":"https:\/\/www.mexicanguitarplayers.com\/en\/wp-json\/wp\/v2\/pwb-brand?post=9058"},{"taxonomy":"product_brand","embeddable":true,"href":"https:\/\/www.mexicanguitarplayers.com\/en\/wp-json\/wp\/v2\/product_brand?post=9058"},{"taxonomy":"product_cat","embeddable":true,"href":"https:\/\/www.mexicanguitarplayers.com\/en\/wp-json\/wp\/v2\/product_cat?post=9058"},{"taxonomy":"product_tag","embeddable":true,"href":"https:\/\/www.mexicanguitarplayers.com\/en\/wp-json\/wp\/v2\/product_tag?post=9058"}],"curies":[{"name":"wp","href":"https:\/\/api.w.org\/{rel}","templated":true}]}}