{"id":9130,"date":"2022-08-18T01:17:12","date_gmt":"2022-08-18T06:17:12","guid":{"rendered":"https:\/\/www.mexicanguitarplayers.com\/tienda\/sin%20categor\u00eda\/platillo-meinl-16-mod-b-16edtc\/"},"modified":"2026-04-10T05:24:51","modified_gmt":"2026-04-10T11:24:51","slug":"platillo-meinl-16-mod-b-16edtc","status":"publish","type":"product","link":"https:\/\/www.mexicanguitarplayers.com\/en\/tienda\/percusiones\/platillos\/crashes\/platillo-meinl-16-mod-b-16edtc\/","title":{"rendered":"MEINL SAUCER 16 MOD. B-16EDTC"},"content":{"rendered":"<div style=\"text-align: justify\">\n<div>\n<h3>MEINL SAUCER 16 MOD. B-16EDTC<\/h3>\n<\/div>\n<div>16\u201d inch crash cymbal, Byzance Extra Dry series, extremely dry sound and low tone, smooth response with fast decay creating overall dryness, dark timbre, dry and esoteric character, low tone, low volume, short sustain, thin weight, finished raw, made of B20 bronze alloy, without turning.<\/div>\n<\/div>","protected":false},"excerpt":{"rendered":"<p>Platillo crash de 16\u201d pulgadas, serie Byzance Extra Dry, sonido extremadamente seco y tono grave, respuesta suave con decadencia r\u00e1pida que crea sequedad general, timbre oscuro, car\u00e1cter seco y esot\u00e9rico, tono grave, volumen bajo, sustain corto, peso delgado, terminado crudo, fabricado con aleaci\u00f3n de bronce B20, sin torneado.&hellip; <a class=\"kt-excerpt-readmore more-link\" href=\"https:\/\/www.mexicanguitarplayers.com\/en\/tienda\/percusiones\/platillos\/crashes\/platillo-meinl-16-mod-b-16edtc\/\">Read more<\/a><\/p>","protected":false},"featured_media":22442,"comment_status":"open","ping_status":"closed","template":"","meta":{"kt_blocks_editor_width":""},"pwb-brand":[290],"product_brand":[],"product_cat":[285,208,260],"product_tag":[],"class_list":{"0":"post-9130","1":"product","2":"type-product","3":"status-publish","4":"has-post-thumbnail","6":"pwb-brand-meinl","7":"product_cat-crashes","8":"product_cat-percusiones","9":"product_cat-platillos","10":"product_shipping_class-0-5-kg","12":"first","13":"outofstock","14":"taxable","15":"shipping-taxable","16":"purchasable","17":"product-type-simple"},"yoast_head":"<!-- This site is optimized with the Yoast SEO plugin v27.6 - https:\/\/yoast.com\/product\/yoast-seo-wordpress\/ -->\n<title>PLATILLO MEINL 16 MOD. B-16EDTC - Mexican Guitar Players<\/title>\n<meta name=\"description\" content=\"PLATILLO MEINL 16 MOD. B-16EDTC. Platillo crash de 16\u201d pulgadas, serie Byzance Extra Dry, sonido extremadamente seco y tono grave, respuesta suave con decadencia r\u00e1pida que crea sequedad general, timbre oscuro, car\u00e1cter seco y esot\u00e9rico, tono grave, volumen bajo, sustain corto, peso delgado, terminado crudo, fabricado con aleaci\u00f3n de bronce B20, sin torneado.\" \/>\n<meta name=\"robots\" content=\"index, follow, max-snippet:-1, max-image-preview:large, max-video-preview:-1\" \/>\n<link rel=\"canonical\" href=\"https:\/\/www.mexicanguitarplayers.com\/en\/tienda\/percusiones\/platillos\/crashes\/platillo-meinl-16-mod-b-16edtc\/\" \/>\n<meta property=\"og:locale\" content=\"en_US\" \/>\n<meta property=\"og:type\" content=\"article\" \/>\n<meta property=\"og:title\" content=\"PLATILLO MEINL 16 MOD. B-16EDTC - Mexican Guitar Players\" \/>\n<meta property=\"og:description\" content=\"PLATILLO MEINL 16 MOD. B-16EDTC. Platillo crash de 16\u201d pulgadas, serie Byzance Extra Dry, sonido extremadamente seco y tono grave, respuesta suave con decadencia r\u00e1pida que crea sequedad general, timbre oscuro, car\u00e1cter seco y esot\u00e9rico, tono grave, volumen bajo, sustain corto, peso delgado, terminado crudo, fabricado con aleaci\u00f3n de bronce B20, sin torneado.\" \/>\n<meta property=\"og:url\" content=\"https:\/\/www.mexicanguitarplayers.com\/en\/tienda\/percusiones\/platillos\/crashes\/platillo-meinl-16-mod-b-16edtc\/\" \/>\n<meta property=\"og:site_name\" content=\"Mexican Guitar Players\" \/>\n<meta property=\"article:modified_time\" content=\"2026-04-10T11:24:51+00:00\" \/>\n<meta property=\"og:image\" content=\"https:\/\/www.mexicanguitarplayers.com\/wp-content\/uploads\/2022\/08\/IPMEIB16EDTC-1.jpg\" \/>\n\t<meta property=\"og:image:width\" content=\"1200\" \/>\n\t<meta property=\"og:image:height\" content=\"1200\" \/>\n\t<meta property=\"og:image:type\" content=\"image\/jpeg\" \/>\n<meta name=\"twitter:card\" content=\"summary_large_image\" \/>\n<script type=\"application\/ld+json\" class=\"yoast-schema-graph\">{\"@context\":\"https:\\\/\\\/schema.org\",\"@graph\":[{\"@type\":[\"WebPage\",\"ItemPage\"],\"@id\":\"https:\\\/\\\/www.mexicanguitarplayers.com\\\/tienda\\\/percusiones\\\/platillos\\\/crashes\\\/platillo-meinl-16-mod-b-16edtc\\\/\",\"url\":\"https:\\\/\\\/www.mexicanguitarplayers.com\\\/tienda\\\/percusiones\\\/platillos\\\/crashes\\\/platillo-meinl-16-mod-b-16edtc\\\/\",\"name\":\"PLATILLO MEINL 16 MOD. B-16EDTC - Mexican Guitar Players\",\"isPartOf\":{\"@id\":\"https:\\\/\\\/www.mexicanguitarplayers.com\\\/#website\"},\"primaryImageOfPage\":{\"@id\":\"https:\\\/\\\/www.mexicanguitarplayers.com\\\/tienda\\\/percusiones\\\/platillos\\\/crashes\\\/platillo-meinl-16-mod-b-16edtc\\\/#primaryimage\"},\"image\":{\"@id\":\"https:\\\/\\\/www.mexicanguitarplayers.com\\\/tienda\\\/percusiones\\\/platillos\\\/crashes\\\/platillo-meinl-16-mod-b-16edtc\\\/#primaryimage\"},\"thumbnailUrl\":\"https:\\\/\\\/www.mexicanguitarplayers.com\\\/wp-content\\\/uploads\\\/2022\\\/08\\\/IPMEIB16EDTC-1.jpg\",\"datePublished\":\"2022-08-18T06:17:12+00:00\",\"dateModified\":\"2026-04-10T11:24:51+00:00\",\"description\":\"PLATILLO MEINL 16 MOD. B-16EDTC. Platillo crash de 16\u201d pulgadas, serie Byzance Extra Dry, sonido extremadamente seco y tono grave, respuesta suave con decadencia r\u00e1pida que crea sequedad general, timbre oscuro, car\u00e1cter seco y esot\u00e9rico, tono grave, volumen bajo, sustain corto, peso delgado, terminado crudo, fabricado con aleaci\u00f3n de bronce B20, sin torneado.\",\"breadcrumb\":{\"@id\":\"https:\\\/\\\/www.mexicanguitarplayers.com\\\/tienda\\\/percusiones\\\/platillos\\\/crashes\\\/platillo-meinl-16-mod-b-16edtc\\\/#breadcrumb\"},\"inLanguage\":\"en-US\",\"potentialAction\":[{\"@type\":\"ReadAction\",\"target\":[\"https:\\\/\\\/www.mexicanguitarplayers.com\\\/tienda\\\/percusiones\\\/platillos\\\/crashes\\\/platillo-meinl-16-mod-b-16edtc\\\/\"]}]},{\"@type\":\"ImageObject\",\"inLanguage\":\"en-US\",\"@id\":\"https:\\\/\\\/www.mexicanguitarplayers.com\\\/tienda\\\/percusiones\\\/platillos\\\/crashes\\\/platillo-meinl-16-mod-b-16edtc\\\/#primaryimage\",\"url\":\"https:\\\/\\\/www.mexicanguitarplayers.com\\\/wp-content\\\/uploads\\\/2022\\\/08\\\/IPMEIB16EDTC-1.jpg\",\"contentUrl\":\"https:\\\/\\\/www.mexicanguitarplayers.com\\\/wp-content\\\/uploads\\\/2022\\\/08\\\/IPMEIB16EDTC-1.jpg\",\"width\":1200,\"height\":1200},{\"@type\":\"BreadcrumbList\",\"@id\":\"https:\\\/\\\/www.mexicanguitarplayers.com\\\/tienda\\\/percusiones\\\/platillos\\\/crashes\\\/platillo-meinl-16-mod-b-16edtc\\\/#breadcrumb\",\"itemListElement\":[{\"@type\":\"ListItem\",\"position\":1,\"name\":\"Portada\",\"item\":\"https:\\\/\\\/www.mexicanguitarplayers.com\\\/\"},{\"@type\":\"ListItem\",\"position\":2,\"name\":\"Tienda\",\"item\":\"https:\\\/\\\/www.mexicanguitarplayers.com\\\/tienda\\\/\"},{\"@type\":\"ListItem\",\"position\":3,\"name\":\"PLATILLO MEINL 16 MOD. B-16EDTC\"}]},{\"@type\":\"WebSite\",\"@id\":\"https:\\\/\\\/www.mexicanguitarplayers.com\\\/#website\",\"url\":\"https:\\\/\\\/www.mexicanguitarplayers.com\\\/\",\"name\":\"Mexican Guitar Players\",\"description\":\"Website\",\"publisher\":{\"@id\":\"https:\\\/\\\/www.mexicanguitarplayers.com\\\/#organization\"},\"potentialAction\":[{\"@type\":\"SearchAction\",\"target\":{\"@type\":\"EntryPoint\",\"urlTemplate\":\"https:\\\/\\\/www.mexicanguitarplayers.com\\\/?s={search_term_string}\"},\"query-input\":{\"@type\":\"PropertyValueSpecification\",\"valueRequired\":true,\"valueName\":\"search_term_string\"}}],\"inLanguage\":\"en-US\"},{\"@type\":\"Organization\",\"@id\":\"https:\\\/\\\/www.mexicanguitarplayers.com\\\/#organization\",\"name\":\"Mexican Guitar Players\",\"url\":\"https:\\\/\\\/www.mexicanguitarplayers.com\\\/\",\"logo\":{\"@type\":\"ImageObject\",\"inLanguage\":\"en-US\",\"@id\":\"https:\\\/\\\/www.mexicanguitarplayers.com\\\/#\\\/schema\\\/logo\\\/image\\\/\",\"url\":\"\",\"contentUrl\":\"\",\"caption\":\"Mexican Guitar Players\"},\"image\":{\"@id\":\"https:\\\/\\\/www.mexicanguitarplayers.com\\\/#\\\/schema\\\/logo\\\/image\\\/\"}}]}<\/script>\n<!-- \/ Yoast SEO plugin. -->","yoast_head_json":{"title":"PLATILLO MEINL 16 MOD. B-16EDTC - Mexican Guitar Players","description":"PLATILLO MEINL 16 MOD. B-16EDTC. Platillo crash de 16\u201d pulgadas, serie Byzance Extra Dry, sonido extremadamente seco y tono grave, respuesta suave con decadencia r\u00e1pida que crea sequedad general, timbre oscuro, car\u00e1cter seco y esot\u00e9rico, tono grave, volumen bajo, sustain corto, peso delgado, terminado crudo, fabricado con aleaci\u00f3n de bronce B20, sin torneado.","robots":{"index":"index","follow":"follow","max-snippet":"max-snippet:-1","max-image-preview":"max-image-preview:large","max-video-preview":"max-video-preview:-1"},"canonical":"https:\/\/www.mexicanguitarplayers.com\/en\/tienda\/percusiones\/platillos\/crashes\/platillo-meinl-16-mod-b-16edtc\/","og_locale":"en_US","og_type":"article","og_title":"PLATILLO MEINL 16 MOD. B-16EDTC - Mexican Guitar Players","og_description":"PLATILLO MEINL 16 MOD. B-16EDTC. Platillo crash de 16\u201d pulgadas, serie Byzance Extra Dry, sonido extremadamente seco y tono grave, respuesta suave con decadencia r\u00e1pida que crea sequedad general, timbre oscuro, car\u00e1cter seco y esot\u00e9rico, tono grave, volumen bajo, sustain corto, peso delgado, terminado crudo, fabricado con aleaci\u00f3n de bronce B20, sin torneado.","og_url":"https:\/\/www.mexicanguitarplayers.com\/en\/tienda\/percusiones\/platillos\/crashes\/platillo-meinl-16-mod-b-16edtc\/","og_site_name":"Mexican Guitar Players","article_modified_time":"2026-04-10T11:24:51+00:00","og_image":[{"width":1200,"height":1200,"url":"https:\/\/www.mexicanguitarplayers.com\/wp-content\/uploads\/2022\/08\/IPMEIB16EDTC-1.jpg","type":"image\/jpeg"}],"twitter_card":"summary_large_image","schema":{"@context":"https:\/\/schema.org","@graph":[{"@type":["WebPage","ItemPage"],"@id":"https:\/\/www.mexicanguitarplayers.com\/tienda\/percusiones\/platillos\/crashes\/platillo-meinl-16-mod-b-16edtc\/","url":"https:\/\/www.mexicanguitarplayers.com\/tienda\/percusiones\/platillos\/crashes\/platillo-meinl-16-mod-b-16edtc\/","name":"PLATILLO MEINL 16 MOD. B-16EDTC - Mexican Guitar Players","isPartOf":{"@id":"https:\/\/www.mexicanguitarplayers.com\/#website"},"primaryImageOfPage":{"@id":"https:\/\/www.mexicanguitarplayers.com\/tienda\/percusiones\/platillos\/crashes\/platillo-meinl-16-mod-b-16edtc\/#primaryimage"},"image":{"@id":"https:\/\/www.mexicanguitarplayers.com\/tienda\/percusiones\/platillos\/crashes\/platillo-meinl-16-mod-b-16edtc\/#primaryimage"},"thumbnailUrl":"https:\/\/www.mexicanguitarplayers.com\/wp-content\/uploads\/2022\/08\/IPMEIB16EDTC-1.jpg","datePublished":"2022-08-18T06:17:12+00:00","dateModified":"2026-04-10T11:24:51+00:00","description":"PLATILLO MEINL 16 MOD. B-16EDTC. Platillo crash de 16\u201d pulgadas, serie Byzance Extra Dry, sonido extremadamente seco y tono grave, respuesta suave con decadencia r\u00e1pida que crea sequedad general, timbre oscuro, car\u00e1cter seco y esot\u00e9rico, tono grave, volumen bajo, sustain corto, peso delgado, terminado crudo, fabricado con aleaci\u00f3n de bronce B20, sin torneado.","breadcrumb":{"@id":"https:\/\/www.mexicanguitarplayers.com\/tienda\/percusiones\/platillos\/crashes\/platillo-meinl-16-mod-b-16edtc\/#breadcrumb"},"inLanguage":"en-US","potentialAction":[{"@type":"ReadAction","target":["https:\/\/www.mexicanguitarplayers.com\/tienda\/percusiones\/platillos\/crashes\/platillo-meinl-16-mod-b-16edtc\/"]}]},{"@type":"ImageObject","inLanguage":"en-US","@id":"https:\/\/www.mexicanguitarplayers.com\/tienda\/percusiones\/platillos\/crashes\/platillo-meinl-16-mod-b-16edtc\/#primaryimage","url":"https:\/\/www.mexicanguitarplayers.com\/wp-content\/uploads\/2022\/08\/IPMEIB16EDTC-1.jpg","contentUrl":"https:\/\/www.mexicanguitarplayers.com\/wp-content\/uploads\/2022\/08\/IPMEIB16EDTC-1.jpg","width":1200,"height":1200},{"@type":"BreadcrumbList","@id":"https:\/\/www.mexicanguitarplayers.com\/tienda\/percusiones\/platillos\/crashes\/platillo-meinl-16-mod-b-16edtc\/#breadcrumb","itemListElement":[{"@type":"ListItem","position":1,"name":"Portada","item":"https:\/\/www.mexicanguitarplayers.com\/"},{"@type":"ListItem","position":2,"name":"Tienda","item":"https:\/\/www.mexicanguitarplayers.com\/tienda\/"},{"@type":"ListItem","position":3,"name":"PLATILLO MEINL 16 MOD. B-16EDTC"}]},{"@type":"WebSite","@id":"https:\/\/www.mexicanguitarplayers.com\/#website","url":"https:\/\/www.mexicanguitarplayers.com\/","name":"Mexican Guitar Players","description":"Website","publisher":{"@id":"https:\/\/www.mexicanguitarplayers.com\/#organization"},"potentialAction":[{"@type":"SearchAction","target":{"@type":"EntryPoint","urlTemplate":"https:\/\/www.mexicanguitarplayers.com\/?s={search_term_string}"},"query-input":{"@type":"PropertyValueSpecification","valueRequired":true,"valueName":"search_term_string"}}],"inLanguage":"en-US"},{"@type":"Organization","@id":"https:\/\/www.mexicanguitarplayers.com\/#organization","name":"Mexican Guitar Players","url":"https:\/\/www.mexicanguitarplayers.com\/","logo":{"@type":"ImageObject","inLanguage":"en-US","@id":"https:\/\/www.mexicanguitarplayers.com\/#\/schema\/logo\/image\/","url":"","contentUrl":"","caption":"Mexican Guitar Players"},"image":{"@id":"https:\/\/www.mexicanguitarplayers.com\/#\/schema\/logo\/image\/"}}]}},"brands":[{"id":290,"name":"MEINL","slug":"meinl"}],"_links":{"self":[{"href":"https:\/\/www.mexicanguitarplayers.com\/en\/wp-json\/wp\/v2\/product\/9130","targetHints":{"allow":["GET"]}}],"collection":[{"href":"https:\/\/www.mexicanguitarplayers.com\/en\/wp-json\/wp\/v2\/product"}],"about":[{"href":"https:\/\/www.mexicanguitarplayers.com\/en\/wp-json\/wp\/v2\/types\/product"}],"replies":[{"embeddable":true,"href":"https:\/\/www.mexicanguitarplayers.com\/en\/wp-json\/wp\/v2\/comments?post=9130"}],"wp:featuredmedia":[{"embeddable":true,"href":"https:\/\/www.mexicanguitarplayers.com\/en\/wp-json\/wp\/v2\/media\/22442"}],"wp:attachment":[{"href":"https:\/\/www.mexicanguitarplayers.com\/en\/wp-json\/wp\/v2\/media?parent=9130"}],"wp:term":[{"taxonomy":"pwb-brand","embeddable":true,"href":"https:\/\/www.mexicanguitarplayers.com\/en\/wp-json\/wp\/v2\/pwb-brand?post=9130"},{"taxonomy":"product_brand","embeddable":true,"href":"https:\/\/www.mexicanguitarplayers.com\/en\/wp-json\/wp\/v2\/product_brand?post=9130"},{"taxonomy":"product_cat","embeddable":true,"href":"https:\/\/www.mexicanguitarplayers.com\/en\/wp-json\/wp\/v2\/product_cat?post=9130"},{"taxonomy":"product_tag","embeddable":true,"href":"https:\/\/www.mexicanguitarplayers.com\/en\/wp-json\/wp\/v2\/product_tag?post=9130"}],"curies":[{"name":"wp","href":"https:\/\/api.w.org\/{rel}","templated":true}]}}