{"id":9254,"date":"2022-08-18T01:19:57","date_gmt":"2022-08-18T06:19:57","guid":{"rendered":"https:\/\/www.mexicanguitarplayers.com\/tienda\/sin%20categor\u00eda\/platillo-meinl-21-mod-b-21dar\/"},"modified":"2026-01-17T05:59:08","modified_gmt":"2026-01-17T11:59:08","slug":"platillo-meinl-21-mod-b-21dar","status":"publish","type":"product","link":"https:\/\/www.mexicanguitarplayers.com\/en\/tienda\/percusiones\/platillos\/rides\/platillo-meinl-21-mod-b-21dar\/","title":{"rendered":"MEINL CYMBAL 21 MOD. B-21DAR"},"content":{"rendered":"<div style=\"text-align: justify\">\n<div>\n<h3>MEINL CYMBAL 21 MOD. B-21DAR<\/h3>\n<\/div>\n<div>Meinl Cymbal. Model: B21DAR. Ride. 21\u201d inch diameter. Byzance Dark series. Manufactured from B20 bronze alloy. Hand hammered in Turkey. Rustic finish. Sound with outstanding bass.<\/div>\n<\/div>","protected":false},"excerpt":{"rendered":"<p>Platillo Meinl. Modelo: B21DAR. Ride. Di\u00e1metro de 21\u201d pulgadas. Serie Byzance Dark. Fabricado con aleaci\u00f3n de bronce B20. Martillado a mano en Turqu\u00eda. Terminado r\u00fastico. Sonido con graves destacados.&hellip; <a class=\"kt-excerpt-readmore more-link\" href=\"https:\/\/www.mexicanguitarplayers.com\/en\/tienda\/percusiones\/platillos\/rides\/platillo-meinl-21-mod-b-21dar\/\">Read more<\/a><\/p>","protected":false},"featured_media":22506,"comment_status":"open","ping_status":"closed","template":"","meta":{"kt_blocks_editor_width":""},"pwb-brand":[290],"product_brand":[],"product_cat":[208,260,286],"product_tag":[],"class_list":{"0":"post-9254","1":"product","2":"type-product","3":"status-publish","4":"has-post-thumbnail","6":"pwb-brand-meinl","7":"product_cat-percusiones","8":"product_cat-platillos","9":"product_cat-rides","10":"product_shipping_class-0-5-kg","12":"first","13":"instock","14":"taxable","15":"shipping-taxable","16":"purchasable","17":"product-type-simple"},"yoast_head":"<!-- This site is optimized with the Yoast SEO plugin v27.3 - https:\/\/yoast.com\/product\/yoast-seo-wordpress\/ -->\n<title>PLATILLO MEINL 21 MOD. B-21DAR - Mexican Guitar Players<\/title>\n<meta name=\"description\" content=\"PLATILLO MEINL 21 MOD. B-21DAR. Platillo Meinl. Modelo: B21DAR. Ride. Di\u00e1metro de 21\u201d pulgadas. Serie Byzance Dark. Fabricado con aleaci\u00f3n de bronce B20. Martillado a mano en Turqu\u00eda. Terminado r\u00fastico. Sonido con graves destacados.\" \/>\n<meta name=\"robots\" content=\"index, follow, max-snippet:-1, max-image-preview:large, max-video-preview:-1\" \/>\n<link rel=\"canonical\" href=\"https:\/\/www.mexicanguitarplayers.com\/en\/tienda\/percusiones\/platillos\/rides\/platillo-meinl-21-mod-b-21dar\/\" \/>\n<meta property=\"og:locale\" content=\"en_US\" \/>\n<meta property=\"og:type\" content=\"article\" \/>\n<meta property=\"og:title\" content=\"PLATILLO MEINL 21 MOD. B-21DAR - Mexican Guitar Players\" \/>\n<meta property=\"og:description\" content=\"PLATILLO MEINL 21 MOD. B-21DAR. Platillo Meinl. Modelo: B21DAR. Ride. Di\u00e1metro de 21\u201d pulgadas. Serie Byzance Dark. Fabricado con aleaci\u00f3n de bronce B20. Martillado a mano en Turqu\u00eda. Terminado r\u00fastico. Sonido con graves destacados.\" \/>\n<meta property=\"og:url\" content=\"https:\/\/www.mexicanguitarplayers.com\/en\/tienda\/percusiones\/platillos\/rides\/platillo-meinl-21-mod-b-21dar\/\" \/>\n<meta property=\"og:site_name\" content=\"Mexican Guitar Players\" \/>\n<meta property=\"article:modified_time\" content=\"2026-01-17T11:59:08+00:00\" \/>\n<meta property=\"og:image\" content=\"https:\/\/www.mexicanguitarplayers.com\/wp-content\/uploads\/2022\/08\/IPMEIB21DAR-1.jpg\" \/>\n\t<meta property=\"og:image:width\" content=\"1200\" \/>\n\t<meta property=\"og:image:height\" content=\"1200\" \/>\n\t<meta property=\"og:image:type\" content=\"image\/jpeg\" \/>\n<meta name=\"twitter:card\" content=\"summary_large_image\" \/>\n<script type=\"application\/ld+json\" class=\"yoast-schema-graph\">{\"@context\":\"https:\\\/\\\/schema.org\",\"@graph\":[{\"@type\":[\"WebPage\",\"ItemPage\"],\"@id\":\"https:\\\/\\\/www.mexicanguitarplayers.com\\\/tienda\\\/percusiones\\\/platillos\\\/rides\\\/platillo-meinl-21-mod-b-21dar\\\/\",\"url\":\"https:\\\/\\\/www.mexicanguitarplayers.com\\\/tienda\\\/percusiones\\\/platillos\\\/rides\\\/platillo-meinl-21-mod-b-21dar\\\/\",\"name\":\"PLATILLO MEINL 21 MOD. B-21DAR - Mexican Guitar Players\",\"isPartOf\":{\"@id\":\"https:\\\/\\\/www.mexicanguitarplayers.com\\\/#website\"},\"primaryImageOfPage\":{\"@id\":\"https:\\\/\\\/www.mexicanguitarplayers.com\\\/tienda\\\/percusiones\\\/platillos\\\/rides\\\/platillo-meinl-21-mod-b-21dar\\\/#primaryimage\"},\"image\":{\"@id\":\"https:\\\/\\\/www.mexicanguitarplayers.com\\\/tienda\\\/percusiones\\\/platillos\\\/rides\\\/platillo-meinl-21-mod-b-21dar\\\/#primaryimage\"},\"thumbnailUrl\":\"https:\\\/\\\/www.mexicanguitarplayers.com\\\/wp-content\\\/uploads\\\/2022\\\/08\\\/IPMEIB21DAR-1.jpg\",\"datePublished\":\"2022-08-18T06:19:57+00:00\",\"dateModified\":\"2026-01-17T11:59:08+00:00\",\"description\":\"PLATILLO MEINL 21 MOD. B-21DAR. Platillo Meinl. Modelo: B21DAR. Ride. Di\u00e1metro de 21\u201d pulgadas. Serie Byzance Dark. Fabricado con aleaci\u00f3n de bronce B20. Martillado a mano en Turqu\u00eda. Terminado r\u00fastico. Sonido con graves destacados.\",\"breadcrumb\":{\"@id\":\"https:\\\/\\\/www.mexicanguitarplayers.com\\\/tienda\\\/percusiones\\\/platillos\\\/rides\\\/platillo-meinl-21-mod-b-21dar\\\/#breadcrumb\"},\"inLanguage\":\"en-US\",\"potentialAction\":[{\"@type\":\"ReadAction\",\"target\":[\"https:\\\/\\\/www.mexicanguitarplayers.com\\\/tienda\\\/percusiones\\\/platillos\\\/rides\\\/platillo-meinl-21-mod-b-21dar\\\/\"]}]},{\"@type\":\"ImageObject\",\"inLanguage\":\"en-US\",\"@id\":\"https:\\\/\\\/www.mexicanguitarplayers.com\\\/tienda\\\/percusiones\\\/platillos\\\/rides\\\/platillo-meinl-21-mod-b-21dar\\\/#primaryimage\",\"url\":\"https:\\\/\\\/www.mexicanguitarplayers.com\\\/wp-content\\\/uploads\\\/2022\\\/08\\\/IPMEIB21DAR-1.jpg\",\"contentUrl\":\"https:\\\/\\\/www.mexicanguitarplayers.com\\\/wp-content\\\/uploads\\\/2022\\\/08\\\/IPMEIB21DAR-1.jpg\",\"width\":1200,\"height\":1200},{\"@type\":\"BreadcrumbList\",\"@id\":\"https:\\\/\\\/www.mexicanguitarplayers.com\\\/tienda\\\/percusiones\\\/platillos\\\/rides\\\/platillo-meinl-21-mod-b-21dar\\\/#breadcrumb\",\"itemListElement\":[{\"@type\":\"ListItem\",\"position\":1,\"name\":\"Portada\",\"item\":\"https:\\\/\\\/www.mexicanguitarplayers.com\\\/\"},{\"@type\":\"ListItem\",\"position\":2,\"name\":\"Tienda\",\"item\":\"https:\\\/\\\/www.mexicanguitarplayers.com\\\/tienda\\\/\"},{\"@type\":\"ListItem\",\"position\":3,\"name\":\"PLATILLO MEINL 21 MOD. B-21DAR\"}]},{\"@type\":\"WebSite\",\"@id\":\"https:\\\/\\\/www.mexicanguitarplayers.com\\\/#website\",\"url\":\"https:\\\/\\\/www.mexicanguitarplayers.com\\\/\",\"name\":\"Mexican Guitar Players\",\"description\":\"Website\",\"publisher\":{\"@id\":\"https:\\\/\\\/www.mexicanguitarplayers.com\\\/#organization\"},\"potentialAction\":[{\"@type\":\"SearchAction\",\"target\":{\"@type\":\"EntryPoint\",\"urlTemplate\":\"https:\\\/\\\/www.mexicanguitarplayers.com\\\/?s={search_term_string}\"},\"query-input\":{\"@type\":\"PropertyValueSpecification\",\"valueRequired\":true,\"valueName\":\"search_term_string\"}}],\"inLanguage\":\"en-US\"},{\"@type\":\"Organization\",\"@id\":\"https:\\\/\\\/www.mexicanguitarplayers.com\\\/#organization\",\"name\":\"Mexican Guitar Players\",\"url\":\"https:\\\/\\\/www.mexicanguitarplayers.com\\\/\",\"logo\":{\"@type\":\"ImageObject\",\"inLanguage\":\"en-US\",\"@id\":\"https:\\\/\\\/www.mexicanguitarplayers.com\\\/#\\\/schema\\\/logo\\\/image\\\/\",\"url\":\"\",\"contentUrl\":\"\",\"caption\":\"Mexican Guitar Players\"},\"image\":{\"@id\":\"https:\\\/\\\/www.mexicanguitarplayers.com\\\/#\\\/schema\\\/logo\\\/image\\\/\"}}]}<\/script>\n<!-- \/ Yoast SEO plugin. -->","yoast_head_json":{"title":"PLATILLO MEINL 21 MOD. B-21DAR - Mexican Guitar Players","description":"PLATILLO MEINL 21 MOD. B-21DAR. Platillo Meinl. Modelo: B21DAR. Ride. Di\u00e1metro de 21\u201d pulgadas. Serie Byzance Dark. Fabricado con aleaci\u00f3n de bronce B20. Martillado a mano en Turqu\u00eda. Terminado r\u00fastico. Sonido con graves destacados.","robots":{"index":"index","follow":"follow","max-snippet":"max-snippet:-1","max-image-preview":"max-image-preview:large","max-video-preview":"max-video-preview:-1"},"canonical":"https:\/\/www.mexicanguitarplayers.com\/en\/tienda\/percusiones\/platillos\/rides\/platillo-meinl-21-mod-b-21dar\/","og_locale":"en_US","og_type":"article","og_title":"PLATILLO MEINL 21 MOD. B-21DAR - Mexican Guitar Players","og_description":"PLATILLO MEINL 21 MOD. B-21DAR. Platillo Meinl. Modelo: B21DAR. Ride. Di\u00e1metro de 21\u201d pulgadas. Serie Byzance Dark. Fabricado con aleaci\u00f3n de bronce B20. Martillado a mano en Turqu\u00eda. Terminado r\u00fastico. Sonido con graves destacados.","og_url":"https:\/\/www.mexicanguitarplayers.com\/en\/tienda\/percusiones\/platillos\/rides\/platillo-meinl-21-mod-b-21dar\/","og_site_name":"Mexican Guitar Players","article_modified_time":"2026-01-17T11:59:08+00:00","og_image":[{"width":1200,"height":1200,"url":"https:\/\/www.mexicanguitarplayers.com\/wp-content\/uploads\/2022\/08\/IPMEIB21DAR-1.jpg","type":"image\/jpeg"}],"twitter_card":"summary_large_image","schema":{"@context":"https:\/\/schema.org","@graph":[{"@type":["WebPage","ItemPage"],"@id":"https:\/\/www.mexicanguitarplayers.com\/tienda\/percusiones\/platillos\/rides\/platillo-meinl-21-mod-b-21dar\/","url":"https:\/\/www.mexicanguitarplayers.com\/tienda\/percusiones\/platillos\/rides\/platillo-meinl-21-mod-b-21dar\/","name":"PLATILLO MEINL 21 MOD. B-21DAR - Mexican Guitar Players","isPartOf":{"@id":"https:\/\/www.mexicanguitarplayers.com\/#website"},"primaryImageOfPage":{"@id":"https:\/\/www.mexicanguitarplayers.com\/tienda\/percusiones\/platillos\/rides\/platillo-meinl-21-mod-b-21dar\/#primaryimage"},"image":{"@id":"https:\/\/www.mexicanguitarplayers.com\/tienda\/percusiones\/platillos\/rides\/platillo-meinl-21-mod-b-21dar\/#primaryimage"},"thumbnailUrl":"https:\/\/www.mexicanguitarplayers.com\/wp-content\/uploads\/2022\/08\/IPMEIB21DAR-1.jpg","datePublished":"2022-08-18T06:19:57+00:00","dateModified":"2026-01-17T11:59:08+00:00","description":"PLATILLO MEINL 21 MOD. B-21DAR. Platillo Meinl. Modelo: B21DAR. Ride. Di\u00e1metro de 21\u201d pulgadas. Serie Byzance Dark. Fabricado con aleaci\u00f3n de bronce B20. Martillado a mano en Turqu\u00eda. Terminado r\u00fastico. Sonido con graves destacados.","breadcrumb":{"@id":"https:\/\/www.mexicanguitarplayers.com\/tienda\/percusiones\/platillos\/rides\/platillo-meinl-21-mod-b-21dar\/#breadcrumb"},"inLanguage":"en-US","potentialAction":[{"@type":"ReadAction","target":["https:\/\/www.mexicanguitarplayers.com\/tienda\/percusiones\/platillos\/rides\/platillo-meinl-21-mod-b-21dar\/"]}]},{"@type":"ImageObject","inLanguage":"en-US","@id":"https:\/\/www.mexicanguitarplayers.com\/tienda\/percusiones\/platillos\/rides\/platillo-meinl-21-mod-b-21dar\/#primaryimage","url":"https:\/\/www.mexicanguitarplayers.com\/wp-content\/uploads\/2022\/08\/IPMEIB21DAR-1.jpg","contentUrl":"https:\/\/www.mexicanguitarplayers.com\/wp-content\/uploads\/2022\/08\/IPMEIB21DAR-1.jpg","width":1200,"height":1200},{"@type":"BreadcrumbList","@id":"https:\/\/www.mexicanguitarplayers.com\/tienda\/percusiones\/platillos\/rides\/platillo-meinl-21-mod-b-21dar\/#breadcrumb","itemListElement":[{"@type":"ListItem","position":1,"name":"Portada","item":"https:\/\/www.mexicanguitarplayers.com\/"},{"@type":"ListItem","position":2,"name":"Tienda","item":"https:\/\/www.mexicanguitarplayers.com\/tienda\/"},{"@type":"ListItem","position":3,"name":"PLATILLO MEINL 21 MOD. B-21DAR"}]},{"@type":"WebSite","@id":"https:\/\/www.mexicanguitarplayers.com\/#website","url":"https:\/\/www.mexicanguitarplayers.com\/","name":"Mexican Guitar Players","description":"Website","publisher":{"@id":"https:\/\/www.mexicanguitarplayers.com\/#organization"},"potentialAction":[{"@type":"SearchAction","target":{"@type":"EntryPoint","urlTemplate":"https:\/\/www.mexicanguitarplayers.com\/?s={search_term_string}"},"query-input":{"@type":"PropertyValueSpecification","valueRequired":true,"valueName":"search_term_string"}}],"inLanguage":"en-US"},{"@type":"Organization","@id":"https:\/\/www.mexicanguitarplayers.com\/#organization","name":"Mexican Guitar Players","url":"https:\/\/www.mexicanguitarplayers.com\/","logo":{"@type":"ImageObject","inLanguage":"en-US","@id":"https:\/\/www.mexicanguitarplayers.com\/#\/schema\/logo\/image\/","url":"","contentUrl":"","caption":"Mexican Guitar Players"},"image":{"@id":"https:\/\/www.mexicanguitarplayers.com\/#\/schema\/logo\/image\/"}}]}},"brands":[{"id":290,"name":"MEINL","slug":"meinl"}],"_links":{"self":[{"href":"https:\/\/www.mexicanguitarplayers.com\/en\/wp-json\/wp\/v2\/product\/9254","targetHints":{"allow":["GET"]}}],"collection":[{"href":"https:\/\/www.mexicanguitarplayers.com\/en\/wp-json\/wp\/v2\/product"}],"about":[{"href":"https:\/\/www.mexicanguitarplayers.com\/en\/wp-json\/wp\/v2\/types\/product"}],"replies":[{"embeddable":true,"href":"https:\/\/www.mexicanguitarplayers.com\/en\/wp-json\/wp\/v2\/comments?post=9254"}],"wp:featuredmedia":[{"embeddable":true,"href":"https:\/\/www.mexicanguitarplayers.com\/en\/wp-json\/wp\/v2\/media\/22506"}],"wp:attachment":[{"href":"https:\/\/www.mexicanguitarplayers.com\/en\/wp-json\/wp\/v2\/media?parent=9254"}],"wp:term":[{"taxonomy":"pwb-brand","embeddable":true,"href":"https:\/\/www.mexicanguitarplayers.com\/en\/wp-json\/wp\/v2\/pwb-brand?post=9254"},{"taxonomy":"product_brand","embeddable":true,"href":"https:\/\/www.mexicanguitarplayers.com\/en\/wp-json\/wp\/v2\/product_brand?post=9254"},{"taxonomy":"product_cat","embeddable":true,"href":"https:\/\/www.mexicanguitarplayers.com\/en\/wp-json\/wp\/v2\/product_cat?post=9254"},{"taxonomy":"product_tag","embeddable":true,"href":"https:\/\/www.mexicanguitarplayers.com\/en\/wp-json\/wp\/v2\/product_tag?post=9254"}],"curies":[{"name":"wp","href":"https:\/\/api.w.org\/{rel}","templated":true}]}}