{"id":9300,"date":"2022-08-18T01:21:02","date_gmt":"2022-08-18T06:21:02","guid":{"rendered":"https:\/\/www.mexicanguitarplayers.com\/tienda\/sin%20categor\u00eda\/pandero-meinl-p-tom-tarola-mod-bbta2-bk\/"},"modified":"2026-05-01T07:47:55","modified_gmt":"2026-05-01T13:47:55","slug":"pandero-meinl-p-tom-tarola-mod-bbta2-bk","status":"publish","type":"product","link":"https:\/\/www.mexicanguitarplayers.com\/en\/tienda\/percusiones\/percusiones-menores\/panderos\/pandero-meinl-p-tom-tarola-mod-bbta2-bk\/","title":{"rendered":"MEINL PANDERO P\/TOM\/TAROLA MOD. BBTA2-BK"},"content":{"rendered":"<div style=\"text-align: justify\">\n<div>\n<h3>MEINL PANDERO P\/TOM\/TAROLA MOD. BBTA2-BK<\/h3>\n<\/div>\n<div>Backbeat Tambourine, snaps directly onto the head and really changes the sound, steel cymbals are fully responsive when the drum is struck and the frame is designed to rest naturally against the inside of the standard rim, ideal for snares, timpani and 13&quot; toms \u201d and 14\u201d inches, 6 pairs of steel cymbals, add a tambourine sound to your rhythm, color black.<\/div>\n<\/div>","protected":false},"excerpt":{"rendered":"<p>Pandero Backbeat, se pone directamente en el parche y realmente cambia el sonido, los cr\u00f3talos de acero responden totalmente cuando se golpea el tambor y el marco est\u00e1 dise\u00f1ado para descansar naturalmente contra el interior de aro est\u00e1ndar, ideal para tarolas, timbales y toms de 13\u201d y 14\u201d pulgadas, 6 pares de cr\u00f3talos de acero, agrega un sonido de pandero a tu ritmo, color negro.&hellip; <a class=\"kt-excerpt-readmore more-link\" href=\"https:\/\/www.mexicanguitarplayers.com\/en\/tienda\/percusiones\/percusiones-menores\/panderos\/pandero-meinl-p-tom-tarola-mod-bbta2-bk\/\">Read more<\/a><\/p>","protected":false},"featured_media":22530,"comment_status":"open","ping_status":"closed","template":"","meta":{"kt_blocks_editor_width":""},"pwb-brand":[290],"product_brand":[],"product_cat":[282,208,276],"product_tag":[],"class_list":{"0":"post-9300","1":"product","2":"type-product","3":"status-publish","4":"has-post-thumbnail","6":"pwb-brand-meinl","7":"product_cat-panderos","8":"product_cat-percusiones","9":"product_cat-percusiones-menores","10":"product_shipping_class-0-5-kg","12":"first","13":"instock","14":"taxable","15":"shipping-taxable","16":"purchasable","17":"product-type-simple"},"yoast_head":"<!-- This site is optimized with the Yoast SEO plugin v27.5 - https:\/\/yoast.com\/product\/yoast-seo-wordpress\/ -->\n<title>PANDERO MEINL P\/TOM\/TAROLA MOD. BBTA2-BK - Mexican Guitar Players<\/title>\n<meta name=\"description\" content=\"PANDERO MEINL P\/TOM\/TAROLA MOD. BBTA2-BK. Pandero Backbeat, se pone directamente en el parche y realmente cambia el sonido, los cr\u00f3talos de acero responden totalmente cuando se golpea el tambor y el marco est\u00e1 dise\u00f1ado para descansar naturalmente contra el interior de aro est\u00e1ndar, ideal para tarolas, timbales y toms de 13\u201d y 14\u201d pulgadas, 6 pares de cr\u00f3talos de acero, agrega un sonido de pandero a tu ritmo, color negro.\" \/>\n<meta name=\"robots\" content=\"index, follow, max-snippet:-1, max-image-preview:large, max-video-preview:-1\" \/>\n<link rel=\"canonical\" href=\"https:\/\/www.mexicanguitarplayers.com\/en\/tienda\/percusiones\/percusiones-menores\/panderos\/pandero-meinl-p-tom-tarola-mod-bbta2-bk\/\" \/>\n<meta property=\"og:locale\" content=\"en_US\" \/>\n<meta property=\"og:type\" content=\"article\" \/>\n<meta property=\"og:title\" content=\"PANDERO MEINL P\/TOM\/TAROLA MOD. BBTA2-BK - Mexican Guitar Players\" \/>\n<meta property=\"og:description\" content=\"PANDERO MEINL P\/TOM\/TAROLA MOD. BBTA2-BK. Pandero Backbeat, se pone directamente en el parche y realmente cambia el sonido, los cr\u00f3talos de acero responden totalmente cuando se golpea el tambor y el marco est\u00e1 dise\u00f1ado para descansar naturalmente contra el interior de aro est\u00e1ndar, ideal para tarolas, timbales y toms de 13\u201d y 14\u201d pulgadas, 6 pares de cr\u00f3talos de acero, agrega un sonido de pandero a tu ritmo, color negro.\" \/>\n<meta property=\"og:url\" content=\"https:\/\/www.mexicanguitarplayers.com\/en\/tienda\/percusiones\/percusiones-menores\/panderos\/pandero-meinl-p-tom-tarola-mod-bbta2-bk\/\" \/>\n<meta property=\"og:site_name\" content=\"Mexican Guitar Players\" \/>\n<meta property=\"article:modified_time\" content=\"2026-05-01T13:47:55+00:00\" \/>\n<meta property=\"og:image\" content=\"https:\/\/www.mexicanguitarplayers.com\/wp-content\/uploads\/2022\/08\/IPMEIBBTA2BK-1.jpg\" \/>\n\t<meta property=\"og:image:width\" content=\"1600\" \/>\n\t<meta property=\"og:image:height\" content=\"800\" \/>\n\t<meta property=\"og:image:type\" content=\"image\/jpeg\" \/>\n<meta name=\"twitter:card\" content=\"summary_large_image\" \/>\n<script type=\"application\/ld+json\" class=\"yoast-schema-graph\">{\"@context\":\"https:\\\/\\\/schema.org\",\"@graph\":[{\"@type\":[\"WebPage\",\"ItemPage\"],\"@id\":\"https:\\\/\\\/www.mexicanguitarplayers.com\\\/tienda\\\/percusiones\\\/percusiones-menores\\\/panderos\\\/pandero-meinl-p-tom-tarola-mod-bbta2-bk\\\/\",\"url\":\"https:\\\/\\\/www.mexicanguitarplayers.com\\\/tienda\\\/percusiones\\\/percusiones-menores\\\/panderos\\\/pandero-meinl-p-tom-tarola-mod-bbta2-bk\\\/\",\"name\":\"PANDERO MEINL P\\\/TOM\\\/TAROLA MOD. BBTA2-BK - Mexican Guitar Players\",\"isPartOf\":{\"@id\":\"https:\\\/\\\/www.mexicanguitarplayers.com\\\/#website\"},\"primaryImageOfPage\":{\"@id\":\"https:\\\/\\\/www.mexicanguitarplayers.com\\\/tienda\\\/percusiones\\\/percusiones-menores\\\/panderos\\\/pandero-meinl-p-tom-tarola-mod-bbta2-bk\\\/#primaryimage\"},\"image\":{\"@id\":\"https:\\\/\\\/www.mexicanguitarplayers.com\\\/tienda\\\/percusiones\\\/percusiones-menores\\\/panderos\\\/pandero-meinl-p-tom-tarola-mod-bbta2-bk\\\/#primaryimage\"},\"thumbnailUrl\":\"https:\\\/\\\/www.mexicanguitarplayers.com\\\/wp-content\\\/uploads\\\/2022\\\/08\\\/IPMEIBBTA2BK-1.jpg\",\"datePublished\":\"2022-08-18T06:21:02+00:00\",\"dateModified\":\"2026-05-01T13:47:55+00:00\",\"description\":\"PANDERO MEINL P\\\/TOM\\\/TAROLA MOD. BBTA2-BK. Pandero Backbeat, se pone directamente en el parche y realmente cambia el sonido, los cr\u00f3talos de acero responden totalmente cuando se golpea el tambor y el marco est\u00e1 dise\u00f1ado para descansar naturalmente contra el interior de aro est\u00e1ndar, ideal para tarolas, timbales y toms de 13\u201d y 14\u201d pulgadas, 6 pares de cr\u00f3talos de acero, agrega un sonido de pandero a tu ritmo, color negro.\",\"breadcrumb\":{\"@id\":\"https:\\\/\\\/www.mexicanguitarplayers.com\\\/tienda\\\/percusiones\\\/percusiones-menores\\\/panderos\\\/pandero-meinl-p-tom-tarola-mod-bbta2-bk\\\/#breadcrumb\"},\"inLanguage\":\"en-US\",\"potentialAction\":[{\"@type\":\"ReadAction\",\"target\":[\"https:\\\/\\\/www.mexicanguitarplayers.com\\\/tienda\\\/percusiones\\\/percusiones-menores\\\/panderos\\\/pandero-meinl-p-tom-tarola-mod-bbta2-bk\\\/\"]}]},{\"@type\":\"ImageObject\",\"inLanguage\":\"en-US\",\"@id\":\"https:\\\/\\\/www.mexicanguitarplayers.com\\\/tienda\\\/percusiones\\\/percusiones-menores\\\/panderos\\\/pandero-meinl-p-tom-tarola-mod-bbta2-bk\\\/#primaryimage\",\"url\":\"https:\\\/\\\/www.mexicanguitarplayers.com\\\/wp-content\\\/uploads\\\/2022\\\/08\\\/IPMEIBBTA2BK-1.jpg\",\"contentUrl\":\"https:\\\/\\\/www.mexicanguitarplayers.com\\\/wp-content\\\/uploads\\\/2022\\\/08\\\/IPMEIBBTA2BK-1.jpg\",\"width\":1600,\"height\":800},{\"@type\":\"BreadcrumbList\",\"@id\":\"https:\\\/\\\/www.mexicanguitarplayers.com\\\/tienda\\\/percusiones\\\/percusiones-menores\\\/panderos\\\/pandero-meinl-p-tom-tarola-mod-bbta2-bk\\\/#breadcrumb\",\"itemListElement\":[{\"@type\":\"ListItem\",\"position\":1,\"name\":\"Portada\",\"item\":\"https:\\\/\\\/www.mexicanguitarplayers.com\\\/\"},{\"@type\":\"ListItem\",\"position\":2,\"name\":\"Tienda\",\"item\":\"https:\\\/\\\/www.mexicanguitarplayers.com\\\/tienda\\\/\"},{\"@type\":\"ListItem\",\"position\":3,\"name\":\"PANDERO MEINL P\\\/TOM\\\/TAROLA MOD. BBTA2-BK\"}]},{\"@type\":\"WebSite\",\"@id\":\"https:\\\/\\\/www.mexicanguitarplayers.com\\\/#website\",\"url\":\"https:\\\/\\\/www.mexicanguitarplayers.com\\\/\",\"name\":\"Mexican Guitar Players\",\"description\":\"Website\",\"publisher\":{\"@id\":\"https:\\\/\\\/www.mexicanguitarplayers.com\\\/#organization\"},\"potentialAction\":[{\"@type\":\"SearchAction\",\"target\":{\"@type\":\"EntryPoint\",\"urlTemplate\":\"https:\\\/\\\/www.mexicanguitarplayers.com\\\/?s={search_term_string}\"},\"query-input\":{\"@type\":\"PropertyValueSpecification\",\"valueRequired\":true,\"valueName\":\"search_term_string\"}}],\"inLanguage\":\"en-US\"},{\"@type\":\"Organization\",\"@id\":\"https:\\\/\\\/www.mexicanguitarplayers.com\\\/#organization\",\"name\":\"Mexican Guitar Players\",\"url\":\"https:\\\/\\\/www.mexicanguitarplayers.com\\\/\",\"logo\":{\"@type\":\"ImageObject\",\"inLanguage\":\"en-US\",\"@id\":\"https:\\\/\\\/www.mexicanguitarplayers.com\\\/#\\\/schema\\\/logo\\\/image\\\/\",\"url\":\"\",\"contentUrl\":\"\",\"caption\":\"Mexican Guitar Players\"},\"image\":{\"@id\":\"https:\\\/\\\/www.mexicanguitarplayers.com\\\/#\\\/schema\\\/logo\\\/image\\\/\"}}]}<\/script>\n<!-- \/ Yoast SEO plugin. -->","yoast_head_json":{"title":"PANDERO MEINL P\/TOM\/TAROLA MOD. BBTA2-BK - Mexican Guitar Players","description":"PANDERO MEINL P\/TOM\/TAROLA MOD. BBTA2-BK. Pandero Backbeat, se pone directamente en el parche y realmente cambia el sonido, los cr\u00f3talos de acero responden totalmente cuando se golpea el tambor y el marco est\u00e1 dise\u00f1ado para descansar naturalmente contra el interior de aro est\u00e1ndar, ideal para tarolas, timbales y toms de 13\u201d y 14\u201d pulgadas, 6 pares de cr\u00f3talos de acero, agrega un sonido de pandero a tu ritmo, color negro.","robots":{"index":"index","follow":"follow","max-snippet":"max-snippet:-1","max-image-preview":"max-image-preview:large","max-video-preview":"max-video-preview:-1"},"canonical":"https:\/\/www.mexicanguitarplayers.com\/en\/tienda\/percusiones\/percusiones-menores\/panderos\/pandero-meinl-p-tom-tarola-mod-bbta2-bk\/","og_locale":"en_US","og_type":"article","og_title":"PANDERO MEINL P\/TOM\/TAROLA MOD. BBTA2-BK - Mexican Guitar Players","og_description":"PANDERO MEINL P\/TOM\/TAROLA MOD. BBTA2-BK. Pandero Backbeat, se pone directamente en el parche y realmente cambia el sonido, los cr\u00f3talos de acero responden totalmente cuando se golpea el tambor y el marco est\u00e1 dise\u00f1ado para descansar naturalmente contra el interior de aro est\u00e1ndar, ideal para tarolas, timbales y toms de 13\u201d y 14\u201d pulgadas, 6 pares de cr\u00f3talos de acero, agrega un sonido de pandero a tu ritmo, color negro.","og_url":"https:\/\/www.mexicanguitarplayers.com\/en\/tienda\/percusiones\/percusiones-menores\/panderos\/pandero-meinl-p-tom-tarola-mod-bbta2-bk\/","og_site_name":"Mexican Guitar Players","article_modified_time":"2026-05-01T13:47:55+00:00","og_image":[{"width":1600,"height":800,"url":"https:\/\/www.mexicanguitarplayers.com\/wp-content\/uploads\/2022\/08\/IPMEIBBTA2BK-1.jpg","type":"image\/jpeg"}],"twitter_card":"summary_large_image","schema":{"@context":"https:\/\/schema.org","@graph":[{"@type":["WebPage","ItemPage"],"@id":"https:\/\/www.mexicanguitarplayers.com\/tienda\/percusiones\/percusiones-menores\/panderos\/pandero-meinl-p-tom-tarola-mod-bbta2-bk\/","url":"https:\/\/www.mexicanguitarplayers.com\/tienda\/percusiones\/percusiones-menores\/panderos\/pandero-meinl-p-tom-tarola-mod-bbta2-bk\/","name":"PANDERO MEINL P\/TOM\/TAROLA MOD. BBTA2-BK - Mexican Guitar Players","isPartOf":{"@id":"https:\/\/www.mexicanguitarplayers.com\/#website"},"primaryImageOfPage":{"@id":"https:\/\/www.mexicanguitarplayers.com\/tienda\/percusiones\/percusiones-menores\/panderos\/pandero-meinl-p-tom-tarola-mod-bbta2-bk\/#primaryimage"},"image":{"@id":"https:\/\/www.mexicanguitarplayers.com\/tienda\/percusiones\/percusiones-menores\/panderos\/pandero-meinl-p-tom-tarola-mod-bbta2-bk\/#primaryimage"},"thumbnailUrl":"https:\/\/www.mexicanguitarplayers.com\/wp-content\/uploads\/2022\/08\/IPMEIBBTA2BK-1.jpg","datePublished":"2022-08-18T06:21:02+00:00","dateModified":"2026-05-01T13:47:55+00:00","description":"PANDERO MEINL P\/TOM\/TAROLA MOD. BBTA2-BK. Pandero Backbeat, se pone directamente en el parche y realmente cambia el sonido, los cr\u00f3talos de acero responden totalmente cuando se golpea el tambor y el marco est\u00e1 dise\u00f1ado para descansar naturalmente contra el interior de aro est\u00e1ndar, ideal para tarolas, timbales y toms de 13\u201d y 14\u201d pulgadas, 6 pares de cr\u00f3talos de acero, agrega un sonido de pandero a tu ritmo, color negro.","breadcrumb":{"@id":"https:\/\/www.mexicanguitarplayers.com\/tienda\/percusiones\/percusiones-menores\/panderos\/pandero-meinl-p-tom-tarola-mod-bbta2-bk\/#breadcrumb"},"inLanguage":"en-US","potentialAction":[{"@type":"ReadAction","target":["https:\/\/www.mexicanguitarplayers.com\/tienda\/percusiones\/percusiones-menores\/panderos\/pandero-meinl-p-tom-tarola-mod-bbta2-bk\/"]}]},{"@type":"ImageObject","inLanguage":"en-US","@id":"https:\/\/www.mexicanguitarplayers.com\/tienda\/percusiones\/percusiones-menores\/panderos\/pandero-meinl-p-tom-tarola-mod-bbta2-bk\/#primaryimage","url":"https:\/\/www.mexicanguitarplayers.com\/wp-content\/uploads\/2022\/08\/IPMEIBBTA2BK-1.jpg","contentUrl":"https:\/\/www.mexicanguitarplayers.com\/wp-content\/uploads\/2022\/08\/IPMEIBBTA2BK-1.jpg","width":1600,"height":800},{"@type":"BreadcrumbList","@id":"https:\/\/www.mexicanguitarplayers.com\/tienda\/percusiones\/percusiones-menores\/panderos\/pandero-meinl-p-tom-tarola-mod-bbta2-bk\/#breadcrumb","itemListElement":[{"@type":"ListItem","position":1,"name":"Portada","item":"https:\/\/www.mexicanguitarplayers.com\/"},{"@type":"ListItem","position":2,"name":"Tienda","item":"https:\/\/www.mexicanguitarplayers.com\/tienda\/"},{"@type":"ListItem","position":3,"name":"PANDERO MEINL P\/TOM\/TAROLA MOD. BBTA2-BK"}]},{"@type":"WebSite","@id":"https:\/\/www.mexicanguitarplayers.com\/#website","url":"https:\/\/www.mexicanguitarplayers.com\/","name":"Mexican Guitar Players","description":"Website","publisher":{"@id":"https:\/\/www.mexicanguitarplayers.com\/#organization"},"potentialAction":[{"@type":"SearchAction","target":{"@type":"EntryPoint","urlTemplate":"https:\/\/www.mexicanguitarplayers.com\/?s={search_term_string}"},"query-input":{"@type":"PropertyValueSpecification","valueRequired":true,"valueName":"search_term_string"}}],"inLanguage":"en-US"},{"@type":"Organization","@id":"https:\/\/www.mexicanguitarplayers.com\/#organization","name":"Mexican Guitar Players","url":"https:\/\/www.mexicanguitarplayers.com\/","logo":{"@type":"ImageObject","inLanguage":"en-US","@id":"https:\/\/www.mexicanguitarplayers.com\/#\/schema\/logo\/image\/","url":"","contentUrl":"","caption":"Mexican Guitar Players"},"image":{"@id":"https:\/\/www.mexicanguitarplayers.com\/#\/schema\/logo\/image\/"}}]}},"brands":[{"id":290,"name":"MEINL","slug":"meinl"}],"_links":{"self":[{"href":"https:\/\/www.mexicanguitarplayers.com\/en\/wp-json\/wp\/v2\/product\/9300","targetHints":{"allow":["GET"]}}],"collection":[{"href":"https:\/\/www.mexicanguitarplayers.com\/en\/wp-json\/wp\/v2\/product"}],"about":[{"href":"https:\/\/www.mexicanguitarplayers.com\/en\/wp-json\/wp\/v2\/types\/product"}],"replies":[{"embeddable":true,"href":"https:\/\/www.mexicanguitarplayers.com\/en\/wp-json\/wp\/v2\/comments?post=9300"}],"wp:featuredmedia":[{"embeddable":true,"href":"https:\/\/www.mexicanguitarplayers.com\/en\/wp-json\/wp\/v2\/media\/22530"}],"wp:attachment":[{"href":"https:\/\/www.mexicanguitarplayers.com\/en\/wp-json\/wp\/v2\/media?parent=9300"}],"wp:term":[{"taxonomy":"pwb-brand","embeddable":true,"href":"https:\/\/www.mexicanguitarplayers.com\/en\/wp-json\/wp\/v2\/pwb-brand?post=9300"},{"taxonomy":"product_brand","embeddable":true,"href":"https:\/\/www.mexicanguitarplayers.com\/en\/wp-json\/wp\/v2\/product_brand?post=9300"},{"taxonomy":"product_cat","embeddable":true,"href":"https:\/\/www.mexicanguitarplayers.com\/en\/wp-json\/wp\/v2\/product_cat?post=9300"},{"taxonomy":"product_tag","embeddable":true,"href":"https:\/\/www.mexicanguitarplayers.com\/en\/wp-json\/wp\/v2\/product_tag?post=9300"}],"curies":[{"name":"wp","href":"https:\/\/api.w.org\/{rel}","templated":true}]}}