{"id":9391,"date":"2022-08-18T01:23:09","date_gmt":"2022-08-18T06:23:09","guid":{"rendered":"https:\/\/www.mexicanguitarplayers.com\/tienda\/sin%20categor\u00eda\/platillo-meinl-jgo-mod-cc141620\/"},"modified":"2025-05-09T08:03:24","modified_gmt":"2025-05-09T14:03:24","slug":"platillo-meinl-jgo-mod-cc141620","status":"publish","type":"product","link":"https:\/\/www.mexicanguitarplayers.com\/en\/tienda\/percusiones\/platillos\/paquetes-platillos\/platillo-meinl-jgo-mod-cc141620\/","title":{"rendered":"MEINL SAUCER SET. MOD. CC141620"},"content":{"rendered":"<div style=\"text-align: justify\">\n<div>\n<h3>MEINL SAUCER SET. MOD. CC141620<\/h3>\n<\/div>\n<div>Classics Custom cymbal set including 14\u201d backlash, 16\u201d medium crash and 20\u201d medium ride, made from B10 bronze alloy that contains more tin than the standard Classic series, high-tech computerized manufacturing, finished bright, bright timbre, rich and musical character, medium-high tone, medium volume, medium sustain.<\/div>\n<\/div>","protected":false},"excerpt":{"rendered":"<p>Set de platillos Classics Custom que incluye contratiempo de 14\u201d pulgadas, medium crash de 16\u201d pulgadas y medium ride de 20\u201d pulgadas,  fabricados con aleaci\u00f3n de bronce B10 que contiene m\u00e1s esta\u00f1o que la serie Classic est\u00e1ndar, fabricaci\u00f3n computarizada de alta tecnolog\u00eda, terminado brillante, timbre brillante, car\u00e1cter rico y musical, tono agudo-medio, volumen medio, sustain medio.&hellip; <a class=\"kt-excerpt-readmore more-link\" href=\"https:\/\/www.mexicanguitarplayers.com\/en\/tienda\/percusiones\/platillos\/paquetes-platillos\/platillo-meinl-jgo-mod-cc141620\/\">Read more<\/a><\/p>","protected":false},"featured_media":22577,"comment_status":"open","ping_status":"closed","template":"","meta":{"kt_blocks_editor_width":""},"pwb-brand":[290],"product_brand":[],"product_cat":[261,208,260],"product_tag":[],"class_list":{"0":"post-9391","1":"product","2":"type-product","3":"status-publish","4":"has-post-thumbnail","6":"pwb-brand-meinl","7":"product_cat-paquetes-platillos","8":"product_cat-percusiones","9":"product_cat-platillos","10":"product_shipping_class-5-10-kg","12":"first","13":"outofstock","14":"taxable","15":"shipping-taxable","16":"purchasable","17":"product-type-simple"},"yoast_head":"<!-- This site is optimized with the Yoast SEO plugin v27.3 - https:\/\/yoast.com\/product\/yoast-seo-wordpress\/ -->\n<title>PLATILLO MEINL JGO. MOD. CC141620 - Mexican Guitar Players<\/title>\n<meta name=\"description\" content=\"PLATILLO MEINL JGO. MOD. CC141620. Set de platillos Classics Custom que incluye contratiempo de 14\u201d pulgadas, medium crash de 16\u201d pulgadas y medium ride de 20\u201d pulgadas, fabricados con aleaci\u00f3n de bronce B10 que contiene m\u00e1s esta\u00f1o que la serie Classic est\u00e1ndar, fabricaci\u00f3n computarizada de alta tecnolog\u00eda, terminado brillante, timbre brillante, car\u00e1cter rico y musical, tono agudo-medio, volumen medio, sustain medio.\" \/>\n<meta name=\"robots\" content=\"index, follow, max-snippet:-1, max-image-preview:large, max-video-preview:-1\" \/>\n<link rel=\"canonical\" href=\"https:\/\/www.mexicanguitarplayers.com\/en\/tienda\/percusiones\/platillos\/paquetes-platillos\/platillo-meinl-jgo-mod-cc141620\/\" \/>\n<meta property=\"og:locale\" content=\"en_US\" \/>\n<meta property=\"og:type\" content=\"article\" \/>\n<meta property=\"og:title\" content=\"PLATILLO MEINL JGO. MOD. CC141620 - Mexican Guitar Players\" \/>\n<meta property=\"og:description\" content=\"PLATILLO MEINL JGO. MOD. CC141620. Set de platillos Classics Custom que incluye contratiempo de 14\u201d pulgadas, medium crash de 16\u201d pulgadas y medium ride de 20\u201d pulgadas, fabricados con aleaci\u00f3n de bronce B10 que contiene m\u00e1s esta\u00f1o que la serie Classic est\u00e1ndar, fabricaci\u00f3n computarizada de alta tecnolog\u00eda, terminado brillante, timbre brillante, car\u00e1cter rico y musical, tono agudo-medio, volumen medio, sustain medio.\" \/>\n<meta property=\"og:url\" content=\"https:\/\/www.mexicanguitarplayers.com\/en\/tienda\/percusiones\/platillos\/paquetes-platillos\/platillo-meinl-jgo-mod-cc141620\/\" \/>\n<meta property=\"og:site_name\" content=\"Mexican Guitar Players\" \/>\n<meta property=\"article:modified_time\" content=\"2025-05-09T14:03:24+00:00\" \/>\n<meta property=\"og:image\" content=\"https:\/\/www.mexicanguitarplayers.com\/wp-content\/uploads\/2022\/08\/IPMEICC141620-1.jpg\" \/>\n\t<meta property=\"og:image:width\" content=\"1200\" \/>\n\t<meta property=\"og:image:height\" content=\"1200\" \/>\n\t<meta property=\"og:image:type\" content=\"image\/jpeg\" \/>\n<meta name=\"twitter:card\" content=\"summary_large_image\" \/>\n<script type=\"application\/ld+json\" class=\"yoast-schema-graph\">{\"@context\":\"https:\\\/\\\/schema.org\",\"@graph\":[{\"@type\":[\"WebPage\",\"ItemPage\"],\"@id\":\"https:\\\/\\\/www.mexicanguitarplayers.com\\\/tienda\\\/percusiones\\\/platillos\\\/paquetes-platillos\\\/platillo-meinl-jgo-mod-cc141620\\\/\",\"url\":\"https:\\\/\\\/www.mexicanguitarplayers.com\\\/tienda\\\/percusiones\\\/platillos\\\/paquetes-platillos\\\/platillo-meinl-jgo-mod-cc141620\\\/\",\"name\":\"PLATILLO MEINL JGO. MOD. CC141620 - Mexican Guitar Players\",\"isPartOf\":{\"@id\":\"https:\\\/\\\/www.mexicanguitarplayers.com\\\/#website\"},\"primaryImageOfPage\":{\"@id\":\"https:\\\/\\\/www.mexicanguitarplayers.com\\\/tienda\\\/percusiones\\\/platillos\\\/paquetes-platillos\\\/platillo-meinl-jgo-mod-cc141620\\\/#primaryimage\"},\"image\":{\"@id\":\"https:\\\/\\\/www.mexicanguitarplayers.com\\\/tienda\\\/percusiones\\\/platillos\\\/paquetes-platillos\\\/platillo-meinl-jgo-mod-cc141620\\\/#primaryimage\"},\"thumbnailUrl\":\"https:\\\/\\\/www.mexicanguitarplayers.com\\\/wp-content\\\/uploads\\\/2022\\\/08\\\/IPMEICC141620-1.jpg\",\"datePublished\":\"2022-08-18T06:23:09+00:00\",\"dateModified\":\"2025-05-09T14:03:24+00:00\",\"description\":\"PLATILLO MEINL JGO. MOD. CC141620. Set de platillos Classics Custom que incluye contratiempo de 14\u201d pulgadas, medium crash de 16\u201d pulgadas y medium ride de 20\u201d pulgadas, fabricados con aleaci\u00f3n de bronce B10 que contiene m\u00e1s esta\u00f1o que la serie Classic est\u00e1ndar, fabricaci\u00f3n computarizada de alta tecnolog\u00eda, terminado brillante, timbre brillante, car\u00e1cter rico y musical, tono agudo-medio, volumen medio, sustain medio.\",\"breadcrumb\":{\"@id\":\"https:\\\/\\\/www.mexicanguitarplayers.com\\\/tienda\\\/percusiones\\\/platillos\\\/paquetes-platillos\\\/platillo-meinl-jgo-mod-cc141620\\\/#breadcrumb\"},\"inLanguage\":\"en-US\",\"potentialAction\":[{\"@type\":\"ReadAction\",\"target\":[\"https:\\\/\\\/www.mexicanguitarplayers.com\\\/tienda\\\/percusiones\\\/platillos\\\/paquetes-platillos\\\/platillo-meinl-jgo-mod-cc141620\\\/\"]}]},{\"@type\":\"ImageObject\",\"inLanguage\":\"en-US\",\"@id\":\"https:\\\/\\\/www.mexicanguitarplayers.com\\\/tienda\\\/percusiones\\\/platillos\\\/paquetes-platillos\\\/platillo-meinl-jgo-mod-cc141620\\\/#primaryimage\",\"url\":\"https:\\\/\\\/www.mexicanguitarplayers.com\\\/wp-content\\\/uploads\\\/2022\\\/08\\\/IPMEICC141620-1.jpg\",\"contentUrl\":\"https:\\\/\\\/www.mexicanguitarplayers.com\\\/wp-content\\\/uploads\\\/2022\\\/08\\\/IPMEICC141620-1.jpg\",\"width\":1200,\"height\":1200},{\"@type\":\"BreadcrumbList\",\"@id\":\"https:\\\/\\\/www.mexicanguitarplayers.com\\\/tienda\\\/percusiones\\\/platillos\\\/paquetes-platillos\\\/platillo-meinl-jgo-mod-cc141620\\\/#breadcrumb\",\"itemListElement\":[{\"@type\":\"ListItem\",\"position\":1,\"name\":\"Portada\",\"item\":\"https:\\\/\\\/www.mexicanguitarplayers.com\\\/\"},{\"@type\":\"ListItem\",\"position\":2,\"name\":\"Tienda\",\"item\":\"https:\\\/\\\/www.mexicanguitarplayers.com\\\/tienda\\\/\"},{\"@type\":\"ListItem\",\"position\":3,\"name\":\"PLATILLO MEINL JGO. MOD. CC141620\"}]},{\"@type\":\"WebSite\",\"@id\":\"https:\\\/\\\/www.mexicanguitarplayers.com\\\/#website\",\"url\":\"https:\\\/\\\/www.mexicanguitarplayers.com\\\/\",\"name\":\"Mexican Guitar Players\",\"description\":\"Website\",\"publisher\":{\"@id\":\"https:\\\/\\\/www.mexicanguitarplayers.com\\\/#organization\"},\"potentialAction\":[{\"@type\":\"SearchAction\",\"target\":{\"@type\":\"EntryPoint\",\"urlTemplate\":\"https:\\\/\\\/www.mexicanguitarplayers.com\\\/?s={search_term_string}\"},\"query-input\":{\"@type\":\"PropertyValueSpecification\",\"valueRequired\":true,\"valueName\":\"search_term_string\"}}],\"inLanguage\":\"en-US\"},{\"@type\":\"Organization\",\"@id\":\"https:\\\/\\\/www.mexicanguitarplayers.com\\\/#organization\",\"name\":\"Mexican Guitar Players\",\"url\":\"https:\\\/\\\/www.mexicanguitarplayers.com\\\/\",\"logo\":{\"@type\":\"ImageObject\",\"inLanguage\":\"en-US\",\"@id\":\"https:\\\/\\\/www.mexicanguitarplayers.com\\\/#\\\/schema\\\/logo\\\/image\\\/\",\"url\":\"\",\"contentUrl\":\"\",\"caption\":\"Mexican Guitar Players\"},\"image\":{\"@id\":\"https:\\\/\\\/www.mexicanguitarplayers.com\\\/#\\\/schema\\\/logo\\\/image\\\/\"}}]}<\/script>\n<!-- \/ Yoast SEO plugin. -->","yoast_head_json":{"title":"PLATILLO MEINL JGO. MOD. CC141620 - Mexican Guitar Players","description":"PLATILLO MEINL JGO. MOD. CC141620. Set de platillos Classics Custom que incluye contratiempo de 14\u201d pulgadas, medium crash de 16\u201d pulgadas y medium ride de 20\u201d pulgadas, fabricados con aleaci\u00f3n de bronce B10 que contiene m\u00e1s esta\u00f1o que la serie Classic est\u00e1ndar, fabricaci\u00f3n computarizada de alta tecnolog\u00eda, terminado brillante, timbre brillante, car\u00e1cter rico y musical, tono agudo-medio, volumen medio, sustain medio.","robots":{"index":"index","follow":"follow","max-snippet":"max-snippet:-1","max-image-preview":"max-image-preview:large","max-video-preview":"max-video-preview:-1"},"canonical":"https:\/\/www.mexicanguitarplayers.com\/en\/tienda\/percusiones\/platillos\/paquetes-platillos\/platillo-meinl-jgo-mod-cc141620\/","og_locale":"en_US","og_type":"article","og_title":"PLATILLO MEINL JGO. MOD. CC141620 - Mexican Guitar Players","og_description":"PLATILLO MEINL JGO. MOD. CC141620. Set de platillos Classics Custom que incluye contratiempo de 14\u201d pulgadas, medium crash de 16\u201d pulgadas y medium ride de 20\u201d pulgadas, fabricados con aleaci\u00f3n de bronce B10 que contiene m\u00e1s esta\u00f1o que la serie Classic est\u00e1ndar, fabricaci\u00f3n computarizada de alta tecnolog\u00eda, terminado brillante, timbre brillante, car\u00e1cter rico y musical, tono agudo-medio, volumen medio, sustain medio.","og_url":"https:\/\/www.mexicanguitarplayers.com\/en\/tienda\/percusiones\/platillos\/paquetes-platillos\/platillo-meinl-jgo-mod-cc141620\/","og_site_name":"Mexican Guitar Players","article_modified_time":"2025-05-09T14:03:24+00:00","og_image":[{"width":1200,"height":1200,"url":"https:\/\/www.mexicanguitarplayers.com\/wp-content\/uploads\/2022\/08\/IPMEICC141620-1.jpg","type":"image\/jpeg"}],"twitter_card":"summary_large_image","schema":{"@context":"https:\/\/schema.org","@graph":[{"@type":["WebPage","ItemPage"],"@id":"https:\/\/www.mexicanguitarplayers.com\/tienda\/percusiones\/platillos\/paquetes-platillos\/platillo-meinl-jgo-mod-cc141620\/","url":"https:\/\/www.mexicanguitarplayers.com\/tienda\/percusiones\/platillos\/paquetes-platillos\/platillo-meinl-jgo-mod-cc141620\/","name":"PLATILLO MEINL JGO. MOD. CC141620 - Mexican Guitar Players","isPartOf":{"@id":"https:\/\/www.mexicanguitarplayers.com\/#website"},"primaryImageOfPage":{"@id":"https:\/\/www.mexicanguitarplayers.com\/tienda\/percusiones\/platillos\/paquetes-platillos\/platillo-meinl-jgo-mod-cc141620\/#primaryimage"},"image":{"@id":"https:\/\/www.mexicanguitarplayers.com\/tienda\/percusiones\/platillos\/paquetes-platillos\/platillo-meinl-jgo-mod-cc141620\/#primaryimage"},"thumbnailUrl":"https:\/\/www.mexicanguitarplayers.com\/wp-content\/uploads\/2022\/08\/IPMEICC141620-1.jpg","datePublished":"2022-08-18T06:23:09+00:00","dateModified":"2025-05-09T14:03:24+00:00","description":"PLATILLO MEINL JGO. MOD. CC141620. Set de platillos Classics Custom que incluye contratiempo de 14\u201d pulgadas, medium crash de 16\u201d pulgadas y medium ride de 20\u201d pulgadas, fabricados con aleaci\u00f3n de bronce B10 que contiene m\u00e1s esta\u00f1o que la serie Classic est\u00e1ndar, fabricaci\u00f3n computarizada de alta tecnolog\u00eda, terminado brillante, timbre brillante, car\u00e1cter rico y musical, tono agudo-medio, volumen medio, sustain medio.","breadcrumb":{"@id":"https:\/\/www.mexicanguitarplayers.com\/tienda\/percusiones\/platillos\/paquetes-platillos\/platillo-meinl-jgo-mod-cc141620\/#breadcrumb"},"inLanguage":"en-US","potentialAction":[{"@type":"ReadAction","target":["https:\/\/www.mexicanguitarplayers.com\/tienda\/percusiones\/platillos\/paquetes-platillos\/platillo-meinl-jgo-mod-cc141620\/"]}]},{"@type":"ImageObject","inLanguage":"en-US","@id":"https:\/\/www.mexicanguitarplayers.com\/tienda\/percusiones\/platillos\/paquetes-platillos\/platillo-meinl-jgo-mod-cc141620\/#primaryimage","url":"https:\/\/www.mexicanguitarplayers.com\/wp-content\/uploads\/2022\/08\/IPMEICC141620-1.jpg","contentUrl":"https:\/\/www.mexicanguitarplayers.com\/wp-content\/uploads\/2022\/08\/IPMEICC141620-1.jpg","width":1200,"height":1200},{"@type":"BreadcrumbList","@id":"https:\/\/www.mexicanguitarplayers.com\/tienda\/percusiones\/platillos\/paquetes-platillos\/platillo-meinl-jgo-mod-cc141620\/#breadcrumb","itemListElement":[{"@type":"ListItem","position":1,"name":"Portada","item":"https:\/\/www.mexicanguitarplayers.com\/"},{"@type":"ListItem","position":2,"name":"Tienda","item":"https:\/\/www.mexicanguitarplayers.com\/tienda\/"},{"@type":"ListItem","position":3,"name":"PLATILLO MEINL JGO. MOD. CC141620"}]},{"@type":"WebSite","@id":"https:\/\/www.mexicanguitarplayers.com\/#website","url":"https:\/\/www.mexicanguitarplayers.com\/","name":"Mexican Guitar Players","description":"Website","publisher":{"@id":"https:\/\/www.mexicanguitarplayers.com\/#organization"},"potentialAction":[{"@type":"SearchAction","target":{"@type":"EntryPoint","urlTemplate":"https:\/\/www.mexicanguitarplayers.com\/?s={search_term_string}"},"query-input":{"@type":"PropertyValueSpecification","valueRequired":true,"valueName":"search_term_string"}}],"inLanguage":"en-US"},{"@type":"Organization","@id":"https:\/\/www.mexicanguitarplayers.com\/#organization","name":"Mexican Guitar Players","url":"https:\/\/www.mexicanguitarplayers.com\/","logo":{"@type":"ImageObject","inLanguage":"en-US","@id":"https:\/\/www.mexicanguitarplayers.com\/#\/schema\/logo\/image\/","url":"","contentUrl":"","caption":"Mexican Guitar Players"},"image":{"@id":"https:\/\/www.mexicanguitarplayers.com\/#\/schema\/logo\/image\/"}}]}},"brands":[{"id":290,"name":"MEINL","slug":"meinl"}],"_links":{"self":[{"href":"https:\/\/www.mexicanguitarplayers.com\/en\/wp-json\/wp\/v2\/product\/9391","targetHints":{"allow":["GET"]}}],"collection":[{"href":"https:\/\/www.mexicanguitarplayers.com\/en\/wp-json\/wp\/v2\/product"}],"about":[{"href":"https:\/\/www.mexicanguitarplayers.com\/en\/wp-json\/wp\/v2\/types\/product"}],"replies":[{"embeddable":true,"href":"https:\/\/www.mexicanguitarplayers.com\/en\/wp-json\/wp\/v2\/comments?post=9391"}],"wp:featuredmedia":[{"embeddable":true,"href":"https:\/\/www.mexicanguitarplayers.com\/en\/wp-json\/wp\/v2\/media\/22577"}],"wp:attachment":[{"href":"https:\/\/www.mexicanguitarplayers.com\/en\/wp-json\/wp\/v2\/media?parent=9391"}],"wp:term":[{"taxonomy":"pwb-brand","embeddable":true,"href":"https:\/\/www.mexicanguitarplayers.com\/en\/wp-json\/wp\/v2\/pwb-brand?post=9391"},{"taxonomy":"product_brand","embeddable":true,"href":"https:\/\/www.mexicanguitarplayers.com\/en\/wp-json\/wp\/v2\/product_brand?post=9391"},{"taxonomy":"product_cat","embeddable":true,"href":"https:\/\/www.mexicanguitarplayers.com\/en\/wp-json\/wp\/v2\/product_cat?post=9391"},{"taxonomy":"product_tag","embeddable":true,"href":"https:\/\/www.mexicanguitarplayers.com\/en\/wp-json\/wp\/v2\/product_tag?post=9391"}],"curies":[{"name":"wp","href":"https:\/\/api.w.org\/{rel}","templated":true}]}}