{"id":9405,"date":"2022-08-18T01:23:27","date_gmt":"2022-08-18T06:23:27","guid":{"rendered":"https:\/\/www.mexicanguitarplayers.com\/tienda\/sin%20categor\u00eda\/platillo-meinl-15-mod-cc15dah\/"},"modified":"2026-04-10T05:23:58","modified_gmt":"2026-04-10T11:23:58","slug":"platillo-meinl-15-mod-cc15dah","status":"publish","type":"product","link":"https:\/\/www.mexicanguitarplayers.com\/en\/tienda\/percusiones\/platillos\/hi-hats\/platillo-meinl-15-mod-cc15dah\/","title":{"rendered":"MEINL SAUCER 15 MOD. CC15DAH"},"content":{"rendered":"<div style=\"text-align: justify\">\n<div>\n<h3>MEINL SAUCER 15 MOD. CC15DAH<\/h3>\n<\/div>\n<div>Classics Custom Dark 15\u201d Hi-Strikes, excellent definition of high pitch with stick, strong and aggressive attack, cutting sound and great warmth due to additional hammering, bright tone, rich character and music, medium volume, medium sustain, medium weight, dark finish, made of B10 bronze alloy.<\/div>\n<\/div>","protected":false},"excerpt":{"rendered":"<p>Contratiempos Classics Custom Dark de 15\u201d pulgadas, excelente definici\u00f3n de tono agudo con baqueta, ataque fuerte y agresivo, sonido cortante y gran calidez debido a su martillado adicional, timbre brillante, car\u00e1cter rico y m\u00fasica, volumen medio, sustain medio, peso mediado, terminado dark, fabricado con aleaci\u00f3n de bronce B10.&hellip; <a class=\"kt-excerpt-readmore more-link\" href=\"https:\/\/www.mexicanguitarplayers.com\/en\/tienda\/percusiones\/platillos\/hi-hats\/platillo-meinl-15-mod-cc15dah\/\">Read more<\/a><\/p>","protected":false},"featured_media":22584,"comment_status":"open","ping_status":"closed","template":"","meta":{"kt_blocks_editor_width":""},"pwb-brand":[290],"product_brand":[],"product_cat":[284,208,260],"product_tag":[],"class_list":{"0":"post-9405","1":"product","2":"type-product","3":"status-publish","4":"has-post-thumbnail","6":"pwb-brand-meinl","7":"product_cat-hi-hats","8":"product_cat-percusiones","9":"product_cat-platillos","10":"product_shipping_class-0-5-kg","12":"first","13":"outofstock","14":"taxable","15":"shipping-taxable","16":"purchasable","17":"product-type-simple"},"yoast_head":"<!-- This site is optimized with the Yoast SEO plugin v27.6 - https:\/\/yoast.com\/product\/yoast-seo-wordpress\/ -->\n<title>PLATILLO MEINL 15 MOD. CC15DAH - Mexican Guitar Players<\/title>\n<meta name=\"description\" content=\"PLATILLO MEINL 15 MOD. CC15DAH. Contratiempos Classics Custom Dark de 15\u201d pulgadas, excelente definici\u00f3n de tono agudo con baqueta, ataque fuerte y agresivo, sonido cortante y gran calidez debido a su martillado adicional, timbre brillante, car\u00e1cter rico y m\u00fasica, volumen medio, sustain medio, peso mediado, terminado dark, fabricado con aleaci\u00f3n de bronce B10.\" \/>\n<meta name=\"robots\" content=\"index, follow, max-snippet:-1, max-image-preview:large, max-video-preview:-1\" \/>\n<link rel=\"canonical\" href=\"https:\/\/www.mexicanguitarplayers.com\/en\/tienda\/percusiones\/platillos\/hi-hats\/platillo-meinl-15-mod-cc15dah\/\" \/>\n<meta property=\"og:locale\" content=\"en_US\" \/>\n<meta property=\"og:type\" content=\"article\" \/>\n<meta property=\"og:title\" content=\"PLATILLO MEINL 15 MOD. CC15DAH - Mexican Guitar Players\" \/>\n<meta property=\"og:description\" content=\"PLATILLO MEINL 15 MOD. CC15DAH. Contratiempos Classics Custom Dark de 15\u201d pulgadas, excelente definici\u00f3n de tono agudo con baqueta, ataque fuerte y agresivo, sonido cortante y gran calidez debido a su martillado adicional, timbre brillante, car\u00e1cter rico y m\u00fasica, volumen medio, sustain medio, peso mediado, terminado dark, fabricado con aleaci\u00f3n de bronce B10.\" \/>\n<meta property=\"og:url\" content=\"https:\/\/www.mexicanguitarplayers.com\/en\/tienda\/percusiones\/platillos\/hi-hats\/platillo-meinl-15-mod-cc15dah\/\" \/>\n<meta property=\"og:site_name\" content=\"Mexican Guitar Players\" \/>\n<meta property=\"article:modified_time\" content=\"2026-04-10T11:23:58+00:00\" \/>\n<meta property=\"og:image\" content=\"https:\/\/www.mexicanguitarplayers.com\/wp-content\/uploads\/2022\/08\/IPMEICC15DAH-1.jpg\" \/>\n\t<meta property=\"og:image:width\" content=\"1200\" \/>\n\t<meta property=\"og:image:height\" content=\"1200\" \/>\n\t<meta property=\"og:image:type\" content=\"image\/jpeg\" \/>\n<meta name=\"twitter:card\" content=\"summary_large_image\" \/>\n<script type=\"application\/ld+json\" class=\"yoast-schema-graph\">{\"@context\":\"https:\\\/\\\/schema.org\",\"@graph\":[{\"@type\":[\"WebPage\",\"ItemPage\"],\"@id\":\"https:\\\/\\\/www.mexicanguitarplayers.com\\\/tienda\\\/percusiones\\\/platillos\\\/hi-hats\\\/platillo-meinl-15-mod-cc15dah\\\/\",\"url\":\"https:\\\/\\\/www.mexicanguitarplayers.com\\\/tienda\\\/percusiones\\\/platillos\\\/hi-hats\\\/platillo-meinl-15-mod-cc15dah\\\/\",\"name\":\"PLATILLO MEINL 15 MOD. CC15DAH - Mexican Guitar Players\",\"isPartOf\":{\"@id\":\"https:\\\/\\\/www.mexicanguitarplayers.com\\\/#website\"},\"primaryImageOfPage\":{\"@id\":\"https:\\\/\\\/www.mexicanguitarplayers.com\\\/tienda\\\/percusiones\\\/platillos\\\/hi-hats\\\/platillo-meinl-15-mod-cc15dah\\\/#primaryimage\"},\"image\":{\"@id\":\"https:\\\/\\\/www.mexicanguitarplayers.com\\\/tienda\\\/percusiones\\\/platillos\\\/hi-hats\\\/platillo-meinl-15-mod-cc15dah\\\/#primaryimage\"},\"thumbnailUrl\":\"https:\\\/\\\/www.mexicanguitarplayers.com\\\/wp-content\\\/uploads\\\/2022\\\/08\\\/IPMEICC15DAH-1.jpg\",\"datePublished\":\"2022-08-18T06:23:27+00:00\",\"dateModified\":\"2026-04-10T11:23:58+00:00\",\"description\":\"PLATILLO MEINL 15 MOD. CC15DAH. Contratiempos Classics Custom Dark de 15\u201d pulgadas, excelente definici\u00f3n de tono agudo con baqueta, ataque fuerte y agresivo, sonido cortante y gran calidez debido a su martillado adicional, timbre brillante, car\u00e1cter rico y m\u00fasica, volumen medio, sustain medio, peso mediado, terminado dark, fabricado con aleaci\u00f3n de bronce B10.\",\"breadcrumb\":{\"@id\":\"https:\\\/\\\/www.mexicanguitarplayers.com\\\/tienda\\\/percusiones\\\/platillos\\\/hi-hats\\\/platillo-meinl-15-mod-cc15dah\\\/#breadcrumb\"},\"inLanguage\":\"en-US\",\"potentialAction\":[{\"@type\":\"ReadAction\",\"target\":[\"https:\\\/\\\/www.mexicanguitarplayers.com\\\/tienda\\\/percusiones\\\/platillos\\\/hi-hats\\\/platillo-meinl-15-mod-cc15dah\\\/\"]}]},{\"@type\":\"ImageObject\",\"inLanguage\":\"en-US\",\"@id\":\"https:\\\/\\\/www.mexicanguitarplayers.com\\\/tienda\\\/percusiones\\\/platillos\\\/hi-hats\\\/platillo-meinl-15-mod-cc15dah\\\/#primaryimage\",\"url\":\"https:\\\/\\\/www.mexicanguitarplayers.com\\\/wp-content\\\/uploads\\\/2022\\\/08\\\/IPMEICC15DAH-1.jpg\",\"contentUrl\":\"https:\\\/\\\/www.mexicanguitarplayers.com\\\/wp-content\\\/uploads\\\/2022\\\/08\\\/IPMEICC15DAH-1.jpg\",\"width\":1200,\"height\":1200},{\"@type\":\"BreadcrumbList\",\"@id\":\"https:\\\/\\\/www.mexicanguitarplayers.com\\\/tienda\\\/percusiones\\\/platillos\\\/hi-hats\\\/platillo-meinl-15-mod-cc15dah\\\/#breadcrumb\",\"itemListElement\":[{\"@type\":\"ListItem\",\"position\":1,\"name\":\"Portada\",\"item\":\"https:\\\/\\\/www.mexicanguitarplayers.com\\\/\"},{\"@type\":\"ListItem\",\"position\":2,\"name\":\"Tienda\",\"item\":\"https:\\\/\\\/www.mexicanguitarplayers.com\\\/tienda\\\/\"},{\"@type\":\"ListItem\",\"position\":3,\"name\":\"PLATILLO MEINL 15 MOD. CC15DAH\"}]},{\"@type\":\"WebSite\",\"@id\":\"https:\\\/\\\/www.mexicanguitarplayers.com\\\/#website\",\"url\":\"https:\\\/\\\/www.mexicanguitarplayers.com\\\/\",\"name\":\"Mexican Guitar Players\",\"description\":\"Website\",\"publisher\":{\"@id\":\"https:\\\/\\\/www.mexicanguitarplayers.com\\\/#organization\"},\"potentialAction\":[{\"@type\":\"SearchAction\",\"target\":{\"@type\":\"EntryPoint\",\"urlTemplate\":\"https:\\\/\\\/www.mexicanguitarplayers.com\\\/?s={search_term_string}\"},\"query-input\":{\"@type\":\"PropertyValueSpecification\",\"valueRequired\":true,\"valueName\":\"search_term_string\"}}],\"inLanguage\":\"en-US\"},{\"@type\":\"Organization\",\"@id\":\"https:\\\/\\\/www.mexicanguitarplayers.com\\\/#organization\",\"name\":\"Mexican Guitar Players\",\"url\":\"https:\\\/\\\/www.mexicanguitarplayers.com\\\/\",\"logo\":{\"@type\":\"ImageObject\",\"inLanguage\":\"en-US\",\"@id\":\"https:\\\/\\\/www.mexicanguitarplayers.com\\\/#\\\/schema\\\/logo\\\/image\\\/\",\"url\":\"\",\"contentUrl\":\"\",\"caption\":\"Mexican Guitar Players\"},\"image\":{\"@id\":\"https:\\\/\\\/www.mexicanguitarplayers.com\\\/#\\\/schema\\\/logo\\\/image\\\/\"}}]}<\/script>\n<!-- \/ Yoast SEO plugin. -->","yoast_head_json":{"title":"PLATILLO MEINL 15 MOD. CC15DAH - Mexican Guitar Players","description":"PLATILLO MEINL 15 MOD. CC15DAH. Contratiempos Classics Custom Dark de 15\u201d pulgadas, excelente definici\u00f3n de tono agudo con baqueta, ataque fuerte y agresivo, sonido cortante y gran calidez debido a su martillado adicional, timbre brillante, car\u00e1cter rico y m\u00fasica, volumen medio, sustain medio, peso mediado, terminado dark, fabricado con aleaci\u00f3n de bronce B10.","robots":{"index":"index","follow":"follow","max-snippet":"max-snippet:-1","max-image-preview":"max-image-preview:large","max-video-preview":"max-video-preview:-1"},"canonical":"https:\/\/www.mexicanguitarplayers.com\/en\/tienda\/percusiones\/platillos\/hi-hats\/platillo-meinl-15-mod-cc15dah\/","og_locale":"en_US","og_type":"article","og_title":"PLATILLO MEINL 15 MOD. CC15DAH - Mexican Guitar Players","og_description":"PLATILLO MEINL 15 MOD. CC15DAH. Contratiempos Classics Custom Dark de 15\u201d pulgadas, excelente definici\u00f3n de tono agudo con baqueta, ataque fuerte y agresivo, sonido cortante y gran calidez debido a su martillado adicional, timbre brillante, car\u00e1cter rico y m\u00fasica, volumen medio, sustain medio, peso mediado, terminado dark, fabricado con aleaci\u00f3n de bronce B10.","og_url":"https:\/\/www.mexicanguitarplayers.com\/en\/tienda\/percusiones\/platillos\/hi-hats\/platillo-meinl-15-mod-cc15dah\/","og_site_name":"Mexican Guitar Players","article_modified_time":"2026-04-10T11:23:58+00:00","og_image":[{"width":1200,"height":1200,"url":"https:\/\/www.mexicanguitarplayers.com\/wp-content\/uploads\/2022\/08\/IPMEICC15DAH-1.jpg","type":"image\/jpeg"}],"twitter_card":"summary_large_image","schema":{"@context":"https:\/\/schema.org","@graph":[{"@type":["WebPage","ItemPage"],"@id":"https:\/\/www.mexicanguitarplayers.com\/tienda\/percusiones\/platillos\/hi-hats\/platillo-meinl-15-mod-cc15dah\/","url":"https:\/\/www.mexicanguitarplayers.com\/tienda\/percusiones\/platillos\/hi-hats\/platillo-meinl-15-mod-cc15dah\/","name":"PLATILLO MEINL 15 MOD. CC15DAH - Mexican Guitar Players","isPartOf":{"@id":"https:\/\/www.mexicanguitarplayers.com\/#website"},"primaryImageOfPage":{"@id":"https:\/\/www.mexicanguitarplayers.com\/tienda\/percusiones\/platillos\/hi-hats\/platillo-meinl-15-mod-cc15dah\/#primaryimage"},"image":{"@id":"https:\/\/www.mexicanguitarplayers.com\/tienda\/percusiones\/platillos\/hi-hats\/platillo-meinl-15-mod-cc15dah\/#primaryimage"},"thumbnailUrl":"https:\/\/www.mexicanguitarplayers.com\/wp-content\/uploads\/2022\/08\/IPMEICC15DAH-1.jpg","datePublished":"2022-08-18T06:23:27+00:00","dateModified":"2026-04-10T11:23:58+00:00","description":"PLATILLO MEINL 15 MOD. CC15DAH. Contratiempos Classics Custom Dark de 15\u201d pulgadas, excelente definici\u00f3n de tono agudo con baqueta, ataque fuerte y agresivo, sonido cortante y gran calidez debido a su martillado adicional, timbre brillante, car\u00e1cter rico y m\u00fasica, volumen medio, sustain medio, peso mediado, terminado dark, fabricado con aleaci\u00f3n de bronce B10.","breadcrumb":{"@id":"https:\/\/www.mexicanguitarplayers.com\/tienda\/percusiones\/platillos\/hi-hats\/platillo-meinl-15-mod-cc15dah\/#breadcrumb"},"inLanguage":"en-US","potentialAction":[{"@type":"ReadAction","target":["https:\/\/www.mexicanguitarplayers.com\/tienda\/percusiones\/platillos\/hi-hats\/platillo-meinl-15-mod-cc15dah\/"]}]},{"@type":"ImageObject","inLanguage":"en-US","@id":"https:\/\/www.mexicanguitarplayers.com\/tienda\/percusiones\/platillos\/hi-hats\/platillo-meinl-15-mod-cc15dah\/#primaryimage","url":"https:\/\/www.mexicanguitarplayers.com\/wp-content\/uploads\/2022\/08\/IPMEICC15DAH-1.jpg","contentUrl":"https:\/\/www.mexicanguitarplayers.com\/wp-content\/uploads\/2022\/08\/IPMEICC15DAH-1.jpg","width":1200,"height":1200},{"@type":"BreadcrumbList","@id":"https:\/\/www.mexicanguitarplayers.com\/tienda\/percusiones\/platillos\/hi-hats\/platillo-meinl-15-mod-cc15dah\/#breadcrumb","itemListElement":[{"@type":"ListItem","position":1,"name":"Portada","item":"https:\/\/www.mexicanguitarplayers.com\/"},{"@type":"ListItem","position":2,"name":"Tienda","item":"https:\/\/www.mexicanguitarplayers.com\/tienda\/"},{"@type":"ListItem","position":3,"name":"PLATILLO MEINL 15 MOD. CC15DAH"}]},{"@type":"WebSite","@id":"https:\/\/www.mexicanguitarplayers.com\/#website","url":"https:\/\/www.mexicanguitarplayers.com\/","name":"Mexican Guitar Players","description":"Website","publisher":{"@id":"https:\/\/www.mexicanguitarplayers.com\/#organization"},"potentialAction":[{"@type":"SearchAction","target":{"@type":"EntryPoint","urlTemplate":"https:\/\/www.mexicanguitarplayers.com\/?s={search_term_string}"},"query-input":{"@type":"PropertyValueSpecification","valueRequired":true,"valueName":"search_term_string"}}],"inLanguage":"en-US"},{"@type":"Organization","@id":"https:\/\/www.mexicanguitarplayers.com\/#organization","name":"Mexican Guitar Players","url":"https:\/\/www.mexicanguitarplayers.com\/","logo":{"@type":"ImageObject","inLanguage":"en-US","@id":"https:\/\/www.mexicanguitarplayers.com\/#\/schema\/logo\/image\/","url":"","contentUrl":"","caption":"Mexican Guitar Players"},"image":{"@id":"https:\/\/www.mexicanguitarplayers.com\/#\/schema\/logo\/image\/"}}]}},"brands":[{"id":290,"name":"MEINL","slug":"meinl"}],"_links":{"self":[{"href":"https:\/\/www.mexicanguitarplayers.com\/en\/wp-json\/wp\/v2\/product\/9405","targetHints":{"allow":["GET"]}}],"collection":[{"href":"https:\/\/www.mexicanguitarplayers.com\/en\/wp-json\/wp\/v2\/product"}],"about":[{"href":"https:\/\/www.mexicanguitarplayers.com\/en\/wp-json\/wp\/v2\/types\/product"}],"replies":[{"embeddable":true,"href":"https:\/\/www.mexicanguitarplayers.com\/en\/wp-json\/wp\/v2\/comments?post=9405"}],"wp:featuredmedia":[{"embeddable":true,"href":"https:\/\/www.mexicanguitarplayers.com\/en\/wp-json\/wp\/v2\/media\/22584"}],"wp:attachment":[{"href":"https:\/\/www.mexicanguitarplayers.com\/en\/wp-json\/wp\/v2\/media?parent=9405"}],"wp:term":[{"taxonomy":"pwb-brand","embeddable":true,"href":"https:\/\/www.mexicanguitarplayers.com\/en\/wp-json\/wp\/v2\/pwb-brand?post=9405"},{"taxonomy":"product_brand","embeddable":true,"href":"https:\/\/www.mexicanguitarplayers.com\/en\/wp-json\/wp\/v2\/product_brand?post=9405"},{"taxonomy":"product_cat","embeddable":true,"href":"https:\/\/www.mexicanguitarplayers.com\/en\/wp-json\/wp\/v2\/product_cat?post=9405"},{"taxonomy":"product_tag","embeddable":true,"href":"https:\/\/www.mexicanguitarplayers.com\/en\/wp-json\/wp\/v2\/product_tag?post=9405"}],"curies":[{"name":"wp","href":"https:\/\/api.w.org\/{rel}","templated":true}]}}