{"id":9455,"date":"2022-08-18T01:24:28","date_gmt":"2022-08-18T06:24:28","guid":{"rendered":"https:\/\/www.mexicanguitarplayers.com\/tienda\/sin%20categor\u00eda\/platllo-meinl-18-mod-cc18duch\/"},"modified":"2026-03-02T04:41:27","modified_gmt":"2026-03-02T10:41:27","slug":"platllo-meinl-18-mod-cc18duch","status":"publish","type":"product","link":"https:\/\/www.mexicanguitarplayers.com\/en\/tienda\/percusiones\/platillos\/splashes\/platllo-meinl-18-mod-cc18duch\/","title":{"rendered":"MEINL 18 CYMBAL MOD.CC18DUCH"},"content":{"rendered":"<div style=\"text-align: justify\">\n<div>\n<h3>MEINL 18 CYMBAL MOD.CC18DUCH<\/h3>\n<\/div>\n<div>Dual China, 18&quot; Diameter, Blend of Warm Sound and Explosive Response, High Tech Computerized Pressure Point Hammering, Made in Germany Using 100% Renewable Energy, Weight: Medium, Character: Complex, Full-bodied, Rich Musical, Timbre Medium Dark, Medium to High Volume, Turning: Narrow Blade, Wide Blade, Medium Sustain, Made of B12 Bronca Alloy, Dark\/Bright Finish.<\/div>\n<\/div>","protected":false},"excerpt":{"rendered":"<p>China dual, di\u00e1metro de 18\u201d pulgadas, mezcla de sonido c\u00e1lido y respuesta explosiva, martillado computarizado de alta tecnolog\u00eda de punto de presi\u00f3n, fabricado en Alemania con energ\u00eda 100% renovable, peso: mediano, car\u00e1cter: complejo, musical rico y con cuerpo, timbre medio oscuro, volumen de medio a alto, torneado: hoja estrecha, hoja ancha, sustain medio, fabricado con aleaci\u00f3n de bronca B12, terminado oscuro\/brillante.&hellip; <a class=\"kt-excerpt-readmore more-link\" href=\"https:\/\/www.mexicanguitarplayers.com\/en\/tienda\/percusiones\/platillos\/splashes\/platllo-meinl-18-mod-cc18duch\/\">Read more<\/a><\/p>","protected":false},"featured_media":9454,"comment_status":"open","ping_status":"closed","template":"","meta":{"kt_blocks_editor_width":""},"pwb-brand":[290],"product_brand":[],"product_cat":[208,260,293],"product_tag":[],"class_list":{"0":"post-9455","1":"product","2":"type-product","3":"status-publish","4":"has-post-thumbnail","6":"pwb-brand-meinl","7":"product_cat-percusiones","8":"product_cat-platillos","9":"product_cat-splashes","10":"product_shipping_class-0-5-kg","12":"first","13":"outofstock","14":"taxable","15":"shipping-taxable","16":"purchasable","17":"product-type-simple"},"yoast_head":"<!-- This site is optimized with the Yoast SEO plugin v27.3 - https:\/\/yoast.com\/product\/yoast-seo-wordpress\/ -->\n<title>PLATLLO MEINL 18 MOD.CC18DUCH - Mexican Guitar Players<\/title>\n<meta name=\"description\" content=\"PLATLLO MEINL 18 MOD.CC18DUCH. China dual, di\u00e1metro de 18\u201d pulgadas, mezcla de sonido c\u00e1lido y respuesta explosiva, martillado computarizado de alta tecnolog\u00eda de punto de presi\u00f3n, fabricado en Alemania con energ\u00eda 100% renovable, peso: mediano, car\u00e1cter: complejo, musical rico y con cuerpo, timbre medio oscuro, volumen de medio a alto, torneado: hoja estrecha, hoja ancha, sustain medio, fabricado con aleaci\u00f3n de bronca B12, terminado oscuro\/brillante.\" \/>\n<meta name=\"robots\" content=\"index, follow, max-snippet:-1, max-image-preview:large, max-video-preview:-1\" \/>\n<link rel=\"canonical\" href=\"https:\/\/www.mexicanguitarplayers.com\/en\/tienda\/percusiones\/platillos\/splashes\/platllo-meinl-18-mod-cc18duch\/\" \/>\n<meta property=\"og:locale\" content=\"en_US\" \/>\n<meta property=\"og:type\" content=\"article\" \/>\n<meta property=\"og:title\" content=\"PLATLLO MEINL 18 MOD.CC18DUCH - Mexican Guitar Players\" \/>\n<meta property=\"og:description\" content=\"PLATLLO MEINL 18 MOD.CC18DUCH. China dual, di\u00e1metro de 18\u201d pulgadas, mezcla de sonido c\u00e1lido y respuesta explosiva, martillado computarizado de alta tecnolog\u00eda de punto de presi\u00f3n, fabricado en Alemania con energ\u00eda 100% renovable, peso: mediano, car\u00e1cter: complejo, musical rico y con cuerpo, timbre medio oscuro, volumen de medio a alto, torneado: hoja estrecha, hoja ancha, sustain medio, fabricado con aleaci\u00f3n de bronca B12, terminado oscuro\/brillante.\" \/>\n<meta property=\"og:url\" content=\"https:\/\/www.mexicanguitarplayers.com\/en\/tienda\/percusiones\/platillos\/splashes\/platllo-meinl-18-mod-cc18duch\/\" \/>\n<meta property=\"og:site_name\" content=\"Mexican Guitar Players\" \/>\n<meta property=\"article:modified_time\" content=\"2026-03-02T10:41:27+00:00\" \/>\n<meta property=\"og:image\" content=\"https:\/\/www.mexicanguitarplayers.com\/wp-content\/uploads\/2022\/08\/IPMEICC18DUCH.jpg\" \/>\n\t<meta property=\"og:image:width\" content=\"1200\" \/>\n\t<meta property=\"og:image:height\" content=\"1200\" \/>\n\t<meta property=\"og:image:type\" content=\"image\/jpeg\" \/>\n<meta name=\"twitter:card\" content=\"summary_large_image\" \/>\n<script type=\"application\/ld+json\" class=\"yoast-schema-graph\">{\"@context\":\"https:\\\/\\\/schema.org\",\"@graph\":[{\"@type\":[\"WebPage\",\"ItemPage\"],\"@id\":\"https:\\\/\\\/www.mexicanguitarplayers.com\\\/tienda\\\/percusiones\\\/platillos\\\/splashes\\\/platllo-meinl-18-mod-cc18duch\\\/\",\"url\":\"https:\\\/\\\/www.mexicanguitarplayers.com\\\/tienda\\\/percusiones\\\/platillos\\\/splashes\\\/platllo-meinl-18-mod-cc18duch\\\/\",\"name\":\"PLATLLO MEINL 18 MOD.CC18DUCH - Mexican Guitar Players\",\"isPartOf\":{\"@id\":\"https:\\\/\\\/www.mexicanguitarplayers.com\\\/#website\"},\"primaryImageOfPage\":{\"@id\":\"https:\\\/\\\/www.mexicanguitarplayers.com\\\/tienda\\\/percusiones\\\/platillos\\\/splashes\\\/platllo-meinl-18-mod-cc18duch\\\/#primaryimage\"},\"image\":{\"@id\":\"https:\\\/\\\/www.mexicanguitarplayers.com\\\/tienda\\\/percusiones\\\/platillos\\\/splashes\\\/platllo-meinl-18-mod-cc18duch\\\/#primaryimage\"},\"thumbnailUrl\":\"https:\\\/\\\/www.mexicanguitarplayers.com\\\/wp-content\\\/uploads\\\/2022\\\/08\\\/IPMEICC18DUCH.jpg\",\"datePublished\":\"2022-08-18T06:24:28+00:00\",\"dateModified\":\"2026-03-02T10:41:27+00:00\",\"description\":\"PLATLLO MEINL 18 MOD.CC18DUCH. China dual, di\u00e1metro de 18\u201d pulgadas, mezcla de sonido c\u00e1lido y respuesta explosiva, martillado computarizado de alta tecnolog\u00eda de punto de presi\u00f3n, fabricado en Alemania con energ\u00eda 100% renovable, peso: mediano, car\u00e1cter: complejo, musical rico y con cuerpo, timbre medio oscuro, volumen de medio a alto, torneado: hoja estrecha, hoja ancha, sustain medio, fabricado con aleaci\u00f3n de bronca B12, terminado oscuro\\\/brillante.\",\"breadcrumb\":{\"@id\":\"https:\\\/\\\/www.mexicanguitarplayers.com\\\/tienda\\\/percusiones\\\/platillos\\\/splashes\\\/platllo-meinl-18-mod-cc18duch\\\/#breadcrumb\"},\"inLanguage\":\"en-US\",\"potentialAction\":[{\"@type\":\"ReadAction\",\"target\":[\"https:\\\/\\\/www.mexicanguitarplayers.com\\\/tienda\\\/percusiones\\\/platillos\\\/splashes\\\/platllo-meinl-18-mod-cc18duch\\\/\"]}]},{\"@type\":\"ImageObject\",\"inLanguage\":\"en-US\",\"@id\":\"https:\\\/\\\/www.mexicanguitarplayers.com\\\/tienda\\\/percusiones\\\/platillos\\\/splashes\\\/platllo-meinl-18-mod-cc18duch\\\/#primaryimage\",\"url\":\"https:\\\/\\\/www.mexicanguitarplayers.com\\\/wp-content\\\/uploads\\\/2022\\\/08\\\/IPMEICC18DUCH.jpg\",\"contentUrl\":\"https:\\\/\\\/www.mexicanguitarplayers.com\\\/wp-content\\\/uploads\\\/2022\\\/08\\\/IPMEICC18DUCH.jpg\",\"width\":1200,\"height\":1200},{\"@type\":\"BreadcrumbList\",\"@id\":\"https:\\\/\\\/www.mexicanguitarplayers.com\\\/tienda\\\/percusiones\\\/platillos\\\/splashes\\\/platllo-meinl-18-mod-cc18duch\\\/#breadcrumb\",\"itemListElement\":[{\"@type\":\"ListItem\",\"position\":1,\"name\":\"Portada\",\"item\":\"https:\\\/\\\/www.mexicanguitarplayers.com\\\/\"},{\"@type\":\"ListItem\",\"position\":2,\"name\":\"Tienda\",\"item\":\"https:\\\/\\\/www.mexicanguitarplayers.com\\\/tienda\\\/\"},{\"@type\":\"ListItem\",\"position\":3,\"name\":\"PLATLLO MEINL 18 MOD.CC18DUCH\"}]},{\"@type\":\"WebSite\",\"@id\":\"https:\\\/\\\/www.mexicanguitarplayers.com\\\/#website\",\"url\":\"https:\\\/\\\/www.mexicanguitarplayers.com\\\/\",\"name\":\"Mexican Guitar Players\",\"description\":\"Website\",\"publisher\":{\"@id\":\"https:\\\/\\\/www.mexicanguitarplayers.com\\\/#organization\"},\"potentialAction\":[{\"@type\":\"SearchAction\",\"target\":{\"@type\":\"EntryPoint\",\"urlTemplate\":\"https:\\\/\\\/www.mexicanguitarplayers.com\\\/?s={search_term_string}\"},\"query-input\":{\"@type\":\"PropertyValueSpecification\",\"valueRequired\":true,\"valueName\":\"search_term_string\"}}],\"inLanguage\":\"en-US\"},{\"@type\":\"Organization\",\"@id\":\"https:\\\/\\\/www.mexicanguitarplayers.com\\\/#organization\",\"name\":\"Mexican Guitar Players\",\"url\":\"https:\\\/\\\/www.mexicanguitarplayers.com\\\/\",\"logo\":{\"@type\":\"ImageObject\",\"inLanguage\":\"en-US\",\"@id\":\"https:\\\/\\\/www.mexicanguitarplayers.com\\\/#\\\/schema\\\/logo\\\/image\\\/\",\"url\":\"\",\"contentUrl\":\"\",\"caption\":\"Mexican Guitar Players\"},\"image\":{\"@id\":\"https:\\\/\\\/www.mexicanguitarplayers.com\\\/#\\\/schema\\\/logo\\\/image\\\/\"}}]}<\/script>\n<!-- \/ Yoast SEO plugin. -->","yoast_head_json":{"title":"PLATLLO MEINL 18 MOD.CC18DUCH - Mexican Guitar Players","description":"PLATLLO MEINL 18 MOD.CC18DUCH. China dual, di\u00e1metro de 18\u201d pulgadas, mezcla de sonido c\u00e1lido y respuesta explosiva, martillado computarizado de alta tecnolog\u00eda de punto de presi\u00f3n, fabricado en Alemania con energ\u00eda 100% renovable, peso: mediano, car\u00e1cter: complejo, musical rico y con cuerpo, timbre medio oscuro, volumen de medio a alto, torneado: hoja estrecha, hoja ancha, sustain medio, fabricado con aleaci\u00f3n de bronca B12, terminado oscuro\/brillante.","robots":{"index":"index","follow":"follow","max-snippet":"max-snippet:-1","max-image-preview":"max-image-preview:large","max-video-preview":"max-video-preview:-1"},"canonical":"https:\/\/www.mexicanguitarplayers.com\/en\/tienda\/percusiones\/platillos\/splashes\/platllo-meinl-18-mod-cc18duch\/","og_locale":"en_US","og_type":"article","og_title":"PLATLLO MEINL 18 MOD.CC18DUCH - Mexican Guitar Players","og_description":"PLATLLO MEINL 18 MOD.CC18DUCH. China dual, di\u00e1metro de 18\u201d pulgadas, mezcla de sonido c\u00e1lido y respuesta explosiva, martillado computarizado de alta tecnolog\u00eda de punto de presi\u00f3n, fabricado en Alemania con energ\u00eda 100% renovable, peso: mediano, car\u00e1cter: complejo, musical rico y con cuerpo, timbre medio oscuro, volumen de medio a alto, torneado: hoja estrecha, hoja ancha, sustain medio, fabricado con aleaci\u00f3n de bronca B12, terminado oscuro\/brillante.","og_url":"https:\/\/www.mexicanguitarplayers.com\/en\/tienda\/percusiones\/platillos\/splashes\/platllo-meinl-18-mod-cc18duch\/","og_site_name":"Mexican Guitar Players","article_modified_time":"2026-03-02T10:41:27+00:00","og_image":[{"width":1200,"height":1200,"url":"https:\/\/www.mexicanguitarplayers.com\/wp-content\/uploads\/2022\/08\/IPMEICC18DUCH.jpg","type":"image\/jpeg"}],"twitter_card":"summary_large_image","schema":{"@context":"https:\/\/schema.org","@graph":[{"@type":["WebPage","ItemPage"],"@id":"https:\/\/www.mexicanguitarplayers.com\/tienda\/percusiones\/platillos\/splashes\/platllo-meinl-18-mod-cc18duch\/","url":"https:\/\/www.mexicanguitarplayers.com\/tienda\/percusiones\/platillos\/splashes\/platllo-meinl-18-mod-cc18duch\/","name":"PLATLLO MEINL 18 MOD.CC18DUCH - Mexican Guitar Players","isPartOf":{"@id":"https:\/\/www.mexicanguitarplayers.com\/#website"},"primaryImageOfPage":{"@id":"https:\/\/www.mexicanguitarplayers.com\/tienda\/percusiones\/platillos\/splashes\/platllo-meinl-18-mod-cc18duch\/#primaryimage"},"image":{"@id":"https:\/\/www.mexicanguitarplayers.com\/tienda\/percusiones\/platillos\/splashes\/platllo-meinl-18-mod-cc18duch\/#primaryimage"},"thumbnailUrl":"https:\/\/www.mexicanguitarplayers.com\/wp-content\/uploads\/2022\/08\/IPMEICC18DUCH.jpg","datePublished":"2022-08-18T06:24:28+00:00","dateModified":"2026-03-02T10:41:27+00:00","description":"PLATLLO MEINL 18 MOD.CC18DUCH. China dual, di\u00e1metro de 18\u201d pulgadas, mezcla de sonido c\u00e1lido y respuesta explosiva, martillado computarizado de alta tecnolog\u00eda de punto de presi\u00f3n, fabricado en Alemania con energ\u00eda 100% renovable, peso: mediano, car\u00e1cter: complejo, musical rico y con cuerpo, timbre medio oscuro, volumen de medio a alto, torneado: hoja estrecha, hoja ancha, sustain medio, fabricado con aleaci\u00f3n de bronca B12, terminado oscuro\/brillante.","breadcrumb":{"@id":"https:\/\/www.mexicanguitarplayers.com\/tienda\/percusiones\/platillos\/splashes\/platllo-meinl-18-mod-cc18duch\/#breadcrumb"},"inLanguage":"en-US","potentialAction":[{"@type":"ReadAction","target":["https:\/\/www.mexicanguitarplayers.com\/tienda\/percusiones\/platillos\/splashes\/platllo-meinl-18-mod-cc18duch\/"]}]},{"@type":"ImageObject","inLanguage":"en-US","@id":"https:\/\/www.mexicanguitarplayers.com\/tienda\/percusiones\/platillos\/splashes\/platllo-meinl-18-mod-cc18duch\/#primaryimage","url":"https:\/\/www.mexicanguitarplayers.com\/wp-content\/uploads\/2022\/08\/IPMEICC18DUCH.jpg","contentUrl":"https:\/\/www.mexicanguitarplayers.com\/wp-content\/uploads\/2022\/08\/IPMEICC18DUCH.jpg","width":1200,"height":1200},{"@type":"BreadcrumbList","@id":"https:\/\/www.mexicanguitarplayers.com\/tienda\/percusiones\/platillos\/splashes\/platllo-meinl-18-mod-cc18duch\/#breadcrumb","itemListElement":[{"@type":"ListItem","position":1,"name":"Portada","item":"https:\/\/www.mexicanguitarplayers.com\/"},{"@type":"ListItem","position":2,"name":"Tienda","item":"https:\/\/www.mexicanguitarplayers.com\/tienda\/"},{"@type":"ListItem","position":3,"name":"PLATLLO MEINL 18 MOD.CC18DUCH"}]},{"@type":"WebSite","@id":"https:\/\/www.mexicanguitarplayers.com\/#website","url":"https:\/\/www.mexicanguitarplayers.com\/","name":"Mexican Guitar Players","description":"Website","publisher":{"@id":"https:\/\/www.mexicanguitarplayers.com\/#organization"},"potentialAction":[{"@type":"SearchAction","target":{"@type":"EntryPoint","urlTemplate":"https:\/\/www.mexicanguitarplayers.com\/?s={search_term_string}"},"query-input":{"@type":"PropertyValueSpecification","valueRequired":true,"valueName":"search_term_string"}}],"inLanguage":"en-US"},{"@type":"Organization","@id":"https:\/\/www.mexicanguitarplayers.com\/#organization","name":"Mexican Guitar Players","url":"https:\/\/www.mexicanguitarplayers.com\/","logo":{"@type":"ImageObject","inLanguage":"en-US","@id":"https:\/\/www.mexicanguitarplayers.com\/#\/schema\/logo\/image\/","url":"","contentUrl":"","caption":"Mexican Guitar Players"},"image":{"@id":"https:\/\/www.mexicanguitarplayers.com\/#\/schema\/logo\/image\/"}}]}},"brands":[{"id":290,"name":"MEINL","slug":"meinl"}],"_links":{"self":[{"href":"https:\/\/www.mexicanguitarplayers.com\/en\/wp-json\/wp\/v2\/product\/9455","targetHints":{"allow":["GET"]}}],"collection":[{"href":"https:\/\/www.mexicanguitarplayers.com\/en\/wp-json\/wp\/v2\/product"}],"about":[{"href":"https:\/\/www.mexicanguitarplayers.com\/en\/wp-json\/wp\/v2\/types\/product"}],"replies":[{"embeddable":true,"href":"https:\/\/www.mexicanguitarplayers.com\/en\/wp-json\/wp\/v2\/comments?post=9455"}],"wp:featuredmedia":[{"embeddable":true,"href":"https:\/\/www.mexicanguitarplayers.com\/en\/wp-json\/wp\/v2\/media\/9454"}],"wp:attachment":[{"href":"https:\/\/www.mexicanguitarplayers.com\/en\/wp-json\/wp\/v2\/media?parent=9455"}],"wp:term":[{"taxonomy":"pwb-brand","embeddable":true,"href":"https:\/\/www.mexicanguitarplayers.com\/en\/wp-json\/wp\/v2\/pwb-brand?post=9455"},{"taxonomy":"product_brand","embeddable":true,"href":"https:\/\/www.mexicanguitarplayers.com\/en\/wp-json\/wp\/v2\/product_brand?post=9455"},{"taxonomy":"product_cat","embeddable":true,"href":"https:\/\/www.mexicanguitarplayers.com\/en\/wp-json\/wp\/v2\/product_cat?post=9455"},{"taxonomy":"product_tag","embeddable":true,"href":"https:\/\/www.mexicanguitarplayers.com\/en\/wp-json\/wp\/v2\/product_tag?post=9455"}],"curies":[{"name":"wp","href":"https:\/\/api.w.org\/{rel}","templated":true}]}}