{"id":9538,"date":"2022-08-18T01:26:04","date_gmt":"2022-08-18T06:26:04","guid":{"rendered":"https:\/\/www.mexicanguitarplayers.com\/tienda\/sin%20categor\u00eda\/bongo-meinl-mod-cs400awa-m\/"},"modified":"2024-02-21T10:14:42","modified_gmt":"2024-02-21T16:14:42","slug":"bongo-meinl-mod-cs400awa-m","status":"publish","type":"product","link":"https:\/\/www.mexicanguitarplayers.com\/en\/tienda\/percusiones\/percusiones-mayores\/bongos\/bongo-meinl-mod-cs400awa-m\/","title":{"rendered":"BONGO MEINL MOD. CS400AWA-M"},"content":{"rendered":"<div style=\"text-align: justify\">\n<div>\n<h3>BONGO MEINL MOD. CS400AWA-M<\/h3>\n<\/div>\n<div>Meinl Collection Series CS400 Bongo, Meinl Free Ride suspension system, genuine cowhide heads, chrome hardware, 8mm tuning lugs, resonance shaping area, 3mm rounded SSR hoops, made from ash wood, includes accessory bag, L-shaped tuning key and oil, measurements: Male 7\u201d and Female 8 1\/2\u201d, matte finish.<\/div>\n<\/div>","protected":false},"excerpt":{"rendered":"<p>Bongo Meinl Collection Series CS400, sistema de suspensi\u00f3n Meinl Free Ride, parches de piel de vaca genuinos, hardware cromado, lugs de afinaci\u00f3n de 8 mm, \u00e1rea de formaci\u00f3n de resonancia, aros SSR redondeados de 3 mm, fabricados con madera de fresno, incluye bolsa de accesorios, llave de afinaci\u00f3n en forma de L y aceite, medidas: Macho 7\u201d y Hembra 8 1\/2\u201d, terminado mate.&hellip; <a class=\"kt-excerpt-readmore more-link\" href=\"https:\/\/www.mexicanguitarplayers.com\/en\/tienda\/percusiones\/percusiones-mayores\/bongos\/bongo-meinl-mod-cs400awa-m\/\">Read more<\/a><\/p>","protected":false},"featured_media":9537,"comment_status":"open","ping_status":"closed","template":"","meta":{"kt_blocks_editor_width":""},"pwb-brand":[290],"product_brand":[],"product_cat":[269,208,267],"product_tag":[],"class_list":{"0":"post-9538","1":"product","2":"type-product","3":"status-publish","4":"has-post-thumbnail","6":"pwb-brand-meinl","7":"product_cat-bongos","8":"product_cat-percusiones","9":"product_cat-percusiones-mayores","10":"product_shipping_class-5-10-kg","12":"first","13":"outofstock","14":"taxable","15":"shipping-taxable","16":"purchasable","17":"product-type-simple"},"yoast_head":"<!-- This site is optimized with the Yoast SEO plugin v27.5 - https:\/\/yoast.com\/product\/yoast-seo-wordpress\/ -->\n<title>BONGO MEINL MOD. CS400AWA-M - Mexican Guitar Players<\/title>\n<meta name=\"description\" content=\"BONGO MEINL MOD. CS400AWA-M. Bongo Meinl Collection Series CS400, sistema de suspensi\u00f3n Meinl Free Ride, parches de piel de vaca genuinos, hardware cromado, lugs de afinaci\u00f3n de 8 mm, \u00e1rea de formaci\u00f3n de resonancia, aros SSR redondeados de 3 mm, fabricados con madera de fresno, incluye bolsa de accesorios, llave de afinaci\u00f3n en forma de L y aceite, medidas: Macho 7\u201d y Hembra 8 1\/2\u201d, terminado mate.\" \/>\n<meta name=\"robots\" content=\"index, follow, max-snippet:-1, max-image-preview:large, max-video-preview:-1\" \/>\n<link rel=\"canonical\" href=\"https:\/\/www.mexicanguitarplayers.com\/en\/tienda\/percusiones\/percusiones-mayores\/bongos\/bongo-meinl-mod-cs400awa-m\/\" \/>\n<meta property=\"og:locale\" content=\"en_US\" \/>\n<meta property=\"og:type\" content=\"article\" \/>\n<meta property=\"og:title\" content=\"BONGO MEINL MOD. CS400AWA-M - Mexican Guitar Players\" \/>\n<meta property=\"og:description\" content=\"BONGO MEINL MOD. CS400AWA-M. Bongo Meinl Collection Series CS400, sistema de suspensi\u00f3n Meinl Free Ride, parches de piel de vaca genuinos, hardware cromado, lugs de afinaci\u00f3n de 8 mm, \u00e1rea de formaci\u00f3n de resonancia, aros SSR redondeados de 3 mm, fabricados con madera de fresno, incluye bolsa de accesorios, llave de afinaci\u00f3n en forma de L y aceite, medidas: Macho 7\u201d y Hembra 8 1\/2\u201d, terminado mate.\" \/>\n<meta property=\"og:url\" content=\"https:\/\/www.mexicanguitarplayers.com\/en\/tienda\/percusiones\/percusiones-mayores\/bongos\/bongo-meinl-mod-cs400awa-m\/\" \/>\n<meta property=\"og:site_name\" content=\"Mexican Guitar Players\" \/>\n<meta property=\"article:modified_time\" content=\"2024-02-21T16:14:42+00:00\" \/>\n<meta property=\"og:image\" content=\"https:\/\/www.mexicanguitarplayers.com\/wp-content\/uploads\/2022\/08\/IPMEICS400AWAM.jpg\" \/>\n\t<meta property=\"og:image:width\" content=\"1600\" \/>\n\t<meta property=\"og:image:height\" content=\"800\" \/>\n\t<meta property=\"og:image:type\" content=\"image\/jpeg\" \/>\n<meta name=\"twitter:card\" content=\"summary_large_image\" \/>\n<script type=\"application\/ld+json\" class=\"yoast-schema-graph\">{\"@context\":\"https:\\\/\\\/schema.org\",\"@graph\":[{\"@type\":[\"WebPage\",\"ItemPage\"],\"@id\":\"https:\\\/\\\/www.mexicanguitarplayers.com\\\/tienda\\\/percusiones\\\/percusiones-mayores\\\/bongos\\\/bongo-meinl-mod-cs400awa-m\\\/\",\"url\":\"https:\\\/\\\/www.mexicanguitarplayers.com\\\/tienda\\\/percusiones\\\/percusiones-mayores\\\/bongos\\\/bongo-meinl-mod-cs400awa-m\\\/\",\"name\":\"BONGO MEINL MOD. CS400AWA-M - Mexican Guitar Players\",\"isPartOf\":{\"@id\":\"https:\\\/\\\/www.mexicanguitarplayers.com\\\/#website\"},\"primaryImageOfPage\":{\"@id\":\"https:\\\/\\\/www.mexicanguitarplayers.com\\\/tienda\\\/percusiones\\\/percusiones-mayores\\\/bongos\\\/bongo-meinl-mod-cs400awa-m\\\/#primaryimage\"},\"image\":{\"@id\":\"https:\\\/\\\/www.mexicanguitarplayers.com\\\/tienda\\\/percusiones\\\/percusiones-mayores\\\/bongos\\\/bongo-meinl-mod-cs400awa-m\\\/#primaryimage\"},\"thumbnailUrl\":\"https:\\\/\\\/www.mexicanguitarplayers.com\\\/wp-content\\\/uploads\\\/2022\\\/08\\\/IPMEICS400AWAM.jpg\",\"datePublished\":\"2022-08-18T06:26:04+00:00\",\"dateModified\":\"2024-02-21T16:14:42+00:00\",\"description\":\"BONGO MEINL MOD. CS400AWA-M. Bongo Meinl Collection Series CS400, sistema de suspensi\u00f3n Meinl Free Ride, parches de piel de vaca genuinos, hardware cromado, lugs de afinaci\u00f3n de 8 mm, \u00e1rea de formaci\u00f3n de resonancia, aros SSR redondeados de 3 mm, fabricados con madera de fresno, incluye bolsa de accesorios, llave de afinaci\u00f3n en forma de L y aceite, medidas: Macho 7\u201d y Hembra 8 1\\\/2\u201d, terminado mate.\",\"breadcrumb\":{\"@id\":\"https:\\\/\\\/www.mexicanguitarplayers.com\\\/tienda\\\/percusiones\\\/percusiones-mayores\\\/bongos\\\/bongo-meinl-mod-cs400awa-m\\\/#breadcrumb\"},\"inLanguage\":\"en-US\",\"potentialAction\":[{\"@type\":\"ReadAction\",\"target\":[\"https:\\\/\\\/www.mexicanguitarplayers.com\\\/tienda\\\/percusiones\\\/percusiones-mayores\\\/bongos\\\/bongo-meinl-mod-cs400awa-m\\\/\"]}]},{\"@type\":\"ImageObject\",\"inLanguage\":\"en-US\",\"@id\":\"https:\\\/\\\/www.mexicanguitarplayers.com\\\/tienda\\\/percusiones\\\/percusiones-mayores\\\/bongos\\\/bongo-meinl-mod-cs400awa-m\\\/#primaryimage\",\"url\":\"https:\\\/\\\/www.mexicanguitarplayers.com\\\/wp-content\\\/uploads\\\/2022\\\/08\\\/IPMEICS400AWAM.jpg\",\"contentUrl\":\"https:\\\/\\\/www.mexicanguitarplayers.com\\\/wp-content\\\/uploads\\\/2022\\\/08\\\/IPMEICS400AWAM.jpg\",\"width\":1600,\"height\":800},{\"@type\":\"BreadcrumbList\",\"@id\":\"https:\\\/\\\/www.mexicanguitarplayers.com\\\/tienda\\\/percusiones\\\/percusiones-mayores\\\/bongos\\\/bongo-meinl-mod-cs400awa-m\\\/#breadcrumb\",\"itemListElement\":[{\"@type\":\"ListItem\",\"position\":1,\"name\":\"Portada\",\"item\":\"https:\\\/\\\/www.mexicanguitarplayers.com\\\/\"},{\"@type\":\"ListItem\",\"position\":2,\"name\":\"Tienda\",\"item\":\"https:\\\/\\\/www.mexicanguitarplayers.com\\\/tienda\\\/\"},{\"@type\":\"ListItem\",\"position\":3,\"name\":\"BONGO MEINL MOD. CS400AWA-M\"}]},{\"@type\":\"WebSite\",\"@id\":\"https:\\\/\\\/www.mexicanguitarplayers.com\\\/#website\",\"url\":\"https:\\\/\\\/www.mexicanguitarplayers.com\\\/\",\"name\":\"Mexican Guitar Players\",\"description\":\"Website\",\"publisher\":{\"@id\":\"https:\\\/\\\/www.mexicanguitarplayers.com\\\/#organization\"},\"potentialAction\":[{\"@type\":\"SearchAction\",\"target\":{\"@type\":\"EntryPoint\",\"urlTemplate\":\"https:\\\/\\\/www.mexicanguitarplayers.com\\\/?s={search_term_string}\"},\"query-input\":{\"@type\":\"PropertyValueSpecification\",\"valueRequired\":true,\"valueName\":\"search_term_string\"}}],\"inLanguage\":\"en-US\"},{\"@type\":\"Organization\",\"@id\":\"https:\\\/\\\/www.mexicanguitarplayers.com\\\/#organization\",\"name\":\"Mexican Guitar Players\",\"url\":\"https:\\\/\\\/www.mexicanguitarplayers.com\\\/\",\"logo\":{\"@type\":\"ImageObject\",\"inLanguage\":\"en-US\",\"@id\":\"https:\\\/\\\/www.mexicanguitarplayers.com\\\/#\\\/schema\\\/logo\\\/image\\\/\",\"url\":\"\",\"contentUrl\":\"\",\"caption\":\"Mexican Guitar Players\"},\"image\":{\"@id\":\"https:\\\/\\\/www.mexicanguitarplayers.com\\\/#\\\/schema\\\/logo\\\/image\\\/\"}}]}<\/script>\n<!-- \/ Yoast SEO plugin. -->","yoast_head_json":{"title":"BONGO MEINL MOD. CS400AWA-M - Mexican Guitar Players","description":"BONGO MEINL MOD. CS400AWA-M. Bongo Meinl Collection Series CS400, sistema de suspensi\u00f3n Meinl Free Ride, parches de piel de vaca genuinos, hardware cromado, lugs de afinaci\u00f3n de 8 mm, \u00e1rea de formaci\u00f3n de resonancia, aros SSR redondeados de 3 mm, fabricados con madera de fresno, incluye bolsa de accesorios, llave de afinaci\u00f3n en forma de L y aceite, medidas: Macho 7\u201d y Hembra 8 1\/2\u201d, terminado mate.","robots":{"index":"index","follow":"follow","max-snippet":"max-snippet:-1","max-image-preview":"max-image-preview:large","max-video-preview":"max-video-preview:-1"},"canonical":"https:\/\/www.mexicanguitarplayers.com\/en\/tienda\/percusiones\/percusiones-mayores\/bongos\/bongo-meinl-mod-cs400awa-m\/","og_locale":"en_US","og_type":"article","og_title":"BONGO MEINL MOD. CS400AWA-M - Mexican Guitar Players","og_description":"BONGO MEINL MOD. CS400AWA-M. Bongo Meinl Collection Series CS400, sistema de suspensi\u00f3n Meinl Free Ride, parches de piel de vaca genuinos, hardware cromado, lugs de afinaci\u00f3n de 8 mm, \u00e1rea de formaci\u00f3n de resonancia, aros SSR redondeados de 3 mm, fabricados con madera de fresno, incluye bolsa de accesorios, llave de afinaci\u00f3n en forma de L y aceite, medidas: Macho 7\u201d y Hembra 8 1\/2\u201d, terminado mate.","og_url":"https:\/\/www.mexicanguitarplayers.com\/en\/tienda\/percusiones\/percusiones-mayores\/bongos\/bongo-meinl-mod-cs400awa-m\/","og_site_name":"Mexican Guitar Players","article_modified_time":"2024-02-21T16:14:42+00:00","og_image":[{"width":1600,"height":800,"url":"https:\/\/www.mexicanguitarplayers.com\/wp-content\/uploads\/2022\/08\/IPMEICS400AWAM.jpg","type":"image\/jpeg"}],"twitter_card":"summary_large_image","schema":{"@context":"https:\/\/schema.org","@graph":[{"@type":["WebPage","ItemPage"],"@id":"https:\/\/www.mexicanguitarplayers.com\/tienda\/percusiones\/percusiones-mayores\/bongos\/bongo-meinl-mod-cs400awa-m\/","url":"https:\/\/www.mexicanguitarplayers.com\/tienda\/percusiones\/percusiones-mayores\/bongos\/bongo-meinl-mod-cs400awa-m\/","name":"BONGO MEINL MOD. CS400AWA-M - Mexican Guitar Players","isPartOf":{"@id":"https:\/\/www.mexicanguitarplayers.com\/#website"},"primaryImageOfPage":{"@id":"https:\/\/www.mexicanguitarplayers.com\/tienda\/percusiones\/percusiones-mayores\/bongos\/bongo-meinl-mod-cs400awa-m\/#primaryimage"},"image":{"@id":"https:\/\/www.mexicanguitarplayers.com\/tienda\/percusiones\/percusiones-mayores\/bongos\/bongo-meinl-mod-cs400awa-m\/#primaryimage"},"thumbnailUrl":"https:\/\/www.mexicanguitarplayers.com\/wp-content\/uploads\/2022\/08\/IPMEICS400AWAM.jpg","datePublished":"2022-08-18T06:26:04+00:00","dateModified":"2024-02-21T16:14:42+00:00","description":"BONGO MEINL MOD. CS400AWA-M. Bongo Meinl Collection Series CS400, sistema de suspensi\u00f3n Meinl Free Ride, parches de piel de vaca genuinos, hardware cromado, lugs de afinaci\u00f3n de 8 mm, \u00e1rea de formaci\u00f3n de resonancia, aros SSR redondeados de 3 mm, fabricados con madera de fresno, incluye bolsa de accesorios, llave de afinaci\u00f3n en forma de L y aceite, medidas: Macho 7\u201d y Hembra 8 1\/2\u201d, terminado mate.","breadcrumb":{"@id":"https:\/\/www.mexicanguitarplayers.com\/tienda\/percusiones\/percusiones-mayores\/bongos\/bongo-meinl-mod-cs400awa-m\/#breadcrumb"},"inLanguage":"en-US","potentialAction":[{"@type":"ReadAction","target":["https:\/\/www.mexicanguitarplayers.com\/tienda\/percusiones\/percusiones-mayores\/bongos\/bongo-meinl-mod-cs400awa-m\/"]}]},{"@type":"ImageObject","inLanguage":"en-US","@id":"https:\/\/www.mexicanguitarplayers.com\/tienda\/percusiones\/percusiones-mayores\/bongos\/bongo-meinl-mod-cs400awa-m\/#primaryimage","url":"https:\/\/www.mexicanguitarplayers.com\/wp-content\/uploads\/2022\/08\/IPMEICS400AWAM.jpg","contentUrl":"https:\/\/www.mexicanguitarplayers.com\/wp-content\/uploads\/2022\/08\/IPMEICS400AWAM.jpg","width":1600,"height":800},{"@type":"BreadcrumbList","@id":"https:\/\/www.mexicanguitarplayers.com\/tienda\/percusiones\/percusiones-mayores\/bongos\/bongo-meinl-mod-cs400awa-m\/#breadcrumb","itemListElement":[{"@type":"ListItem","position":1,"name":"Portada","item":"https:\/\/www.mexicanguitarplayers.com\/"},{"@type":"ListItem","position":2,"name":"Tienda","item":"https:\/\/www.mexicanguitarplayers.com\/tienda\/"},{"@type":"ListItem","position":3,"name":"BONGO MEINL MOD. CS400AWA-M"}]},{"@type":"WebSite","@id":"https:\/\/www.mexicanguitarplayers.com\/#website","url":"https:\/\/www.mexicanguitarplayers.com\/","name":"Mexican Guitar Players","description":"Website","publisher":{"@id":"https:\/\/www.mexicanguitarplayers.com\/#organization"},"potentialAction":[{"@type":"SearchAction","target":{"@type":"EntryPoint","urlTemplate":"https:\/\/www.mexicanguitarplayers.com\/?s={search_term_string}"},"query-input":{"@type":"PropertyValueSpecification","valueRequired":true,"valueName":"search_term_string"}}],"inLanguage":"en-US"},{"@type":"Organization","@id":"https:\/\/www.mexicanguitarplayers.com\/#organization","name":"Mexican Guitar Players","url":"https:\/\/www.mexicanguitarplayers.com\/","logo":{"@type":"ImageObject","inLanguage":"en-US","@id":"https:\/\/www.mexicanguitarplayers.com\/#\/schema\/logo\/image\/","url":"","contentUrl":"","caption":"Mexican Guitar Players"},"image":{"@id":"https:\/\/www.mexicanguitarplayers.com\/#\/schema\/logo\/image\/"}}]}},"brands":[{"id":290,"name":"MEINL","slug":"meinl"}],"_links":{"self":[{"href":"https:\/\/www.mexicanguitarplayers.com\/en\/wp-json\/wp\/v2\/product\/9538","targetHints":{"allow":["GET"]}}],"collection":[{"href":"https:\/\/www.mexicanguitarplayers.com\/en\/wp-json\/wp\/v2\/product"}],"about":[{"href":"https:\/\/www.mexicanguitarplayers.com\/en\/wp-json\/wp\/v2\/types\/product"}],"replies":[{"embeddable":true,"href":"https:\/\/www.mexicanguitarplayers.com\/en\/wp-json\/wp\/v2\/comments?post=9538"}],"wp:featuredmedia":[{"embeddable":true,"href":"https:\/\/www.mexicanguitarplayers.com\/en\/wp-json\/wp\/v2\/media\/9537"}],"wp:attachment":[{"href":"https:\/\/www.mexicanguitarplayers.com\/en\/wp-json\/wp\/v2\/media?parent=9538"}],"wp:term":[{"taxonomy":"pwb-brand","embeddable":true,"href":"https:\/\/www.mexicanguitarplayers.com\/en\/wp-json\/wp\/v2\/pwb-brand?post=9538"},{"taxonomy":"product_brand","embeddable":true,"href":"https:\/\/www.mexicanguitarplayers.com\/en\/wp-json\/wp\/v2\/product_brand?post=9538"},{"taxonomy":"product_cat","embeddable":true,"href":"https:\/\/www.mexicanguitarplayers.com\/en\/wp-json\/wp\/v2\/product_cat?post=9538"},{"taxonomy":"product_tag","embeddable":true,"href":"https:\/\/www.mexicanguitarplayers.com\/en\/wp-json\/wp\/v2\/product_tag?post=9538"}],"curies":[{"name":"wp","href":"https:\/\/api.w.org\/{rel}","templated":true}]}}