{"id":9550,"date":"2022-08-18T01:26:16","date_gmt":"2022-08-18T06:26:16","guid":{"rendered":"https:\/\/www.mexicanguitarplayers.com\/tienda\/sin%20categor\u00eda\/timbales-meinl-diego-gale-mod-dg1415\/"},"modified":"2026-04-10T01:32:15","modified_gmt":"2026-04-10T07:32:15","slug":"timbales-meinl-diego-gale-mod-dg1415","status":"publish","type":"product","link":"https:\/\/www.mexicanguitarplayers.com\/en\/tienda\/percusiones\/percusiones-mayores\/timbales\/timbales-meinl-diego-gale-mod-dg1415\/","title":{"rendered":"TIMBALES MEINL DIEGO GALE MOD. DG1415"},"content":{"rendered":"<div style=\"text-align: justify\">\n<div>\n<h3>TIMBALES MEINL DIEGO GALE MOD. DG1415<\/h3>\n<\/div>\n<div>Signature Diego Gal\u00e9 Timbales, 14\u201d and 15\u201d inches, classic shape and look, shell sound that offers the right amount of projection that works in both live and studio situations, solid brass construction, includes adjustable cowbell mount, professional timpani stand, accessory bag, L-shaped tuning key and small bottle of oil.<\/div>\n<\/div>","protected":false},"excerpt":{"rendered":"<p>Timbales Signature Diego Gal\u00e9, 14\u201d y 15\u201d pulgadas, forma y vista cl\u00e1sicas, sonido de cascara que ofrece la cantidad correcta de proyecci\u00f3n que funciona en situaciones tanto en vivo como en el estudio, fabricado con lat\u00f3n macizo, incluye soporte ajustable de cencerro, soporte profesional para timbales, bolsa de accesorios, llave de afinaci\u00f3n en forma de L y botellita de aceite.&hellip; <a class=\"kt-excerpt-readmore more-link\" href=\"https:\/\/www.mexicanguitarplayers.com\/en\/tienda\/percusiones\/percusiones-mayores\/timbales\/timbales-meinl-diego-gale-mod-dg1415\/\">Read more<\/a><\/p>","protected":false},"featured_media":9549,"comment_status":"open","ping_status":"closed","template":"","meta":{"kt_blocks_editor_width":""},"pwb-brand":[290],"product_brand":[],"product_cat":[208,267,292],"product_tag":[],"class_list":{"0":"post-9550","1":"product","2":"type-product","3":"status-publish","4":"has-post-thumbnail","6":"pwb-brand-meinl","7":"product_cat-percusiones","8":"product_cat-percusiones-mayores","9":"product_cat-timbales","10":"product_shipping_class-25-30-kg","12":"first","13":"outofstock","14":"taxable","15":"shipping-taxable","16":"purchasable","17":"product-type-simple"},"yoast_head":"<!-- This site is optimized with the Yoast SEO plugin v27.5 - https:\/\/yoast.com\/product\/yoast-seo-wordpress\/ -->\n<title>TIMBALES MEINL DIEGO GALE MOD. DG1415 - Mexican Guitar Players<\/title>\n<meta name=\"description\" content=\"TIMBALES MEINL DIEGO GALE MOD. DG1415. Timbales Signature Diego Gal\u00e9, 14\u201d y 15\u201d pulgadas, forma y vista cl\u00e1sicas, sonido de cascara que ofrece la cantidad correcta de proyecci\u00f3n que funciona en situaciones tanto en vivo como en el estudio, fabricado con lat\u00f3n macizo, incluye soporte ajustable de cencerro, soporte profesional para timbales, bolsa de accesorios, llave de afinaci\u00f3n en forma de L y botellita de aceite.\" \/>\n<meta name=\"robots\" content=\"index, follow, max-snippet:-1, max-image-preview:large, max-video-preview:-1\" \/>\n<link rel=\"canonical\" href=\"https:\/\/www.mexicanguitarplayers.com\/en\/tienda\/percusiones\/percusiones-mayores\/timbales\/timbales-meinl-diego-gale-mod-dg1415\/\" \/>\n<meta property=\"og:locale\" content=\"en_US\" \/>\n<meta property=\"og:type\" content=\"article\" \/>\n<meta property=\"og:title\" content=\"TIMBALES MEINL DIEGO GALE MOD. DG1415 - Mexican Guitar Players\" \/>\n<meta property=\"og:description\" content=\"TIMBALES MEINL DIEGO GALE MOD. DG1415. Timbales Signature Diego Gal\u00e9, 14\u201d y 15\u201d pulgadas, forma y vista cl\u00e1sicas, sonido de cascara que ofrece la cantidad correcta de proyecci\u00f3n que funciona en situaciones tanto en vivo como en el estudio, fabricado con lat\u00f3n macizo, incluye soporte ajustable de cencerro, soporte profesional para timbales, bolsa de accesorios, llave de afinaci\u00f3n en forma de L y botellita de aceite.\" \/>\n<meta property=\"og:url\" content=\"https:\/\/www.mexicanguitarplayers.com\/en\/tienda\/percusiones\/percusiones-mayores\/timbales\/timbales-meinl-diego-gale-mod-dg1415\/\" \/>\n<meta property=\"og:site_name\" content=\"Mexican Guitar Players\" \/>\n<meta property=\"article:modified_time\" content=\"2026-04-10T07:32:15+00:00\" \/>\n<meta property=\"og:image\" content=\"https:\/\/www.mexicanguitarplayers.com\/wp-content\/uploads\/2022\/08\/IPMEIDG1415.jpg\" \/>\n\t<meta property=\"og:image:width\" content=\"1200\" \/>\n\t<meta property=\"og:image:height\" content=\"1200\" \/>\n\t<meta property=\"og:image:type\" content=\"image\/jpeg\" \/>\n<meta name=\"twitter:card\" content=\"summary_large_image\" \/>\n<script type=\"application\/ld+json\" class=\"yoast-schema-graph\">{\"@context\":\"https:\\\/\\\/schema.org\",\"@graph\":[{\"@type\":[\"WebPage\",\"ItemPage\"],\"@id\":\"https:\\\/\\\/www.mexicanguitarplayers.com\\\/tienda\\\/percusiones\\\/percusiones-mayores\\\/timbales\\\/timbales-meinl-diego-gale-mod-dg1415\\\/\",\"url\":\"https:\\\/\\\/www.mexicanguitarplayers.com\\\/tienda\\\/percusiones\\\/percusiones-mayores\\\/timbales\\\/timbales-meinl-diego-gale-mod-dg1415\\\/\",\"name\":\"TIMBALES MEINL DIEGO GALE MOD. DG1415 - Mexican Guitar Players\",\"isPartOf\":{\"@id\":\"https:\\\/\\\/www.mexicanguitarplayers.com\\\/#website\"},\"primaryImageOfPage\":{\"@id\":\"https:\\\/\\\/www.mexicanguitarplayers.com\\\/tienda\\\/percusiones\\\/percusiones-mayores\\\/timbales\\\/timbales-meinl-diego-gale-mod-dg1415\\\/#primaryimage\"},\"image\":{\"@id\":\"https:\\\/\\\/www.mexicanguitarplayers.com\\\/tienda\\\/percusiones\\\/percusiones-mayores\\\/timbales\\\/timbales-meinl-diego-gale-mod-dg1415\\\/#primaryimage\"},\"thumbnailUrl\":\"https:\\\/\\\/www.mexicanguitarplayers.com\\\/wp-content\\\/uploads\\\/2022\\\/08\\\/IPMEIDG1415.jpg\",\"datePublished\":\"2022-08-18T06:26:16+00:00\",\"dateModified\":\"2026-04-10T07:32:15+00:00\",\"description\":\"TIMBALES MEINL DIEGO GALE MOD. DG1415. Timbales Signature Diego Gal\u00e9, 14\u201d y 15\u201d pulgadas, forma y vista cl\u00e1sicas, sonido de cascara que ofrece la cantidad correcta de proyecci\u00f3n que funciona en situaciones tanto en vivo como en el estudio, fabricado con lat\u00f3n macizo, incluye soporte ajustable de cencerro, soporte profesional para timbales, bolsa de accesorios, llave de afinaci\u00f3n en forma de L y botellita de aceite.\",\"breadcrumb\":{\"@id\":\"https:\\\/\\\/www.mexicanguitarplayers.com\\\/tienda\\\/percusiones\\\/percusiones-mayores\\\/timbales\\\/timbales-meinl-diego-gale-mod-dg1415\\\/#breadcrumb\"},\"inLanguage\":\"en-US\",\"potentialAction\":[{\"@type\":\"ReadAction\",\"target\":[\"https:\\\/\\\/www.mexicanguitarplayers.com\\\/tienda\\\/percusiones\\\/percusiones-mayores\\\/timbales\\\/timbales-meinl-diego-gale-mod-dg1415\\\/\"]}]},{\"@type\":\"ImageObject\",\"inLanguage\":\"en-US\",\"@id\":\"https:\\\/\\\/www.mexicanguitarplayers.com\\\/tienda\\\/percusiones\\\/percusiones-mayores\\\/timbales\\\/timbales-meinl-diego-gale-mod-dg1415\\\/#primaryimage\",\"url\":\"https:\\\/\\\/www.mexicanguitarplayers.com\\\/wp-content\\\/uploads\\\/2022\\\/08\\\/IPMEIDG1415.jpg\",\"contentUrl\":\"https:\\\/\\\/www.mexicanguitarplayers.com\\\/wp-content\\\/uploads\\\/2022\\\/08\\\/IPMEIDG1415.jpg\",\"width\":1200,\"height\":1200},{\"@type\":\"BreadcrumbList\",\"@id\":\"https:\\\/\\\/www.mexicanguitarplayers.com\\\/tienda\\\/percusiones\\\/percusiones-mayores\\\/timbales\\\/timbales-meinl-diego-gale-mod-dg1415\\\/#breadcrumb\",\"itemListElement\":[{\"@type\":\"ListItem\",\"position\":1,\"name\":\"Portada\",\"item\":\"https:\\\/\\\/www.mexicanguitarplayers.com\\\/\"},{\"@type\":\"ListItem\",\"position\":2,\"name\":\"Tienda\",\"item\":\"https:\\\/\\\/www.mexicanguitarplayers.com\\\/tienda\\\/\"},{\"@type\":\"ListItem\",\"position\":3,\"name\":\"TIMBALES MEINL DIEGO GALE MOD. DG1415\"}]},{\"@type\":\"WebSite\",\"@id\":\"https:\\\/\\\/www.mexicanguitarplayers.com\\\/#website\",\"url\":\"https:\\\/\\\/www.mexicanguitarplayers.com\\\/\",\"name\":\"Mexican Guitar Players\",\"description\":\"Website\",\"publisher\":{\"@id\":\"https:\\\/\\\/www.mexicanguitarplayers.com\\\/#organization\"},\"potentialAction\":[{\"@type\":\"SearchAction\",\"target\":{\"@type\":\"EntryPoint\",\"urlTemplate\":\"https:\\\/\\\/www.mexicanguitarplayers.com\\\/?s={search_term_string}\"},\"query-input\":{\"@type\":\"PropertyValueSpecification\",\"valueRequired\":true,\"valueName\":\"search_term_string\"}}],\"inLanguage\":\"en-US\"},{\"@type\":\"Organization\",\"@id\":\"https:\\\/\\\/www.mexicanguitarplayers.com\\\/#organization\",\"name\":\"Mexican Guitar Players\",\"url\":\"https:\\\/\\\/www.mexicanguitarplayers.com\\\/\",\"logo\":{\"@type\":\"ImageObject\",\"inLanguage\":\"en-US\",\"@id\":\"https:\\\/\\\/www.mexicanguitarplayers.com\\\/#\\\/schema\\\/logo\\\/image\\\/\",\"url\":\"\",\"contentUrl\":\"\",\"caption\":\"Mexican Guitar Players\"},\"image\":{\"@id\":\"https:\\\/\\\/www.mexicanguitarplayers.com\\\/#\\\/schema\\\/logo\\\/image\\\/\"}}]}<\/script>\n<!-- \/ Yoast SEO plugin. -->","yoast_head_json":{"title":"TIMBALES MEINL DIEGO GALE MOD. DG1415 - Mexican Guitar Players","description":"TIMBALES MEINL DIEGO GALE MOD. DG1415. Timbales Signature Diego Gal\u00e9, 14\u201d y 15\u201d pulgadas, forma y vista cl\u00e1sicas, sonido de cascara que ofrece la cantidad correcta de proyecci\u00f3n que funciona en situaciones tanto en vivo como en el estudio, fabricado con lat\u00f3n macizo, incluye soporte ajustable de cencerro, soporte profesional para timbales, bolsa de accesorios, llave de afinaci\u00f3n en forma de L y botellita de aceite.","robots":{"index":"index","follow":"follow","max-snippet":"max-snippet:-1","max-image-preview":"max-image-preview:large","max-video-preview":"max-video-preview:-1"},"canonical":"https:\/\/www.mexicanguitarplayers.com\/en\/tienda\/percusiones\/percusiones-mayores\/timbales\/timbales-meinl-diego-gale-mod-dg1415\/","og_locale":"en_US","og_type":"article","og_title":"TIMBALES MEINL DIEGO GALE MOD. DG1415 - Mexican Guitar Players","og_description":"TIMBALES MEINL DIEGO GALE MOD. DG1415. Timbales Signature Diego Gal\u00e9, 14\u201d y 15\u201d pulgadas, forma y vista cl\u00e1sicas, sonido de cascara que ofrece la cantidad correcta de proyecci\u00f3n que funciona en situaciones tanto en vivo como en el estudio, fabricado con lat\u00f3n macizo, incluye soporte ajustable de cencerro, soporte profesional para timbales, bolsa de accesorios, llave de afinaci\u00f3n en forma de L y botellita de aceite.","og_url":"https:\/\/www.mexicanguitarplayers.com\/en\/tienda\/percusiones\/percusiones-mayores\/timbales\/timbales-meinl-diego-gale-mod-dg1415\/","og_site_name":"Mexican Guitar Players","article_modified_time":"2026-04-10T07:32:15+00:00","og_image":[{"width":1200,"height":1200,"url":"https:\/\/www.mexicanguitarplayers.com\/wp-content\/uploads\/2022\/08\/IPMEIDG1415.jpg","type":"image\/jpeg"}],"twitter_card":"summary_large_image","schema":{"@context":"https:\/\/schema.org","@graph":[{"@type":["WebPage","ItemPage"],"@id":"https:\/\/www.mexicanguitarplayers.com\/tienda\/percusiones\/percusiones-mayores\/timbales\/timbales-meinl-diego-gale-mod-dg1415\/","url":"https:\/\/www.mexicanguitarplayers.com\/tienda\/percusiones\/percusiones-mayores\/timbales\/timbales-meinl-diego-gale-mod-dg1415\/","name":"TIMBALES MEINL DIEGO GALE MOD. DG1415 - Mexican Guitar Players","isPartOf":{"@id":"https:\/\/www.mexicanguitarplayers.com\/#website"},"primaryImageOfPage":{"@id":"https:\/\/www.mexicanguitarplayers.com\/tienda\/percusiones\/percusiones-mayores\/timbales\/timbales-meinl-diego-gale-mod-dg1415\/#primaryimage"},"image":{"@id":"https:\/\/www.mexicanguitarplayers.com\/tienda\/percusiones\/percusiones-mayores\/timbales\/timbales-meinl-diego-gale-mod-dg1415\/#primaryimage"},"thumbnailUrl":"https:\/\/www.mexicanguitarplayers.com\/wp-content\/uploads\/2022\/08\/IPMEIDG1415.jpg","datePublished":"2022-08-18T06:26:16+00:00","dateModified":"2026-04-10T07:32:15+00:00","description":"TIMBALES MEINL DIEGO GALE MOD. DG1415. Timbales Signature Diego Gal\u00e9, 14\u201d y 15\u201d pulgadas, forma y vista cl\u00e1sicas, sonido de cascara que ofrece la cantidad correcta de proyecci\u00f3n que funciona en situaciones tanto en vivo como en el estudio, fabricado con lat\u00f3n macizo, incluye soporte ajustable de cencerro, soporte profesional para timbales, bolsa de accesorios, llave de afinaci\u00f3n en forma de L y botellita de aceite.","breadcrumb":{"@id":"https:\/\/www.mexicanguitarplayers.com\/tienda\/percusiones\/percusiones-mayores\/timbales\/timbales-meinl-diego-gale-mod-dg1415\/#breadcrumb"},"inLanguage":"en-US","potentialAction":[{"@type":"ReadAction","target":["https:\/\/www.mexicanguitarplayers.com\/tienda\/percusiones\/percusiones-mayores\/timbales\/timbales-meinl-diego-gale-mod-dg1415\/"]}]},{"@type":"ImageObject","inLanguage":"en-US","@id":"https:\/\/www.mexicanguitarplayers.com\/tienda\/percusiones\/percusiones-mayores\/timbales\/timbales-meinl-diego-gale-mod-dg1415\/#primaryimage","url":"https:\/\/www.mexicanguitarplayers.com\/wp-content\/uploads\/2022\/08\/IPMEIDG1415.jpg","contentUrl":"https:\/\/www.mexicanguitarplayers.com\/wp-content\/uploads\/2022\/08\/IPMEIDG1415.jpg","width":1200,"height":1200},{"@type":"BreadcrumbList","@id":"https:\/\/www.mexicanguitarplayers.com\/tienda\/percusiones\/percusiones-mayores\/timbales\/timbales-meinl-diego-gale-mod-dg1415\/#breadcrumb","itemListElement":[{"@type":"ListItem","position":1,"name":"Portada","item":"https:\/\/www.mexicanguitarplayers.com\/"},{"@type":"ListItem","position":2,"name":"Tienda","item":"https:\/\/www.mexicanguitarplayers.com\/tienda\/"},{"@type":"ListItem","position":3,"name":"TIMBALES MEINL DIEGO GALE MOD. DG1415"}]},{"@type":"WebSite","@id":"https:\/\/www.mexicanguitarplayers.com\/#website","url":"https:\/\/www.mexicanguitarplayers.com\/","name":"Mexican Guitar Players","description":"Website","publisher":{"@id":"https:\/\/www.mexicanguitarplayers.com\/#organization"},"potentialAction":[{"@type":"SearchAction","target":{"@type":"EntryPoint","urlTemplate":"https:\/\/www.mexicanguitarplayers.com\/?s={search_term_string}"},"query-input":{"@type":"PropertyValueSpecification","valueRequired":true,"valueName":"search_term_string"}}],"inLanguage":"en-US"},{"@type":"Organization","@id":"https:\/\/www.mexicanguitarplayers.com\/#organization","name":"Mexican Guitar Players","url":"https:\/\/www.mexicanguitarplayers.com\/","logo":{"@type":"ImageObject","inLanguage":"en-US","@id":"https:\/\/www.mexicanguitarplayers.com\/#\/schema\/logo\/image\/","url":"","contentUrl":"","caption":"Mexican Guitar Players"},"image":{"@id":"https:\/\/www.mexicanguitarplayers.com\/#\/schema\/logo\/image\/"}}]}},"brands":[{"id":290,"name":"MEINL","slug":"meinl"}],"_links":{"self":[{"href":"https:\/\/www.mexicanguitarplayers.com\/en\/wp-json\/wp\/v2\/product\/9550","targetHints":{"allow":["GET"]}}],"collection":[{"href":"https:\/\/www.mexicanguitarplayers.com\/en\/wp-json\/wp\/v2\/product"}],"about":[{"href":"https:\/\/www.mexicanguitarplayers.com\/en\/wp-json\/wp\/v2\/types\/product"}],"replies":[{"embeddable":true,"href":"https:\/\/www.mexicanguitarplayers.com\/en\/wp-json\/wp\/v2\/comments?post=9550"}],"wp:featuredmedia":[{"embeddable":true,"href":"https:\/\/www.mexicanguitarplayers.com\/en\/wp-json\/wp\/v2\/media\/9549"}],"wp:attachment":[{"href":"https:\/\/www.mexicanguitarplayers.com\/en\/wp-json\/wp\/v2\/media?parent=9550"}],"wp:term":[{"taxonomy":"pwb-brand","embeddable":true,"href":"https:\/\/www.mexicanguitarplayers.com\/en\/wp-json\/wp\/v2\/pwb-brand?post=9550"},{"taxonomy":"product_brand","embeddable":true,"href":"https:\/\/www.mexicanguitarplayers.com\/en\/wp-json\/wp\/v2\/product_brand?post=9550"},{"taxonomy":"product_cat","embeddable":true,"href":"https:\/\/www.mexicanguitarplayers.com\/en\/wp-json\/wp\/v2\/product_cat?post=9550"},{"taxonomy":"product_tag","embeddable":true,"href":"https:\/\/www.mexicanguitarplayers.com\/en\/wp-json\/wp\/v2\/product_tag?post=9550"}],"curies":[{"name":"wp","href":"https:\/\/api.w.org\/{rel}","templated":true}]}}