{"id":9648,"date":"2022-08-18T01:28:08","date_gmt":"2022-08-18T06:28:08","guid":{"rendered":"https:\/\/www.mexicanguitarplayers.com\/tienda\/sin%20categor\u00eda\/platillo-meinl-20-mod-hcs20cr\/"},"modified":"2026-04-10T01:31:55","modified_gmt":"2026-04-10T07:31:55","slug":"platillo-meinl-20-mod-hcs20cr","status":"publish","type":"product","link":"https:\/\/www.mexicanguitarplayers.com\/en\/tienda\/percusiones\/platillos\/crashes\/platillo-meinl-20-mod-hcs20cr\/","title":{"rendered":"MEINL CYMBAL 20 MOD. HCS20CR"},"content":{"rendered":"<div style=\"text-align: justify\">\n<div>\n<h3>MEINL CYMBAL 20 MOD. HCS20CR<\/h3>\n<\/div>\n<div>20&quot; inch crash-ride cymbal, HCS series, made with MS63 brass alloy, exceptional value, made in Germany, clean response with sticks, full and warm body, smooth sound and complex extension, explosive sound when used as a crash, Middleweight.<\/div>\n<\/div>","protected":false},"excerpt":{"rendered":"<p>Platillo crash-ride de 20\u201d pulgadas, serie HCS, fabricado con aleaci\u00f3n de lat\u00f3n MS63, valor excepcional, hecho en Alemania, respuesta limpia con baquetas, cuerpo completo y c\u00e1lido, sonido suave y extensi\u00f3n compleja, sonido explosivo cuando se usa como crash, peso medio.&hellip; <a class=\"kt-excerpt-readmore more-link\" href=\"https:\/\/www.mexicanguitarplayers.com\/en\/tienda\/percusiones\/platillos\/crashes\/platillo-meinl-20-mod-hcs20cr\/\">Read more<\/a><\/p>","protected":false},"featured_media":9647,"comment_status":"open","ping_status":"closed","template":"","meta":{"kt_blocks_editor_width":""},"pwb-brand":[290],"product_brand":[],"product_cat":[285,208,260],"product_tag":[],"class_list":{"0":"post-9648","1":"product","2":"type-product","3":"status-publish","4":"has-post-thumbnail","6":"pwb-brand-meinl","7":"product_cat-crashes","8":"product_cat-percusiones","9":"product_cat-platillos","10":"product_shipping_class-0-5-kg","12":"first","13":"outofstock","14":"taxable","15":"shipping-taxable","16":"purchasable","17":"product-type-simple"},"yoast_head":"<!-- This site is optimized with the Yoast SEO plugin v27.6 - https:\/\/yoast.com\/product\/yoast-seo-wordpress\/ -->\n<title>PLATILLO MEINL 20 MOD. HCS20CR - Mexican Guitar Players<\/title>\n<meta name=\"description\" content=\"PLATILLO MEINL 20 MOD. HCS20CR. Platillo crash-ride de 20\u201d pulgadas, serie HCS, fabricado con aleaci\u00f3n de lat\u00f3n MS63, valor excepcional, hecho en Alemania, respuesta limpia con baquetas, cuerpo completo y c\u00e1lido, sonido suave y extensi\u00f3n compleja, sonido explosivo cuando se usa como crash, peso medio.\" \/>\n<meta name=\"robots\" content=\"index, follow, max-snippet:-1, max-image-preview:large, max-video-preview:-1\" \/>\n<link rel=\"canonical\" href=\"https:\/\/www.mexicanguitarplayers.com\/en\/tienda\/percusiones\/platillos\/crashes\/platillo-meinl-20-mod-hcs20cr\/\" \/>\n<meta property=\"og:locale\" content=\"en_US\" \/>\n<meta property=\"og:type\" content=\"article\" \/>\n<meta property=\"og:title\" content=\"PLATILLO MEINL 20 MOD. HCS20CR - Mexican Guitar Players\" \/>\n<meta property=\"og:description\" content=\"PLATILLO MEINL 20 MOD. HCS20CR. Platillo crash-ride de 20\u201d pulgadas, serie HCS, fabricado con aleaci\u00f3n de lat\u00f3n MS63, valor excepcional, hecho en Alemania, respuesta limpia con baquetas, cuerpo completo y c\u00e1lido, sonido suave y extensi\u00f3n compleja, sonido explosivo cuando se usa como crash, peso medio.\" \/>\n<meta property=\"og:url\" content=\"https:\/\/www.mexicanguitarplayers.com\/en\/tienda\/percusiones\/platillos\/crashes\/platillo-meinl-20-mod-hcs20cr\/\" \/>\n<meta property=\"og:site_name\" content=\"Mexican Guitar Players\" \/>\n<meta property=\"article:modified_time\" content=\"2026-04-10T07:31:55+00:00\" \/>\n<meta property=\"og:image\" content=\"https:\/\/www.mexicanguitarplayers.com\/wp-content\/uploads\/2022\/08\/IPMEIHCS20CR.jpg\" \/>\n\t<meta property=\"og:image:width\" content=\"1200\" \/>\n\t<meta property=\"og:image:height\" content=\"1200\" \/>\n\t<meta property=\"og:image:type\" content=\"image\/jpeg\" \/>\n<meta name=\"twitter:card\" content=\"summary_large_image\" \/>\n<script type=\"application\/ld+json\" class=\"yoast-schema-graph\">{\"@context\":\"https:\\\/\\\/schema.org\",\"@graph\":[{\"@type\":[\"WebPage\",\"ItemPage\"],\"@id\":\"https:\\\/\\\/www.mexicanguitarplayers.com\\\/tienda\\\/percusiones\\\/platillos\\\/crashes\\\/platillo-meinl-20-mod-hcs20cr\\\/\",\"url\":\"https:\\\/\\\/www.mexicanguitarplayers.com\\\/tienda\\\/percusiones\\\/platillos\\\/crashes\\\/platillo-meinl-20-mod-hcs20cr\\\/\",\"name\":\"PLATILLO MEINL 20 MOD. HCS20CR - Mexican Guitar Players\",\"isPartOf\":{\"@id\":\"https:\\\/\\\/www.mexicanguitarplayers.com\\\/#website\"},\"primaryImageOfPage\":{\"@id\":\"https:\\\/\\\/www.mexicanguitarplayers.com\\\/tienda\\\/percusiones\\\/platillos\\\/crashes\\\/platillo-meinl-20-mod-hcs20cr\\\/#primaryimage\"},\"image\":{\"@id\":\"https:\\\/\\\/www.mexicanguitarplayers.com\\\/tienda\\\/percusiones\\\/platillos\\\/crashes\\\/platillo-meinl-20-mod-hcs20cr\\\/#primaryimage\"},\"thumbnailUrl\":\"https:\\\/\\\/www.mexicanguitarplayers.com\\\/wp-content\\\/uploads\\\/2022\\\/08\\\/IPMEIHCS20CR.jpg\",\"datePublished\":\"2022-08-18T06:28:08+00:00\",\"dateModified\":\"2026-04-10T07:31:55+00:00\",\"description\":\"PLATILLO MEINL 20 MOD. HCS20CR. Platillo crash-ride de 20\u201d pulgadas, serie HCS, fabricado con aleaci\u00f3n de lat\u00f3n MS63, valor excepcional, hecho en Alemania, respuesta limpia con baquetas, cuerpo completo y c\u00e1lido, sonido suave y extensi\u00f3n compleja, sonido explosivo cuando se usa como crash, peso medio.\",\"breadcrumb\":{\"@id\":\"https:\\\/\\\/www.mexicanguitarplayers.com\\\/tienda\\\/percusiones\\\/platillos\\\/crashes\\\/platillo-meinl-20-mod-hcs20cr\\\/#breadcrumb\"},\"inLanguage\":\"en-US\",\"potentialAction\":[{\"@type\":\"ReadAction\",\"target\":[\"https:\\\/\\\/www.mexicanguitarplayers.com\\\/tienda\\\/percusiones\\\/platillos\\\/crashes\\\/platillo-meinl-20-mod-hcs20cr\\\/\"]}]},{\"@type\":\"ImageObject\",\"inLanguage\":\"en-US\",\"@id\":\"https:\\\/\\\/www.mexicanguitarplayers.com\\\/tienda\\\/percusiones\\\/platillos\\\/crashes\\\/platillo-meinl-20-mod-hcs20cr\\\/#primaryimage\",\"url\":\"https:\\\/\\\/www.mexicanguitarplayers.com\\\/wp-content\\\/uploads\\\/2022\\\/08\\\/IPMEIHCS20CR.jpg\",\"contentUrl\":\"https:\\\/\\\/www.mexicanguitarplayers.com\\\/wp-content\\\/uploads\\\/2022\\\/08\\\/IPMEIHCS20CR.jpg\",\"width\":1200,\"height\":1200},{\"@type\":\"BreadcrumbList\",\"@id\":\"https:\\\/\\\/www.mexicanguitarplayers.com\\\/tienda\\\/percusiones\\\/platillos\\\/crashes\\\/platillo-meinl-20-mod-hcs20cr\\\/#breadcrumb\",\"itemListElement\":[{\"@type\":\"ListItem\",\"position\":1,\"name\":\"Portada\",\"item\":\"https:\\\/\\\/www.mexicanguitarplayers.com\\\/\"},{\"@type\":\"ListItem\",\"position\":2,\"name\":\"Tienda\",\"item\":\"https:\\\/\\\/www.mexicanguitarplayers.com\\\/tienda\\\/\"},{\"@type\":\"ListItem\",\"position\":3,\"name\":\"PLATILLO MEINL 20 MOD. HCS20CR\"}]},{\"@type\":\"WebSite\",\"@id\":\"https:\\\/\\\/www.mexicanguitarplayers.com\\\/#website\",\"url\":\"https:\\\/\\\/www.mexicanguitarplayers.com\\\/\",\"name\":\"Mexican Guitar Players\",\"description\":\"Website\",\"publisher\":{\"@id\":\"https:\\\/\\\/www.mexicanguitarplayers.com\\\/#organization\"},\"potentialAction\":[{\"@type\":\"SearchAction\",\"target\":{\"@type\":\"EntryPoint\",\"urlTemplate\":\"https:\\\/\\\/www.mexicanguitarplayers.com\\\/?s={search_term_string}\"},\"query-input\":{\"@type\":\"PropertyValueSpecification\",\"valueRequired\":true,\"valueName\":\"search_term_string\"}}],\"inLanguage\":\"en-US\"},{\"@type\":\"Organization\",\"@id\":\"https:\\\/\\\/www.mexicanguitarplayers.com\\\/#organization\",\"name\":\"Mexican Guitar Players\",\"url\":\"https:\\\/\\\/www.mexicanguitarplayers.com\\\/\",\"logo\":{\"@type\":\"ImageObject\",\"inLanguage\":\"en-US\",\"@id\":\"https:\\\/\\\/www.mexicanguitarplayers.com\\\/#\\\/schema\\\/logo\\\/image\\\/\",\"url\":\"\",\"contentUrl\":\"\",\"caption\":\"Mexican Guitar Players\"},\"image\":{\"@id\":\"https:\\\/\\\/www.mexicanguitarplayers.com\\\/#\\\/schema\\\/logo\\\/image\\\/\"}}]}<\/script>\n<!-- \/ Yoast SEO plugin. -->","yoast_head_json":{"title":"PLATILLO MEINL 20 MOD. HCS20CR - Mexican Guitar Players","description":"PLATILLO MEINL 20 MOD. HCS20CR. Platillo crash-ride de 20\u201d pulgadas, serie HCS, fabricado con aleaci\u00f3n de lat\u00f3n MS63, valor excepcional, hecho en Alemania, respuesta limpia con baquetas, cuerpo completo y c\u00e1lido, sonido suave y extensi\u00f3n compleja, sonido explosivo cuando se usa como crash, peso medio.","robots":{"index":"index","follow":"follow","max-snippet":"max-snippet:-1","max-image-preview":"max-image-preview:large","max-video-preview":"max-video-preview:-1"},"canonical":"https:\/\/www.mexicanguitarplayers.com\/en\/tienda\/percusiones\/platillos\/crashes\/platillo-meinl-20-mod-hcs20cr\/","og_locale":"en_US","og_type":"article","og_title":"PLATILLO MEINL 20 MOD. HCS20CR - Mexican Guitar Players","og_description":"PLATILLO MEINL 20 MOD. HCS20CR. Platillo crash-ride de 20\u201d pulgadas, serie HCS, fabricado con aleaci\u00f3n de lat\u00f3n MS63, valor excepcional, hecho en Alemania, respuesta limpia con baquetas, cuerpo completo y c\u00e1lido, sonido suave y extensi\u00f3n compleja, sonido explosivo cuando se usa como crash, peso medio.","og_url":"https:\/\/www.mexicanguitarplayers.com\/en\/tienda\/percusiones\/platillos\/crashes\/platillo-meinl-20-mod-hcs20cr\/","og_site_name":"Mexican Guitar Players","article_modified_time":"2026-04-10T07:31:55+00:00","og_image":[{"width":1200,"height":1200,"url":"https:\/\/www.mexicanguitarplayers.com\/wp-content\/uploads\/2022\/08\/IPMEIHCS20CR.jpg","type":"image\/jpeg"}],"twitter_card":"summary_large_image","schema":{"@context":"https:\/\/schema.org","@graph":[{"@type":["WebPage","ItemPage"],"@id":"https:\/\/www.mexicanguitarplayers.com\/tienda\/percusiones\/platillos\/crashes\/platillo-meinl-20-mod-hcs20cr\/","url":"https:\/\/www.mexicanguitarplayers.com\/tienda\/percusiones\/platillos\/crashes\/platillo-meinl-20-mod-hcs20cr\/","name":"PLATILLO MEINL 20 MOD. HCS20CR - Mexican Guitar Players","isPartOf":{"@id":"https:\/\/www.mexicanguitarplayers.com\/#website"},"primaryImageOfPage":{"@id":"https:\/\/www.mexicanguitarplayers.com\/tienda\/percusiones\/platillos\/crashes\/platillo-meinl-20-mod-hcs20cr\/#primaryimage"},"image":{"@id":"https:\/\/www.mexicanguitarplayers.com\/tienda\/percusiones\/platillos\/crashes\/platillo-meinl-20-mod-hcs20cr\/#primaryimage"},"thumbnailUrl":"https:\/\/www.mexicanguitarplayers.com\/wp-content\/uploads\/2022\/08\/IPMEIHCS20CR.jpg","datePublished":"2022-08-18T06:28:08+00:00","dateModified":"2026-04-10T07:31:55+00:00","description":"PLATILLO MEINL 20 MOD. HCS20CR. Platillo crash-ride de 20\u201d pulgadas, serie HCS, fabricado con aleaci\u00f3n de lat\u00f3n MS63, valor excepcional, hecho en Alemania, respuesta limpia con baquetas, cuerpo completo y c\u00e1lido, sonido suave y extensi\u00f3n compleja, sonido explosivo cuando se usa como crash, peso medio.","breadcrumb":{"@id":"https:\/\/www.mexicanguitarplayers.com\/tienda\/percusiones\/platillos\/crashes\/platillo-meinl-20-mod-hcs20cr\/#breadcrumb"},"inLanguage":"en-US","potentialAction":[{"@type":"ReadAction","target":["https:\/\/www.mexicanguitarplayers.com\/tienda\/percusiones\/platillos\/crashes\/platillo-meinl-20-mod-hcs20cr\/"]}]},{"@type":"ImageObject","inLanguage":"en-US","@id":"https:\/\/www.mexicanguitarplayers.com\/tienda\/percusiones\/platillos\/crashes\/platillo-meinl-20-mod-hcs20cr\/#primaryimage","url":"https:\/\/www.mexicanguitarplayers.com\/wp-content\/uploads\/2022\/08\/IPMEIHCS20CR.jpg","contentUrl":"https:\/\/www.mexicanguitarplayers.com\/wp-content\/uploads\/2022\/08\/IPMEIHCS20CR.jpg","width":1200,"height":1200},{"@type":"BreadcrumbList","@id":"https:\/\/www.mexicanguitarplayers.com\/tienda\/percusiones\/platillos\/crashes\/platillo-meinl-20-mod-hcs20cr\/#breadcrumb","itemListElement":[{"@type":"ListItem","position":1,"name":"Portada","item":"https:\/\/www.mexicanguitarplayers.com\/"},{"@type":"ListItem","position":2,"name":"Tienda","item":"https:\/\/www.mexicanguitarplayers.com\/tienda\/"},{"@type":"ListItem","position":3,"name":"PLATILLO MEINL 20 MOD. HCS20CR"}]},{"@type":"WebSite","@id":"https:\/\/www.mexicanguitarplayers.com\/#website","url":"https:\/\/www.mexicanguitarplayers.com\/","name":"Mexican Guitar Players","description":"Website","publisher":{"@id":"https:\/\/www.mexicanguitarplayers.com\/#organization"},"potentialAction":[{"@type":"SearchAction","target":{"@type":"EntryPoint","urlTemplate":"https:\/\/www.mexicanguitarplayers.com\/?s={search_term_string}"},"query-input":{"@type":"PropertyValueSpecification","valueRequired":true,"valueName":"search_term_string"}}],"inLanguage":"en-US"},{"@type":"Organization","@id":"https:\/\/www.mexicanguitarplayers.com\/#organization","name":"Mexican Guitar Players","url":"https:\/\/www.mexicanguitarplayers.com\/","logo":{"@type":"ImageObject","inLanguage":"en-US","@id":"https:\/\/www.mexicanguitarplayers.com\/#\/schema\/logo\/image\/","url":"","contentUrl":"","caption":"Mexican Guitar Players"},"image":{"@id":"https:\/\/www.mexicanguitarplayers.com\/#\/schema\/logo\/image\/"}}]}},"brands":[{"id":290,"name":"MEINL","slug":"meinl"}],"_links":{"self":[{"href":"https:\/\/www.mexicanguitarplayers.com\/en\/wp-json\/wp\/v2\/product\/9648","targetHints":{"allow":["GET"]}}],"collection":[{"href":"https:\/\/www.mexicanguitarplayers.com\/en\/wp-json\/wp\/v2\/product"}],"about":[{"href":"https:\/\/www.mexicanguitarplayers.com\/en\/wp-json\/wp\/v2\/types\/product"}],"replies":[{"embeddable":true,"href":"https:\/\/www.mexicanguitarplayers.com\/en\/wp-json\/wp\/v2\/comments?post=9648"}],"wp:featuredmedia":[{"embeddable":true,"href":"https:\/\/www.mexicanguitarplayers.com\/en\/wp-json\/wp\/v2\/media\/9647"}],"wp:attachment":[{"href":"https:\/\/www.mexicanguitarplayers.com\/en\/wp-json\/wp\/v2\/media?parent=9648"}],"wp:term":[{"taxonomy":"pwb-brand","embeddable":true,"href":"https:\/\/www.mexicanguitarplayers.com\/en\/wp-json\/wp\/v2\/pwb-brand?post=9648"},{"taxonomy":"product_brand","embeddable":true,"href":"https:\/\/www.mexicanguitarplayers.com\/en\/wp-json\/wp\/v2\/product_brand?post=9648"},{"taxonomy":"product_cat","embeddable":true,"href":"https:\/\/www.mexicanguitarplayers.com\/en\/wp-json\/wp\/v2\/product_cat?post=9648"},{"taxonomy":"product_tag","embeddable":true,"href":"https:\/\/www.mexicanguitarplayers.com\/en\/wp-json\/wp\/v2\/product_tag?post=9648"}],"curies":[{"name":"wp","href":"https:\/\/api.w.org\/{rel}","templated":true}]}}