{"id":9658,"date":"2022-08-18T01:28:20","date_gmt":"2022-08-18T06:28:20","guid":{"rendered":"https:\/\/www.mexicanguitarplayers.com\/tienda\/sin%20categor\u00eda\/platillo-meinl-12-mod-hcsb12trs\/"},"modified":"2024-11-09T07:16:25","modified_gmt":"2024-11-09T13:16:25","slug":"platillo-meinl-12-mod-hcsb12trs","status":"publish","type":"product","link":"https:\/\/www.mexicanguitarplayers.com\/en\/tienda\/percusiones\/platillos\/splashes\/platillo-meinl-12-mod-hcsb12trs\/","title":{"rendered":"MEINL CYMBAL 12 MOD. HCSB12TRS"},"content":{"rendered":"<div style=\"text-align: justify\">\n<div>\n<h3>MEINL CYMBAL 12 MOD. HCSB12TRS<\/h3>\n<\/div>\n<div>12&quot; inch trash-splash cymbal, B8 bronze alloy, fast accent, short decay, traditional finish, sharp tone, explosive and clear character, bright timbre, low volume, wide blade turning, short sustain, ideal for rock and pop , made in Germany.<\/div>\n<\/div>","protected":false},"excerpt":{"rendered":"<p>Platillo trash-splash de 12\u201d pulgadas, aleaci\u00f3n de bronce B8, acento r\u00e1pido, decay corto, terminado tradicional, tono agudo, car\u00e1cter explosivo y claro, timbre brillante, volumen bajo, torneado en hoja ancha, sustain corto, ideal para rock y pop, fabricado en Alemania.&hellip; <a class=\"kt-excerpt-readmore more-link\" href=\"https:\/\/www.mexicanguitarplayers.com\/en\/tienda\/percusiones\/platillos\/splashes\/platillo-meinl-12-mod-hcsb12trs\/\">Read more<\/a><\/p>","protected":false},"featured_media":9657,"comment_status":"open","ping_status":"closed","template":"","meta":{"kt_blocks_editor_width":""},"pwb-brand":[290],"product_brand":[],"product_cat":[208,260,293],"product_tag":[],"class_list":{"0":"post-9658","1":"product","2":"type-product","3":"status-publish","4":"has-post-thumbnail","6":"pwb-brand-meinl","7":"product_cat-percusiones","8":"product_cat-platillos","9":"product_cat-splashes","10":"product_shipping_class-0-5-kg","12":"first","13":"outofstock","14":"taxable","15":"shipping-taxable","16":"purchasable","17":"product-type-simple"},"yoast_head":"<!-- This site is optimized with the Yoast SEO plugin v27.6 - https:\/\/yoast.com\/product\/yoast-seo-wordpress\/ -->\n<title>PLATILLO MEINL 12 MOD. HCSB12TRS - Mexican Guitar Players<\/title>\n<meta name=\"description\" content=\"PLATILLO MEINL 12 MOD. HCSB12TRS. Platillo trash-splash de 12\u201d pulgadas, aleaci\u00f3n de bronce B8, acento r\u00e1pido, decay corto, terminado tradicional, tono agudo, car\u00e1cter explosivo y claro, timbre brillante, volumen bajo, torneado en hoja ancha, sustain corto, ideal para rock y pop, fabricado en Alemania.\" \/>\n<meta name=\"robots\" content=\"index, follow, max-snippet:-1, max-image-preview:large, max-video-preview:-1\" \/>\n<link rel=\"canonical\" href=\"https:\/\/www.mexicanguitarplayers.com\/en\/tienda\/percusiones\/platillos\/splashes\/platillo-meinl-12-mod-hcsb12trs\/\" \/>\n<meta property=\"og:locale\" content=\"en_US\" \/>\n<meta property=\"og:type\" content=\"article\" \/>\n<meta property=\"og:title\" content=\"PLATILLO MEINL 12 MOD. HCSB12TRS - Mexican Guitar Players\" \/>\n<meta property=\"og:description\" content=\"PLATILLO MEINL 12 MOD. HCSB12TRS. Platillo trash-splash de 12\u201d pulgadas, aleaci\u00f3n de bronce B8, acento r\u00e1pido, decay corto, terminado tradicional, tono agudo, car\u00e1cter explosivo y claro, timbre brillante, volumen bajo, torneado en hoja ancha, sustain corto, ideal para rock y pop, fabricado en Alemania.\" \/>\n<meta property=\"og:url\" content=\"https:\/\/www.mexicanguitarplayers.com\/en\/tienda\/percusiones\/platillos\/splashes\/platillo-meinl-12-mod-hcsb12trs\/\" \/>\n<meta property=\"og:site_name\" content=\"Mexican Guitar Players\" \/>\n<meta property=\"article:modified_time\" content=\"2024-11-09T13:16:25+00:00\" \/>\n<meta property=\"og:image\" content=\"https:\/\/www.mexicanguitarplayers.com\/wp-content\/uploads\/2022\/08\/IPMEIHCSB12TRS.jpg\" \/>\n\t<meta property=\"og:image:width\" content=\"1200\" \/>\n\t<meta property=\"og:image:height\" content=\"1200\" \/>\n\t<meta property=\"og:image:type\" content=\"image\/jpeg\" \/>\n<meta name=\"twitter:card\" content=\"summary_large_image\" \/>\n<script type=\"application\/ld+json\" class=\"yoast-schema-graph\">{\"@context\":\"https:\\\/\\\/schema.org\",\"@graph\":[{\"@type\":[\"WebPage\",\"ItemPage\"],\"@id\":\"https:\\\/\\\/www.mexicanguitarplayers.com\\\/tienda\\\/percusiones\\\/platillos\\\/splashes\\\/platillo-meinl-12-mod-hcsb12trs\\\/\",\"url\":\"https:\\\/\\\/www.mexicanguitarplayers.com\\\/tienda\\\/percusiones\\\/platillos\\\/splashes\\\/platillo-meinl-12-mod-hcsb12trs\\\/\",\"name\":\"PLATILLO MEINL 12 MOD. HCSB12TRS - Mexican Guitar Players\",\"isPartOf\":{\"@id\":\"https:\\\/\\\/www.mexicanguitarplayers.com\\\/#website\"},\"primaryImageOfPage\":{\"@id\":\"https:\\\/\\\/www.mexicanguitarplayers.com\\\/tienda\\\/percusiones\\\/platillos\\\/splashes\\\/platillo-meinl-12-mod-hcsb12trs\\\/#primaryimage\"},\"image\":{\"@id\":\"https:\\\/\\\/www.mexicanguitarplayers.com\\\/tienda\\\/percusiones\\\/platillos\\\/splashes\\\/platillo-meinl-12-mod-hcsb12trs\\\/#primaryimage\"},\"thumbnailUrl\":\"https:\\\/\\\/www.mexicanguitarplayers.com\\\/wp-content\\\/uploads\\\/2022\\\/08\\\/IPMEIHCSB12TRS.jpg\",\"datePublished\":\"2022-08-18T06:28:20+00:00\",\"dateModified\":\"2024-11-09T13:16:25+00:00\",\"description\":\"PLATILLO MEINL 12 MOD. HCSB12TRS. Platillo trash-splash de 12\u201d pulgadas, aleaci\u00f3n de bronce B8, acento r\u00e1pido, decay corto, terminado tradicional, tono agudo, car\u00e1cter explosivo y claro, timbre brillante, volumen bajo, torneado en hoja ancha, sustain corto, ideal para rock y pop, fabricado en Alemania.\",\"breadcrumb\":{\"@id\":\"https:\\\/\\\/www.mexicanguitarplayers.com\\\/tienda\\\/percusiones\\\/platillos\\\/splashes\\\/platillo-meinl-12-mod-hcsb12trs\\\/#breadcrumb\"},\"inLanguage\":\"en-US\",\"potentialAction\":[{\"@type\":\"ReadAction\",\"target\":[\"https:\\\/\\\/www.mexicanguitarplayers.com\\\/tienda\\\/percusiones\\\/platillos\\\/splashes\\\/platillo-meinl-12-mod-hcsb12trs\\\/\"]}]},{\"@type\":\"ImageObject\",\"inLanguage\":\"en-US\",\"@id\":\"https:\\\/\\\/www.mexicanguitarplayers.com\\\/tienda\\\/percusiones\\\/platillos\\\/splashes\\\/platillo-meinl-12-mod-hcsb12trs\\\/#primaryimage\",\"url\":\"https:\\\/\\\/www.mexicanguitarplayers.com\\\/wp-content\\\/uploads\\\/2022\\\/08\\\/IPMEIHCSB12TRS.jpg\",\"contentUrl\":\"https:\\\/\\\/www.mexicanguitarplayers.com\\\/wp-content\\\/uploads\\\/2022\\\/08\\\/IPMEIHCSB12TRS.jpg\",\"width\":1200,\"height\":1200},{\"@type\":\"BreadcrumbList\",\"@id\":\"https:\\\/\\\/www.mexicanguitarplayers.com\\\/tienda\\\/percusiones\\\/platillos\\\/splashes\\\/platillo-meinl-12-mod-hcsb12trs\\\/#breadcrumb\",\"itemListElement\":[{\"@type\":\"ListItem\",\"position\":1,\"name\":\"Portada\",\"item\":\"https:\\\/\\\/www.mexicanguitarplayers.com\\\/\"},{\"@type\":\"ListItem\",\"position\":2,\"name\":\"Tienda\",\"item\":\"https:\\\/\\\/www.mexicanguitarplayers.com\\\/tienda\\\/\"},{\"@type\":\"ListItem\",\"position\":3,\"name\":\"PLATILLO MEINL 12 MOD. HCSB12TRS\"}]},{\"@type\":\"WebSite\",\"@id\":\"https:\\\/\\\/www.mexicanguitarplayers.com\\\/#website\",\"url\":\"https:\\\/\\\/www.mexicanguitarplayers.com\\\/\",\"name\":\"Mexican Guitar Players\",\"description\":\"Website\",\"publisher\":{\"@id\":\"https:\\\/\\\/www.mexicanguitarplayers.com\\\/#organization\"},\"potentialAction\":[{\"@type\":\"SearchAction\",\"target\":{\"@type\":\"EntryPoint\",\"urlTemplate\":\"https:\\\/\\\/www.mexicanguitarplayers.com\\\/?s={search_term_string}\"},\"query-input\":{\"@type\":\"PropertyValueSpecification\",\"valueRequired\":true,\"valueName\":\"search_term_string\"}}],\"inLanguage\":\"en-US\"},{\"@type\":\"Organization\",\"@id\":\"https:\\\/\\\/www.mexicanguitarplayers.com\\\/#organization\",\"name\":\"Mexican Guitar Players\",\"url\":\"https:\\\/\\\/www.mexicanguitarplayers.com\\\/\",\"logo\":{\"@type\":\"ImageObject\",\"inLanguage\":\"en-US\",\"@id\":\"https:\\\/\\\/www.mexicanguitarplayers.com\\\/#\\\/schema\\\/logo\\\/image\\\/\",\"url\":\"\",\"contentUrl\":\"\",\"caption\":\"Mexican Guitar Players\"},\"image\":{\"@id\":\"https:\\\/\\\/www.mexicanguitarplayers.com\\\/#\\\/schema\\\/logo\\\/image\\\/\"}}]}<\/script>\n<!-- \/ Yoast SEO plugin. -->","yoast_head_json":{"title":"PLATILLO MEINL 12 MOD. HCSB12TRS - Mexican Guitar Players","description":"PLATILLO MEINL 12 MOD. HCSB12TRS. Platillo trash-splash de 12\u201d pulgadas, aleaci\u00f3n de bronce B8, acento r\u00e1pido, decay corto, terminado tradicional, tono agudo, car\u00e1cter explosivo y claro, timbre brillante, volumen bajo, torneado en hoja ancha, sustain corto, ideal para rock y pop, fabricado en Alemania.","robots":{"index":"index","follow":"follow","max-snippet":"max-snippet:-1","max-image-preview":"max-image-preview:large","max-video-preview":"max-video-preview:-1"},"canonical":"https:\/\/www.mexicanguitarplayers.com\/en\/tienda\/percusiones\/platillos\/splashes\/platillo-meinl-12-mod-hcsb12trs\/","og_locale":"en_US","og_type":"article","og_title":"PLATILLO MEINL 12 MOD. HCSB12TRS - Mexican Guitar Players","og_description":"PLATILLO MEINL 12 MOD. HCSB12TRS. Platillo trash-splash de 12\u201d pulgadas, aleaci\u00f3n de bronce B8, acento r\u00e1pido, decay corto, terminado tradicional, tono agudo, car\u00e1cter explosivo y claro, timbre brillante, volumen bajo, torneado en hoja ancha, sustain corto, ideal para rock y pop, fabricado en Alemania.","og_url":"https:\/\/www.mexicanguitarplayers.com\/en\/tienda\/percusiones\/platillos\/splashes\/platillo-meinl-12-mod-hcsb12trs\/","og_site_name":"Mexican Guitar Players","article_modified_time":"2024-11-09T13:16:25+00:00","og_image":[{"width":1200,"height":1200,"url":"https:\/\/www.mexicanguitarplayers.com\/wp-content\/uploads\/2022\/08\/IPMEIHCSB12TRS.jpg","type":"image\/jpeg"}],"twitter_card":"summary_large_image","schema":{"@context":"https:\/\/schema.org","@graph":[{"@type":["WebPage","ItemPage"],"@id":"https:\/\/www.mexicanguitarplayers.com\/tienda\/percusiones\/platillos\/splashes\/platillo-meinl-12-mod-hcsb12trs\/","url":"https:\/\/www.mexicanguitarplayers.com\/tienda\/percusiones\/platillos\/splashes\/platillo-meinl-12-mod-hcsb12trs\/","name":"PLATILLO MEINL 12 MOD. HCSB12TRS - Mexican Guitar Players","isPartOf":{"@id":"https:\/\/www.mexicanguitarplayers.com\/#website"},"primaryImageOfPage":{"@id":"https:\/\/www.mexicanguitarplayers.com\/tienda\/percusiones\/platillos\/splashes\/platillo-meinl-12-mod-hcsb12trs\/#primaryimage"},"image":{"@id":"https:\/\/www.mexicanguitarplayers.com\/tienda\/percusiones\/platillos\/splashes\/platillo-meinl-12-mod-hcsb12trs\/#primaryimage"},"thumbnailUrl":"https:\/\/www.mexicanguitarplayers.com\/wp-content\/uploads\/2022\/08\/IPMEIHCSB12TRS.jpg","datePublished":"2022-08-18T06:28:20+00:00","dateModified":"2024-11-09T13:16:25+00:00","description":"PLATILLO MEINL 12 MOD. HCSB12TRS. Platillo trash-splash de 12\u201d pulgadas, aleaci\u00f3n de bronce B8, acento r\u00e1pido, decay corto, terminado tradicional, tono agudo, car\u00e1cter explosivo y claro, timbre brillante, volumen bajo, torneado en hoja ancha, sustain corto, ideal para rock y pop, fabricado en Alemania.","breadcrumb":{"@id":"https:\/\/www.mexicanguitarplayers.com\/tienda\/percusiones\/platillos\/splashes\/platillo-meinl-12-mod-hcsb12trs\/#breadcrumb"},"inLanguage":"en-US","potentialAction":[{"@type":"ReadAction","target":["https:\/\/www.mexicanguitarplayers.com\/tienda\/percusiones\/platillos\/splashes\/platillo-meinl-12-mod-hcsb12trs\/"]}]},{"@type":"ImageObject","inLanguage":"en-US","@id":"https:\/\/www.mexicanguitarplayers.com\/tienda\/percusiones\/platillos\/splashes\/platillo-meinl-12-mod-hcsb12trs\/#primaryimage","url":"https:\/\/www.mexicanguitarplayers.com\/wp-content\/uploads\/2022\/08\/IPMEIHCSB12TRS.jpg","contentUrl":"https:\/\/www.mexicanguitarplayers.com\/wp-content\/uploads\/2022\/08\/IPMEIHCSB12TRS.jpg","width":1200,"height":1200},{"@type":"BreadcrumbList","@id":"https:\/\/www.mexicanguitarplayers.com\/tienda\/percusiones\/platillos\/splashes\/platillo-meinl-12-mod-hcsb12trs\/#breadcrumb","itemListElement":[{"@type":"ListItem","position":1,"name":"Portada","item":"https:\/\/www.mexicanguitarplayers.com\/"},{"@type":"ListItem","position":2,"name":"Tienda","item":"https:\/\/www.mexicanguitarplayers.com\/tienda\/"},{"@type":"ListItem","position":3,"name":"PLATILLO MEINL 12 MOD. HCSB12TRS"}]},{"@type":"WebSite","@id":"https:\/\/www.mexicanguitarplayers.com\/#website","url":"https:\/\/www.mexicanguitarplayers.com\/","name":"Mexican Guitar Players","description":"Website","publisher":{"@id":"https:\/\/www.mexicanguitarplayers.com\/#organization"},"potentialAction":[{"@type":"SearchAction","target":{"@type":"EntryPoint","urlTemplate":"https:\/\/www.mexicanguitarplayers.com\/?s={search_term_string}"},"query-input":{"@type":"PropertyValueSpecification","valueRequired":true,"valueName":"search_term_string"}}],"inLanguage":"en-US"},{"@type":"Organization","@id":"https:\/\/www.mexicanguitarplayers.com\/#organization","name":"Mexican Guitar Players","url":"https:\/\/www.mexicanguitarplayers.com\/","logo":{"@type":"ImageObject","inLanguage":"en-US","@id":"https:\/\/www.mexicanguitarplayers.com\/#\/schema\/logo\/image\/","url":"","contentUrl":"","caption":"Mexican Guitar Players"},"image":{"@id":"https:\/\/www.mexicanguitarplayers.com\/#\/schema\/logo\/image\/"}}]}},"brands":[{"id":290,"name":"MEINL","slug":"meinl"}],"_links":{"self":[{"href":"https:\/\/www.mexicanguitarplayers.com\/en\/wp-json\/wp\/v2\/product\/9658","targetHints":{"allow":["GET"]}}],"collection":[{"href":"https:\/\/www.mexicanguitarplayers.com\/en\/wp-json\/wp\/v2\/product"}],"about":[{"href":"https:\/\/www.mexicanguitarplayers.com\/en\/wp-json\/wp\/v2\/types\/product"}],"replies":[{"embeddable":true,"href":"https:\/\/www.mexicanguitarplayers.com\/en\/wp-json\/wp\/v2\/comments?post=9658"}],"wp:featuredmedia":[{"embeddable":true,"href":"https:\/\/www.mexicanguitarplayers.com\/en\/wp-json\/wp\/v2\/media\/9657"}],"wp:attachment":[{"href":"https:\/\/www.mexicanguitarplayers.com\/en\/wp-json\/wp\/v2\/media?parent=9658"}],"wp:term":[{"taxonomy":"pwb-brand","embeddable":true,"href":"https:\/\/www.mexicanguitarplayers.com\/en\/wp-json\/wp\/v2\/pwb-brand?post=9658"},{"taxonomy":"product_brand","embeddable":true,"href":"https:\/\/www.mexicanguitarplayers.com\/en\/wp-json\/wp\/v2\/product_brand?post=9658"},{"taxonomy":"product_cat","embeddable":true,"href":"https:\/\/www.mexicanguitarplayers.com\/en\/wp-json\/wp\/v2\/product_cat?post=9658"},{"taxonomy":"product_tag","embeddable":true,"href":"https:\/\/www.mexicanguitarplayers.com\/en\/wp-json\/wp\/v2\/product_tag?post=9658"}],"curies":[{"name":"wp","href":"https:\/\/api.w.org\/{rel}","templated":true}]}}