{"id":9710,"date":"2022-08-18T01:29:24","date_gmt":"2022-08-18T06:29:24","guid":{"rendered":"https:\/\/www.mexicanguitarplayers.com\/tienda\/sin%20categor\u00eda\/pandero-meinl-benny-greb-mod-hthhbg\/"},"modified":"2026-01-17T05:56:23","modified_gmt":"2026-01-17T11:56:23","slug":"pandero-meinl-benny-greb-mod-hthhbg","status":"publish","type":"product","link":"https:\/\/www.mexicanguitarplayers.com\/en\/tienda\/percusiones\/percusiones-menores\/panderos\/pandero-meinl-benny-greb-mod-hthhbg\/","title":{"rendered":"MEINL BENNY GREB TAMBOURINE MOD. HTHHBG"},"content":{"rendered":"<div style=\"text-align: justify\">\n<div>\n<h3>MEINL BENNY GREB TAMBOURINE MOD. HTHHBG<\/h3>\n<\/div>\n<div>Benny Greb Artist Series Tambourine with wing nut holder to fit on your Hi-Hats stand, eight pairs of round sandblasted brass cymbals, dry vintage sound with a unique matte appearance, soft but sharp ching effect, fits easily mix with your drum set or percussion set.<\/div>\n<\/div>","protected":false},"excerpt":{"rendered":"<p>Pandero Benny Greb Artist Series con soporte de tuerca de mariposa para ajustarse en tu atril de Hi-Hats, ocho pares de cr\u00f3talos redondos de lat\u00f3n arenado, sonido seco y vintage con una apariencia mate \u00fanica, efecto de \u201dching\u201d suave pero afilado, se mezcla f\u00e1cilmente con tu set de bater\u00eda o tu set de percusi\u00f3n.&hellip; <a class=\"kt-excerpt-readmore more-link\" href=\"https:\/\/www.mexicanguitarplayers.com\/en\/tienda\/percusiones\/percusiones-menores\/panderos\/pandero-meinl-benny-greb-mod-hthhbg\/\">Read more<\/a><\/p>","protected":false},"featured_media":9709,"comment_status":"open","ping_status":"closed","template":"","meta":{"kt_blocks_editor_width":""},"pwb-brand":[290],"product_brand":[],"product_cat":[282,208,276],"product_tag":[],"class_list":{"0":"post-9710","1":"product","2":"type-product","3":"status-publish","4":"has-post-thumbnail","6":"pwb-brand-meinl","7":"product_cat-panderos","8":"product_cat-percusiones","9":"product_cat-percusiones-menores","10":"product_shipping_class-0-5-kg","12":"first","13":"instock","14":"taxable","15":"shipping-taxable","16":"purchasable","17":"product-type-simple"},"yoast_head":"<!-- This site is optimized with the Yoast SEO plugin v27.3 - https:\/\/yoast.com\/product\/yoast-seo-wordpress\/ -->\n<title>PANDERO MEINL BENNY GREB MOD. HTHHBG - Mexican Guitar Players<\/title>\n<meta name=\"description\" content=\"PANDERO MEINL BENNY GREB MOD. HTHHBG. Pandero Benny Greb Artist Series con soporte de tuerca de mariposa para ajustarse en tu atril de Hi-Hats, ocho pares de cr\u00f3talos redondos de lat\u00f3n arenado, sonido seco y vintage con una apariencia mate \u00fanica, efecto de \u201dching\u201d suave pero afilado, se mezcla f\u00e1cilmente con tu set de bater\u00eda o tu set de percusi\u00f3n.\" \/>\n<meta name=\"robots\" content=\"index, follow, max-snippet:-1, max-image-preview:large, max-video-preview:-1\" \/>\n<link rel=\"canonical\" href=\"https:\/\/www.mexicanguitarplayers.com\/en\/tienda\/percusiones\/percusiones-menores\/panderos\/pandero-meinl-benny-greb-mod-hthhbg\/\" \/>\n<meta property=\"og:locale\" content=\"en_US\" \/>\n<meta property=\"og:type\" content=\"article\" \/>\n<meta property=\"og:title\" content=\"PANDERO MEINL BENNY GREB MOD. HTHHBG - Mexican Guitar Players\" \/>\n<meta property=\"og:description\" content=\"PANDERO MEINL BENNY GREB MOD. HTHHBG. Pandero Benny Greb Artist Series con soporte de tuerca de mariposa para ajustarse en tu atril de Hi-Hats, ocho pares de cr\u00f3talos redondos de lat\u00f3n arenado, sonido seco y vintage con una apariencia mate \u00fanica, efecto de \u201dching\u201d suave pero afilado, se mezcla f\u00e1cilmente con tu set de bater\u00eda o tu set de percusi\u00f3n.\" \/>\n<meta property=\"og:url\" content=\"https:\/\/www.mexicanguitarplayers.com\/en\/tienda\/percusiones\/percusiones-menores\/panderos\/pandero-meinl-benny-greb-mod-hthhbg\/\" \/>\n<meta property=\"og:site_name\" content=\"Mexican Guitar Players\" \/>\n<meta property=\"article:modified_time\" content=\"2026-01-17T11:56:23+00:00\" \/>\n<meta property=\"og:image\" content=\"https:\/\/www.mexicanguitarplayers.com\/wp-content\/uploads\/2022\/08\/IPMEIHTHHBG.jpg\" \/>\n\t<meta property=\"og:image:width\" content=\"1200\" \/>\n\t<meta property=\"og:image:height\" content=\"1200\" \/>\n\t<meta property=\"og:image:type\" content=\"image\/jpeg\" \/>\n<meta name=\"twitter:card\" content=\"summary_large_image\" \/>\n<script type=\"application\/ld+json\" class=\"yoast-schema-graph\">{\"@context\":\"https:\\\/\\\/schema.org\",\"@graph\":[{\"@type\":[\"WebPage\",\"ItemPage\"],\"@id\":\"https:\\\/\\\/www.mexicanguitarplayers.com\\\/tienda\\\/percusiones\\\/percusiones-menores\\\/panderos\\\/pandero-meinl-benny-greb-mod-hthhbg\\\/\",\"url\":\"https:\\\/\\\/www.mexicanguitarplayers.com\\\/tienda\\\/percusiones\\\/percusiones-menores\\\/panderos\\\/pandero-meinl-benny-greb-mod-hthhbg\\\/\",\"name\":\"PANDERO MEINL BENNY GREB MOD. HTHHBG - Mexican Guitar Players\",\"isPartOf\":{\"@id\":\"https:\\\/\\\/www.mexicanguitarplayers.com\\\/#website\"},\"primaryImageOfPage\":{\"@id\":\"https:\\\/\\\/www.mexicanguitarplayers.com\\\/tienda\\\/percusiones\\\/percusiones-menores\\\/panderos\\\/pandero-meinl-benny-greb-mod-hthhbg\\\/#primaryimage\"},\"image\":{\"@id\":\"https:\\\/\\\/www.mexicanguitarplayers.com\\\/tienda\\\/percusiones\\\/percusiones-menores\\\/panderos\\\/pandero-meinl-benny-greb-mod-hthhbg\\\/#primaryimage\"},\"thumbnailUrl\":\"https:\\\/\\\/www.mexicanguitarplayers.com\\\/wp-content\\\/uploads\\\/2022\\\/08\\\/IPMEIHTHHBG.jpg\",\"datePublished\":\"2022-08-18T06:29:24+00:00\",\"dateModified\":\"2026-01-17T11:56:23+00:00\",\"description\":\"PANDERO MEINL BENNY GREB MOD. HTHHBG. Pandero Benny Greb Artist Series con soporte de tuerca de mariposa para ajustarse en tu atril de Hi-Hats, ocho pares de cr\u00f3talos redondos de lat\u00f3n arenado, sonido seco y vintage con una apariencia mate \u00fanica, efecto de \u201dching\u201d suave pero afilado, se mezcla f\u00e1cilmente con tu set de bater\u00eda o tu set de percusi\u00f3n.\",\"breadcrumb\":{\"@id\":\"https:\\\/\\\/www.mexicanguitarplayers.com\\\/tienda\\\/percusiones\\\/percusiones-menores\\\/panderos\\\/pandero-meinl-benny-greb-mod-hthhbg\\\/#breadcrumb\"},\"inLanguage\":\"en-US\",\"potentialAction\":[{\"@type\":\"ReadAction\",\"target\":[\"https:\\\/\\\/www.mexicanguitarplayers.com\\\/tienda\\\/percusiones\\\/percusiones-menores\\\/panderos\\\/pandero-meinl-benny-greb-mod-hthhbg\\\/\"]}]},{\"@type\":\"ImageObject\",\"inLanguage\":\"en-US\",\"@id\":\"https:\\\/\\\/www.mexicanguitarplayers.com\\\/tienda\\\/percusiones\\\/percusiones-menores\\\/panderos\\\/pandero-meinl-benny-greb-mod-hthhbg\\\/#primaryimage\",\"url\":\"https:\\\/\\\/www.mexicanguitarplayers.com\\\/wp-content\\\/uploads\\\/2022\\\/08\\\/IPMEIHTHHBG.jpg\",\"contentUrl\":\"https:\\\/\\\/www.mexicanguitarplayers.com\\\/wp-content\\\/uploads\\\/2022\\\/08\\\/IPMEIHTHHBG.jpg\",\"width\":1200,\"height\":1200},{\"@type\":\"BreadcrumbList\",\"@id\":\"https:\\\/\\\/www.mexicanguitarplayers.com\\\/tienda\\\/percusiones\\\/percusiones-menores\\\/panderos\\\/pandero-meinl-benny-greb-mod-hthhbg\\\/#breadcrumb\",\"itemListElement\":[{\"@type\":\"ListItem\",\"position\":1,\"name\":\"Portada\",\"item\":\"https:\\\/\\\/www.mexicanguitarplayers.com\\\/\"},{\"@type\":\"ListItem\",\"position\":2,\"name\":\"Tienda\",\"item\":\"https:\\\/\\\/www.mexicanguitarplayers.com\\\/tienda\\\/\"},{\"@type\":\"ListItem\",\"position\":3,\"name\":\"PANDERO MEINL BENNY GREB MOD. HTHHBG\"}]},{\"@type\":\"WebSite\",\"@id\":\"https:\\\/\\\/www.mexicanguitarplayers.com\\\/#website\",\"url\":\"https:\\\/\\\/www.mexicanguitarplayers.com\\\/\",\"name\":\"Mexican Guitar Players\",\"description\":\"Website\",\"publisher\":{\"@id\":\"https:\\\/\\\/www.mexicanguitarplayers.com\\\/#organization\"},\"potentialAction\":[{\"@type\":\"SearchAction\",\"target\":{\"@type\":\"EntryPoint\",\"urlTemplate\":\"https:\\\/\\\/www.mexicanguitarplayers.com\\\/?s={search_term_string}\"},\"query-input\":{\"@type\":\"PropertyValueSpecification\",\"valueRequired\":true,\"valueName\":\"search_term_string\"}}],\"inLanguage\":\"en-US\"},{\"@type\":\"Organization\",\"@id\":\"https:\\\/\\\/www.mexicanguitarplayers.com\\\/#organization\",\"name\":\"Mexican Guitar Players\",\"url\":\"https:\\\/\\\/www.mexicanguitarplayers.com\\\/\",\"logo\":{\"@type\":\"ImageObject\",\"inLanguage\":\"en-US\",\"@id\":\"https:\\\/\\\/www.mexicanguitarplayers.com\\\/#\\\/schema\\\/logo\\\/image\\\/\",\"url\":\"\",\"contentUrl\":\"\",\"caption\":\"Mexican Guitar Players\"},\"image\":{\"@id\":\"https:\\\/\\\/www.mexicanguitarplayers.com\\\/#\\\/schema\\\/logo\\\/image\\\/\"}}]}<\/script>\n<!-- \/ Yoast SEO plugin. -->","yoast_head_json":{"title":"PANDERO MEINL BENNY GREB MOD. HTHHBG - Mexican Guitar Players","description":"PANDERO MEINL BENNY GREB MOD. HTHHBG. Pandero Benny Greb Artist Series con soporte de tuerca de mariposa para ajustarse en tu atril de Hi-Hats, ocho pares de cr\u00f3talos redondos de lat\u00f3n arenado, sonido seco y vintage con una apariencia mate \u00fanica, efecto de \u201dching\u201d suave pero afilado, se mezcla f\u00e1cilmente con tu set de bater\u00eda o tu set de percusi\u00f3n.","robots":{"index":"index","follow":"follow","max-snippet":"max-snippet:-1","max-image-preview":"max-image-preview:large","max-video-preview":"max-video-preview:-1"},"canonical":"https:\/\/www.mexicanguitarplayers.com\/en\/tienda\/percusiones\/percusiones-menores\/panderos\/pandero-meinl-benny-greb-mod-hthhbg\/","og_locale":"en_US","og_type":"article","og_title":"PANDERO MEINL BENNY GREB MOD. HTHHBG - Mexican Guitar Players","og_description":"PANDERO MEINL BENNY GREB MOD. HTHHBG. Pandero Benny Greb Artist Series con soporte de tuerca de mariposa para ajustarse en tu atril de Hi-Hats, ocho pares de cr\u00f3talos redondos de lat\u00f3n arenado, sonido seco y vintage con una apariencia mate \u00fanica, efecto de \u201dching\u201d suave pero afilado, se mezcla f\u00e1cilmente con tu set de bater\u00eda o tu set de percusi\u00f3n.","og_url":"https:\/\/www.mexicanguitarplayers.com\/en\/tienda\/percusiones\/percusiones-menores\/panderos\/pandero-meinl-benny-greb-mod-hthhbg\/","og_site_name":"Mexican Guitar Players","article_modified_time":"2026-01-17T11:56:23+00:00","og_image":[{"width":1200,"height":1200,"url":"https:\/\/www.mexicanguitarplayers.com\/wp-content\/uploads\/2022\/08\/IPMEIHTHHBG.jpg","type":"image\/jpeg"}],"twitter_card":"summary_large_image","schema":{"@context":"https:\/\/schema.org","@graph":[{"@type":["WebPage","ItemPage"],"@id":"https:\/\/www.mexicanguitarplayers.com\/tienda\/percusiones\/percusiones-menores\/panderos\/pandero-meinl-benny-greb-mod-hthhbg\/","url":"https:\/\/www.mexicanguitarplayers.com\/tienda\/percusiones\/percusiones-menores\/panderos\/pandero-meinl-benny-greb-mod-hthhbg\/","name":"PANDERO MEINL BENNY GREB MOD. HTHHBG - Mexican Guitar Players","isPartOf":{"@id":"https:\/\/www.mexicanguitarplayers.com\/#website"},"primaryImageOfPage":{"@id":"https:\/\/www.mexicanguitarplayers.com\/tienda\/percusiones\/percusiones-menores\/panderos\/pandero-meinl-benny-greb-mod-hthhbg\/#primaryimage"},"image":{"@id":"https:\/\/www.mexicanguitarplayers.com\/tienda\/percusiones\/percusiones-menores\/panderos\/pandero-meinl-benny-greb-mod-hthhbg\/#primaryimage"},"thumbnailUrl":"https:\/\/www.mexicanguitarplayers.com\/wp-content\/uploads\/2022\/08\/IPMEIHTHHBG.jpg","datePublished":"2022-08-18T06:29:24+00:00","dateModified":"2026-01-17T11:56:23+00:00","description":"PANDERO MEINL BENNY GREB MOD. HTHHBG. Pandero Benny Greb Artist Series con soporte de tuerca de mariposa para ajustarse en tu atril de Hi-Hats, ocho pares de cr\u00f3talos redondos de lat\u00f3n arenado, sonido seco y vintage con una apariencia mate \u00fanica, efecto de \u201dching\u201d suave pero afilado, se mezcla f\u00e1cilmente con tu set de bater\u00eda o tu set de percusi\u00f3n.","breadcrumb":{"@id":"https:\/\/www.mexicanguitarplayers.com\/tienda\/percusiones\/percusiones-menores\/panderos\/pandero-meinl-benny-greb-mod-hthhbg\/#breadcrumb"},"inLanguage":"en-US","potentialAction":[{"@type":"ReadAction","target":["https:\/\/www.mexicanguitarplayers.com\/tienda\/percusiones\/percusiones-menores\/panderos\/pandero-meinl-benny-greb-mod-hthhbg\/"]}]},{"@type":"ImageObject","inLanguage":"en-US","@id":"https:\/\/www.mexicanguitarplayers.com\/tienda\/percusiones\/percusiones-menores\/panderos\/pandero-meinl-benny-greb-mod-hthhbg\/#primaryimage","url":"https:\/\/www.mexicanguitarplayers.com\/wp-content\/uploads\/2022\/08\/IPMEIHTHHBG.jpg","contentUrl":"https:\/\/www.mexicanguitarplayers.com\/wp-content\/uploads\/2022\/08\/IPMEIHTHHBG.jpg","width":1200,"height":1200},{"@type":"BreadcrumbList","@id":"https:\/\/www.mexicanguitarplayers.com\/tienda\/percusiones\/percusiones-menores\/panderos\/pandero-meinl-benny-greb-mod-hthhbg\/#breadcrumb","itemListElement":[{"@type":"ListItem","position":1,"name":"Portada","item":"https:\/\/www.mexicanguitarplayers.com\/"},{"@type":"ListItem","position":2,"name":"Tienda","item":"https:\/\/www.mexicanguitarplayers.com\/tienda\/"},{"@type":"ListItem","position":3,"name":"PANDERO MEINL BENNY GREB MOD. HTHHBG"}]},{"@type":"WebSite","@id":"https:\/\/www.mexicanguitarplayers.com\/#website","url":"https:\/\/www.mexicanguitarplayers.com\/","name":"Mexican Guitar Players","description":"Website","publisher":{"@id":"https:\/\/www.mexicanguitarplayers.com\/#organization"},"potentialAction":[{"@type":"SearchAction","target":{"@type":"EntryPoint","urlTemplate":"https:\/\/www.mexicanguitarplayers.com\/?s={search_term_string}"},"query-input":{"@type":"PropertyValueSpecification","valueRequired":true,"valueName":"search_term_string"}}],"inLanguage":"en-US"},{"@type":"Organization","@id":"https:\/\/www.mexicanguitarplayers.com\/#organization","name":"Mexican Guitar Players","url":"https:\/\/www.mexicanguitarplayers.com\/","logo":{"@type":"ImageObject","inLanguage":"en-US","@id":"https:\/\/www.mexicanguitarplayers.com\/#\/schema\/logo\/image\/","url":"","contentUrl":"","caption":"Mexican Guitar Players"},"image":{"@id":"https:\/\/www.mexicanguitarplayers.com\/#\/schema\/logo\/image\/"}}]}},"brands":[{"id":290,"name":"MEINL","slug":"meinl"}],"_links":{"self":[{"href":"https:\/\/www.mexicanguitarplayers.com\/en\/wp-json\/wp\/v2\/product\/9710","targetHints":{"allow":["GET"]}}],"collection":[{"href":"https:\/\/www.mexicanguitarplayers.com\/en\/wp-json\/wp\/v2\/product"}],"about":[{"href":"https:\/\/www.mexicanguitarplayers.com\/en\/wp-json\/wp\/v2\/types\/product"}],"replies":[{"embeddable":true,"href":"https:\/\/www.mexicanguitarplayers.com\/en\/wp-json\/wp\/v2\/comments?post=9710"}],"wp:featuredmedia":[{"embeddable":true,"href":"https:\/\/www.mexicanguitarplayers.com\/en\/wp-json\/wp\/v2\/media\/9709"}],"wp:attachment":[{"href":"https:\/\/www.mexicanguitarplayers.com\/en\/wp-json\/wp\/v2\/media?parent=9710"}],"wp:term":[{"taxonomy":"pwb-brand","embeddable":true,"href":"https:\/\/www.mexicanguitarplayers.com\/en\/wp-json\/wp\/v2\/pwb-brand?post=9710"},{"taxonomy":"product_brand","embeddable":true,"href":"https:\/\/www.mexicanguitarplayers.com\/en\/wp-json\/wp\/v2\/product_brand?post=9710"},{"taxonomy":"product_cat","embeddable":true,"href":"https:\/\/www.mexicanguitarplayers.com\/en\/wp-json\/wp\/v2\/product_cat?post=9710"},{"taxonomy":"product_tag","embeddable":true,"href":"https:\/\/www.mexicanguitarplayers.com\/en\/wp-json\/wp\/v2\/product_tag?post=9710"}],"curies":[{"name":"wp","href":"https:\/\/api.w.org\/{rel}","templated":true}]}}