{"id":9960,"date":"2022-08-18T01:34:28","date_gmt":"2022-08-18T06:34:28","guid":{"rendered":"https:\/\/www.mexicanguitarplayers.com\/tienda\/sin%20categor\u00eda\/platillo-meinl-15-mod-pac15mth\/"},"modified":"2026-04-10T05:22:23","modified_gmt":"2026-04-10T11:22:23","slug":"platillo-meinl-15-mod-pac15mth","status":"publish","type":"product","link":"https:\/\/www.mexicanguitarplayers.com\/en\/tienda\/percusiones\/platillos\/hi-hats\/platillo-meinl-15-mod-pac15mth\/","title":{"rendered":"MEINL CYMBAL 15 MOD. PAC15MTH"},"content":{"rendered":"<div style=\"text-align: justify\">\n<div>\n<h3>MEINL CYMBAL 15 MOD. PAC15MTH<\/h3>\n<\/div>\n<div>15&quot; Inch Medium Thin Hat Hi-Hats, Pure Alloy Custom Series, Dynamic Range, Crisp, Responsive Sound, Hammered to Shape, Made in Germany, Made of Pure Alloy Bronze Alloy, Thin Top and Thin Mid Bottom, full loud sound on stage, thin middleweight.<\/div>\n<\/div>","protected":false},"excerpt":{"rendered":"<p>Hi-Hats medium thin hat de 15\u201d pulgadas, serie Pure Alloy Custom, rango din\u00e1mico, sonido n\u00edtido y sensible, martillado para darle forma, fabricado en Alemania, hecho con aleaci\u00f3n de bronce Pure Alloy, parte superior delgada y parte inferior media delgada, sonido lleno y ruidoso en el escenario, peso medio delgado.&hellip; <a class=\"kt-excerpt-readmore more-link\" href=\"https:\/\/www.mexicanguitarplayers.com\/en\/tienda\/percusiones\/platillos\/hi-hats\/platillo-meinl-15-mod-pac15mth\/\">Read more<\/a><\/p>","protected":false},"featured_media":9959,"comment_status":"open","ping_status":"closed","template":"","meta":{"kt_blocks_editor_width":""},"pwb-brand":[290],"product_brand":[],"product_cat":[284,208,260],"product_tag":[],"class_list":{"0":"post-9960","1":"product","2":"type-product","3":"status-publish","4":"has-post-thumbnail","6":"pwb-brand-meinl","7":"product_cat-hi-hats","8":"product_cat-percusiones","9":"product_cat-platillos","10":"product_shipping_class-0-5-kg","12":"first","13":"outofstock","14":"taxable","15":"shipping-taxable","16":"purchasable","17":"product-type-simple"},"yoast_head":"<!-- This site is optimized with the Yoast SEO plugin v27.6 - https:\/\/yoast.com\/product\/yoast-seo-wordpress\/ -->\n<title>PLATILLO MEINL 15 MOD. PAC15MTH - Mexican Guitar Players<\/title>\n<meta name=\"description\" content=\"PLATILLO MEINL 15 MOD. PAC15MTH. Hi-Hats medium thin hat de 15\u201d pulgadas, serie Pure Alloy Custom, rango din\u00e1mico, sonido n\u00edtido y sensible, martillado para darle forma, fabricado en Alemania, hecho con aleaci\u00f3n de bronce Pure Alloy, parte superior delgada y parte inferior media delgada, sonido lleno y ruidoso en el escenario, peso medio delgado.\" \/>\n<meta name=\"robots\" content=\"index, follow, max-snippet:-1, max-image-preview:large, max-video-preview:-1\" \/>\n<link rel=\"canonical\" href=\"https:\/\/www.mexicanguitarplayers.com\/en\/tienda\/percusiones\/platillos\/hi-hats\/platillo-meinl-15-mod-pac15mth\/\" \/>\n<meta property=\"og:locale\" content=\"en_US\" \/>\n<meta property=\"og:type\" content=\"article\" \/>\n<meta property=\"og:title\" content=\"PLATILLO MEINL 15 MOD. PAC15MTH - Mexican Guitar Players\" \/>\n<meta property=\"og:description\" content=\"PLATILLO MEINL 15 MOD. PAC15MTH. Hi-Hats medium thin hat de 15\u201d pulgadas, serie Pure Alloy Custom, rango din\u00e1mico, sonido n\u00edtido y sensible, martillado para darle forma, fabricado en Alemania, hecho con aleaci\u00f3n de bronce Pure Alloy, parte superior delgada y parte inferior media delgada, sonido lleno y ruidoso en el escenario, peso medio delgado.\" \/>\n<meta property=\"og:url\" content=\"https:\/\/www.mexicanguitarplayers.com\/en\/tienda\/percusiones\/platillos\/hi-hats\/platillo-meinl-15-mod-pac15mth\/\" \/>\n<meta property=\"og:site_name\" content=\"Mexican Guitar Players\" \/>\n<meta property=\"article:modified_time\" content=\"2026-04-10T11:22:23+00:00\" \/>\n<meta property=\"og:image\" content=\"https:\/\/www.mexicanguitarplayers.com\/wp-content\/uploads\/2022\/08\/IPMEIPAC15MTH.jpg\" \/>\n\t<meta property=\"og:image:width\" content=\"1200\" \/>\n\t<meta property=\"og:image:height\" content=\"1200\" \/>\n\t<meta property=\"og:image:type\" content=\"image\/jpeg\" \/>\n<meta name=\"twitter:card\" content=\"summary_large_image\" \/>\n<script type=\"application\/ld+json\" class=\"yoast-schema-graph\">{\"@context\":\"https:\\\/\\\/schema.org\",\"@graph\":[{\"@type\":[\"WebPage\",\"ItemPage\"],\"@id\":\"https:\\\/\\\/www.mexicanguitarplayers.com\\\/tienda\\\/percusiones\\\/platillos\\\/hi-hats\\\/platillo-meinl-15-mod-pac15mth\\\/\",\"url\":\"https:\\\/\\\/www.mexicanguitarplayers.com\\\/tienda\\\/percusiones\\\/platillos\\\/hi-hats\\\/platillo-meinl-15-mod-pac15mth\\\/\",\"name\":\"PLATILLO MEINL 15 MOD. PAC15MTH - Mexican Guitar Players\",\"isPartOf\":{\"@id\":\"https:\\\/\\\/www.mexicanguitarplayers.com\\\/#website\"},\"primaryImageOfPage\":{\"@id\":\"https:\\\/\\\/www.mexicanguitarplayers.com\\\/tienda\\\/percusiones\\\/platillos\\\/hi-hats\\\/platillo-meinl-15-mod-pac15mth\\\/#primaryimage\"},\"image\":{\"@id\":\"https:\\\/\\\/www.mexicanguitarplayers.com\\\/tienda\\\/percusiones\\\/platillos\\\/hi-hats\\\/platillo-meinl-15-mod-pac15mth\\\/#primaryimage\"},\"thumbnailUrl\":\"https:\\\/\\\/www.mexicanguitarplayers.com\\\/wp-content\\\/uploads\\\/2022\\\/08\\\/IPMEIPAC15MTH.jpg\",\"datePublished\":\"2022-08-18T06:34:28+00:00\",\"dateModified\":\"2026-04-10T11:22:23+00:00\",\"description\":\"PLATILLO MEINL 15 MOD. PAC15MTH. Hi-Hats medium thin hat de 15\u201d pulgadas, serie Pure Alloy Custom, rango din\u00e1mico, sonido n\u00edtido y sensible, martillado para darle forma, fabricado en Alemania, hecho con aleaci\u00f3n de bronce Pure Alloy, parte superior delgada y parte inferior media delgada, sonido lleno y ruidoso en el escenario, peso medio delgado.\",\"breadcrumb\":{\"@id\":\"https:\\\/\\\/www.mexicanguitarplayers.com\\\/tienda\\\/percusiones\\\/platillos\\\/hi-hats\\\/platillo-meinl-15-mod-pac15mth\\\/#breadcrumb\"},\"inLanguage\":\"en-US\",\"potentialAction\":[{\"@type\":\"ReadAction\",\"target\":[\"https:\\\/\\\/www.mexicanguitarplayers.com\\\/tienda\\\/percusiones\\\/platillos\\\/hi-hats\\\/platillo-meinl-15-mod-pac15mth\\\/\"]}]},{\"@type\":\"ImageObject\",\"inLanguage\":\"en-US\",\"@id\":\"https:\\\/\\\/www.mexicanguitarplayers.com\\\/tienda\\\/percusiones\\\/platillos\\\/hi-hats\\\/platillo-meinl-15-mod-pac15mth\\\/#primaryimage\",\"url\":\"https:\\\/\\\/www.mexicanguitarplayers.com\\\/wp-content\\\/uploads\\\/2022\\\/08\\\/IPMEIPAC15MTH.jpg\",\"contentUrl\":\"https:\\\/\\\/www.mexicanguitarplayers.com\\\/wp-content\\\/uploads\\\/2022\\\/08\\\/IPMEIPAC15MTH.jpg\",\"width\":1200,\"height\":1200},{\"@type\":\"BreadcrumbList\",\"@id\":\"https:\\\/\\\/www.mexicanguitarplayers.com\\\/tienda\\\/percusiones\\\/platillos\\\/hi-hats\\\/platillo-meinl-15-mod-pac15mth\\\/#breadcrumb\",\"itemListElement\":[{\"@type\":\"ListItem\",\"position\":1,\"name\":\"Portada\",\"item\":\"https:\\\/\\\/www.mexicanguitarplayers.com\\\/\"},{\"@type\":\"ListItem\",\"position\":2,\"name\":\"Tienda\",\"item\":\"https:\\\/\\\/www.mexicanguitarplayers.com\\\/tienda\\\/\"},{\"@type\":\"ListItem\",\"position\":3,\"name\":\"PLATILLO MEINL 15 MOD. PAC15MTH\"}]},{\"@type\":\"WebSite\",\"@id\":\"https:\\\/\\\/www.mexicanguitarplayers.com\\\/#website\",\"url\":\"https:\\\/\\\/www.mexicanguitarplayers.com\\\/\",\"name\":\"Mexican Guitar Players\",\"description\":\"Website\",\"publisher\":{\"@id\":\"https:\\\/\\\/www.mexicanguitarplayers.com\\\/#organization\"},\"potentialAction\":[{\"@type\":\"SearchAction\",\"target\":{\"@type\":\"EntryPoint\",\"urlTemplate\":\"https:\\\/\\\/www.mexicanguitarplayers.com\\\/?s={search_term_string}\"},\"query-input\":{\"@type\":\"PropertyValueSpecification\",\"valueRequired\":true,\"valueName\":\"search_term_string\"}}],\"inLanguage\":\"en-US\"},{\"@type\":\"Organization\",\"@id\":\"https:\\\/\\\/www.mexicanguitarplayers.com\\\/#organization\",\"name\":\"Mexican Guitar Players\",\"url\":\"https:\\\/\\\/www.mexicanguitarplayers.com\\\/\",\"logo\":{\"@type\":\"ImageObject\",\"inLanguage\":\"en-US\",\"@id\":\"https:\\\/\\\/www.mexicanguitarplayers.com\\\/#\\\/schema\\\/logo\\\/image\\\/\",\"url\":\"\",\"contentUrl\":\"\",\"caption\":\"Mexican Guitar Players\"},\"image\":{\"@id\":\"https:\\\/\\\/www.mexicanguitarplayers.com\\\/#\\\/schema\\\/logo\\\/image\\\/\"}}]}<\/script>\n<!-- \/ Yoast SEO plugin. -->","yoast_head_json":{"title":"PLATILLO MEINL 15 MOD. PAC15MTH - Mexican Guitar Players","description":"PLATILLO MEINL 15 MOD. PAC15MTH. Hi-Hats medium thin hat de 15\u201d pulgadas, serie Pure Alloy Custom, rango din\u00e1mico, sonido n\u00edtido y sensible, martillado para darle forma, fabricado en Alemania, hecho con aleaci\u00f3n de bronce Pure Alloy, parte superior delgada y parte inferior media delgada, sonido lleno y ruidoso en el escenario, peso medio delgado.","robots":{"index":"index","follow":"follow","max-snippet":"max-snippet:-1","max-image-preview":"max-image-preview:large","max-video-preview":"max-video-preview:-1"},"canonical":"https:\/\/www.mexicanguitarplayers.com\/en\/tienda\/percusiones\/platillos\/hi-hats\/platillo-meinl-15-mod-pac15mth\/","og_locale":"en_US","og_type":"article","og_title":"PLATILLO MEINL 15 MOD. PAC15MTH - Mexican Guitar Players","og_description":"PLATILLO MEINL 15 MOD. PAC15MTH. Hi-Hats medium thin hat de 15\u201d pulgadas, serie Pure Alloy Custom, rango din\u00e1mico, sonido n\u00edtido y sensible, martillado para darle forma, fabricado en Alemania, hecho con aleaci\u00f3n de bronce Pure Alloy, parte superior delgada y parte inferior media delgada, sonido lleno y ruidoso en el escenario, peso medio delgado.","og_url":"https:\/\/www.mexicanguitarplayers.com\/en\/tienda\/percusiones\/platillos\/hi-hats\/platillo-meinl-15-mod-pac15mth\/","og_site_name":"Mexican Guitar Players","article_modified_time":"2026-04-10T11:22:23+00:00","og_image":[{"width":1200,"height":1200,"url":"https:\/\/www.mexicanguitarplayers.com\/wp-content\/uploads\/2022\/08\/IPMEIPAC15MTH.jpg","type":"image\/jpeg"}],"twitter_card":"summary_large_image","schema":{"@context":"https:\/\/schema.org","@graph":[{"@type":["WebPage","ItemPage"],"@id":"https:\/\/www.mexicanguitarplayers.com\/tienda\/percusiones\/platillos\/hi-hats\/platillo-meinl-15-mod-pac15mth\/","url":"https:\/\/www.mexicanguitarplayers.com\/tienda\/percusiones\/platillos\/hi-hats\/platillo-meinl-15-mod-pac15mth\/","name":"PLATILLO MEINL 15 MOD. PAC15MTH - Mexican Guitar Players","isPartOf":{"@id":"https:\/\/www.mexicanguitarplayers.com\/#website"},"primaryImageOfPage":{"@id":"https:\/\/www.mexicanguitarplayers.com\/tienda\/percusiones\/platillos\/hi-hats\/platillo-meinl-15-mod-pac15mth\/#primaryimage"},"image":{"@id":"https:\/\/www.mexicanguitarplayers.com\/tienda\/percusiones\/platillos\/hi-hats\/platillo-meinl-15-mod-pac15mth\/#primaryimage"},"thumbnailUrl":"https:\/\/www.mexicanguitarplayers.com\/wp-content\/uploads\/2022\/08\/IPMEIPAC15MTH.jpg","datePublished":"2022-08-18T06:34:28+00:00","dateModified":"2026-04-10T11:22:23+00:00","description":"PLATILLO MEINL 15 MOD. PAC15MTH. Hi-Hats medium thin hat de 15\u201d pulgadas, serie Pure Alloy Custom, rango din\u00e1mico, sonido n\u00edtido y sensible, martillado para darle forma, fabricado en Alemania, hecho con aleaci\u00f3n de bronce Pure Alloy, parte superior delgada y parte inferior media delgada, sonido lleno y ruidoso en el escenario, peso medio delgado.","breadcrumb":{"@id":"https:\/\/www.mexicanguitarplayers.com\/tienda\/percusiones\/platillos\/hi-hats\/platillo-meinl-15-mod-pac15mth\/#breadcrumb"},"inLanguage":"en-US","potentialAction":[{"@type":"ReadAction","target":["https:\/\/www.mexicanguitarplayers.com\/tienda\/percusiones\/platillos\/hi-hats\/platillo-meinl-15-mod-pac15mth\/"]}]},{"@type":"ImageObject","inLanguage":"en-US","@id":"https:\/\/www.mexicanguitarplayers.com\/tienda\/percusiones\/platillos\/hi-hats\/platillo-meinl-15-mod-pac15mth\/#primaryimage","url":"https:\/\/www.mexicanguitarplayers.com\/wp-content\/uploads\/2022\/08\/IPMEIPAC15MTH.jpg","contentUrl":"https:\/\/www.mexicanguitarplayers.com\/wp-content\/uploads\/2022\/08\/IPMEIPAC15MTH.jpg","width":1200,"height":1200},{"@type":"BreadcrumbList","@id":"https:\/\/www.mexicanguitarplayers.com\/tienda\/percusiones\/platillos\/hi-hats\/platillo-meinl-15-mod-pac15mth\/#breadcrumb","itemListElement":[{"@type":"ListItem","position":1,"name":"Portada","item":"https:\/\/www.mexicanguitarplayers.com\/"},{"@type":"ListItem","position":2,"name":"Tienda","item":"https:\/\/www.mexicanguitarplayers.com\/tienda\/"},{"@type":"ListItem","position":3,"name":"PLATILLO MEINL 15 MOD. PAC15MTH"}]},{"@type":"WebSite","@id":"https:\/\/www.mexicanguitarplayers.com\/#website","url":"https:\/\/www.mexicanguitarplayers.com\/","name":"Mexican Guitar Players","description":"Website","publisher":{"@id":"https:\/\/www.mexicanguitarplayers.com\/#organization"},"potentialAction":[{"@type":"SearchAction","target":{"@type":"EntryPoint","urlTemplate":"https:\/\/www.mexicanguitarplayers.com\/?s={search_term_string}"},"query-input":{"@type":"PropertyValueSpecification","valueRequired":true,"valueName":"search_term_string"}}],"inLanguage":"en-US"},{"@type":"Organization","@id":"https:\/\/www.mexicanguitarplayers.com\/#organization","name":"Mexican Guitar Players","url":"https:\/\/www.mexicanguitarplayers.com\/","logo":{"@type":"ImageObject","inLanguage":"en-US","@id":"https:\/\/www.mexicanguitarplayers.com\/#\/schema\/logo\/image\/","url":"","contentUrl":"","caption":"Mexican Guitar Players"},"image":{"@id":"https:\/\/www.mexicanguitarplayers.com\/#\/schema\/logo\/image\/"}}]}},"brands":[{"id":290,"name":"MEINL","slug":"meinl"}],"_links":{"self":[{"href":"https:\/\/www.mexicanguitarplayers.com\/en\/wp-json\/wp\/v2\/product\/9960","targetHints":{"allow":["GET"]}}],"collection":[{"href":"https:\/\/www.mexicanguitarplayers.com\/en\/wp-json\/wp\/v2\/product"}],"about":[{"href":"https:\/\/www.mexicanguitarplayers.com\/en\/wp-json\/wp\/v2\/types\/product"}],"replies":[{"embeddable":true,"href":"https:\/\/www.mexicanguitarplayers.com\/en\/wp-json\/wp\/v2\/comments?post=9960"}],"wp:featuredmedia":[{"embeddable":true,"href":"https:\/\/www.mexicanguitarplayers.com\/en\/wp-json\/wp\/v2\/media\/9959"}],"wp:attachment":[{"href":"https:\/\/www.mexicanguitarplayers.com\/en\/wp-json\/wp\/v2\/media?parent=9960"}],"wp:term":[{"taxonomy":"pwb-brand","embeddable":true,"href":"https:\/\/www.mexicanguitarplayers.com\/en\/wp-json\/wp\/v2\/pwb-brand?post=9960"},{"taxonomy":"product_brand","embeddable":true,"href":"https:\/\/www.mexicanguitarplayers.com\/en\/wp-json\/wp\/v2\/product_brand?post=9960"},{"taxonomy":"product_cat","embeddable":true,"href":"https:\/\/www.mexicanguitarplayers.com\/en\/wp-json\/wp\/v2\/product_cat?post=9960"},{"taxonomy":"product_tag","embeddable":true,"href":"https:\/\/www.mexicanguitarplayers.com\/en\/wp-json\/wp\/v2\/product_tag?post=9960"}],"curies":[{"name":"wp","href":"https:\/\/api.w.org\/{rel}","templated":true}]}}