{"id":9964,"date":"2022-08-18T01:34:35","date_gmt":"2022-08-18T06:34:35","guid":{"rendered":"https:\/\/www.mexicanguitarplayers.com\/tienda\/sin%20categor\u00eda\/platillo-meinl-16-mod-pac16mtc\/"},"modified":"2026-04-10T05:22:22","modified_gmt":"2026-04-10T11:22:22","slug":"platillo-meinl-16-mod-pac16mtc","status":"publish","type":"product","link":"https:\/\/www.mexicanguitarplayers.com\/en\/tienda\/percusiones\/platillos\/crashes\/platillo-meinl-16-mod-pac16mtc\/","title":{"rendered":"MEINL CYMBAL 16 MOD. PAC16MTC"},"content":{"rendered":"<div style=\"text-align: justify\">\n<div>\n<h3>MEINL CYMBAL 16 MOD. PAC16MTC<\/h3>\n<\/div>\n<div>16\u201d inch medium thin crash cymbal, Pure Alloy Custom series, cutting but warm sound, hammered to shape, made in Germany, made of Pure Alloy bronze alloy, custom smoky bronze top and shiny bottom, slightly warmer , faster sound decay due to its medium-thin weight.<\/div>\n<\/div>","protected":false},"excerpt":{"rendered":"<p>Platillo medium thin crash de 16\u201d pulgadas, serie Pure Alloy Custom, sonido cortante pero c\u00e1lido, martillado para darle forma, fabricado en Alemania, hecho con aleaci\u00f3n de bronce Pure Alloy, parte superior de bronce ahumado personalizado y parte inferior brillante, ligeramente m\u00e1s c\u00e1lido, desvanecimiento del sonido m\u00e1s r\u00e1pido debido a su peso medio-delgado.&hellip; <a class=\"kt-excerpt-readmore more-link\" href=\"https:\/\/www.mexicanguitarplayers.com\/en\/tienda\/percusiones\/platillos\/crashes\/platillo-meinl-16-mod-pac16mtc\/\">Read more<\/a><\/p>","protected":false},"featured_media":9963,"comment_status":"open","ping_status":"closed","template":"","meta":{"kt_blocks_editor_width":""},"pwb-brand":[290],"product_brand":[],"product_cat":[285,208,260],"product_tag":[],"class_list":{"0":"post-9964","1":"product","2":"type-product","3":"status-publish","4":"has-post-thumbnail","6":"pwb-brand-meinl","7":"product_cat-crashes","8":"product_cat-percusiones","9":"product_cat-platillos","10":"product_shipping_class-0-5-kg","12":"first","13":"outofstock","14":"taxable","15":"shipping-taxable","16":"purchasable","17":"product-type-simple"},"yoast_head":"<!-- This site is optimized with the Yoast SEO plugin v27.6 - https:\/\/yoast.com\/product\/yoast-seo-wordpress\/ -->\n<title>PLATILLO MEINL 16 MOD. PAC16MTC - Mexican Guitar Players<\/title>\n<meta name=\"description\" content=\"PLATILLO MEINL 16 MOD. PAC16MTC. Platillo medium thin crash de 16\u201d pulgadas, serie Pure Alloy Custom, sonido cortante pero c\u00e1lido, martillado para darle forma, fabricado en Alemania, hecho con aleaci\u00f3n de bronce Pure Alloy, parte superior de bronce ahumado personalizado y parte inferior brillante, ligeramente m\u00e1s c\u00e1lido, desvanecimiento del sonido m\u00e1s r\u00e1pido debido a su peso medio-delgado.\" \/>\n<meta name=\"robots\" content=\"index, follow, max-snippet:-1, max-image-preview:large, max-video-preview:-1\" \/>\n<link rel=\"canonical\" href=\"https:\/\/www.mexicanguitarplayers.com\/en\/tienda\/percusiones\/platillos\/crashes\/platillo-meinl-16-mod-pac16mtc\/\" \/>\n<meta property=\"og:locale\" content=\"en_US\" \/>\n<meta property=\"og:type\" content=\"article\" \/>\n<meta property=\"og:title\" content=\"PLATILLO MEINL 16 MOD. PAC16MTC - Mexican Guitar Players\" \/>\n<meta property=\"og:description\" content=\"PLATILLO MEINL 16 MOD. PAC16MTC. Platillo medium thin crash de 16\u201d pulgadas, serie Pure Alloy Custom, sonido cortante pero c\u00e1lido, martillado para darle forma, fabricado en Alemania, hecho con aleaci\u00f3n de bronce Pure Alloy, parte superior de bronce ahumado personalizado y parte inferior brillante, ligeramente m\u00e1s c\u00e1lido, desvanecimiento del sonido m\u00e1s r\u00e1pido debido a su peso medio-delgado.\" \/>\n<meta property=\"og:url\" content=\"https:\/\/www.mexicanguitarplayers.com\/en\/tienda\/percusiones\/platillos\/crashes\/platillo-meinl-16-mod-pac16mtc\/\" \/>\n<meta property=\"og:site_name\" content=\"Mexican Guitar Players\" \/>\n<meta property=\"article:modified_time\" content=\"2026-04-10T11:22:22+00:00\" \/>\n<meta property=\"og:image\" content=\"https:\/\/www.mexicanguitarplayers.com\/wp-content\/uploads\/2022\/08\/IPMEIPAC16MTC.jpg\" \/>\n\t<meta property=\"og:image:width\" content=\"1200\" \/>\n\t<meta property=\"og:image:height\" content=\"1200\" \/>\n\t<meta property=\"og:image:type\" content=\"image\/jpeg\" \/>\n<meta name=\"twitter:card\" content=\"summary_large_image\" \/>\n<script type=\"application\/ld+json\" class=\"yoast-schema-graph\">{\"@context\":\"https:\\\/\\\/schema.org\",\"@graph\":[{\"@type\":[\"WebPage\",\"ItemPage\"],\"@id\":\"https:\\\/\\\/www.mexicanguitarplayers.com\\\/tienda\\\/percusiones\\\/platillos\\\/crashes\\\/platillo-meinl-16-mod-pac16mtc\\\/\",\"url\":\"https:\\\/\\\/www.mexicanguitarplayers.com\\\/tienda\\\/percusiones\\\/platillos\\\/crashes\\\/platillo-meinl-16-mod-pac16mtc\\\/\",\"name\":\"PLATILLO MEINL 16 MOD. PAC16MTC - Mexican Guitar Players\",\"isPartOf\":{\"@id\":\"https:\\\/\\\/www.mexicanguitarplayers.com\\\/#website\"},\"primaryImageOfPage\":{\"@id\":\"https:\\\/\\\/www.mexicanguitarplayers.com\\\/tienda\\\/percusiones\\\/platillos\\\/crashes\\\/platillo-meinl-16-mod-pac16mtc\\\/#primaryimage\"},\"image\":{\"@id\":\"https:\\\/\\\/www.mexicanguitarplayers.com\\\/tienda\\\/percusiones\\\/platillos\\\/crashes\\\/platillo-meinl-16-mod-pac16mtc\\\/#primaryimage\"},\"thumbnailUrl\":\"https:\\\/\\\/www.mexicanguitarplayers.com\\\/wp-content\\\/uploads\\\/2022\\\/08\\\/IPMEIPAC16MTC.jpg\",\"datePublished\":\"2022-08-18T06:34:35+00:00\",\"dateModified\":\"2026-04-10T11:22:22+00:00\",\"description\":\"PLATILLO MEINL 16 MOD. PAC16MTC. Platillo medium thin crash de 16\u201d pulgadas, serie Pure Alloy Custom, sonido cortante pero c\u00e1lido, martillado para darle forma, fabricado en Alemania, hecho con aleaci\u00f3n de bronce Pure Alloy, parte superior de bronce ahumado personalizado y parte inferior brillante, ligeramente m\u00e1s c\u00e1lido, desvanecimiento del sonido m\u00e1s r\u00e1pido debido a su peso medio-delgado.\",\"breadcrumb\":{\"@id\":\"https:\\\/\\\/www.mexicanguitarplayers.com\\\/tienda\\\/percusiones\\\/platillos\\\/crashes\\\/platillo-meinl-16-mod-pac16mtc\\\/#breadcrumb\"},\"inLanguage\":\"en-US\",\"potentialAction\":[{\"@type\":\"ReadAction\",\"target\":[\"https:\\\/\\\/www.mexicanguitarplayers.com\\\/tienda\\\/percusiones\\\/platillos\\\/crashes\\\/platillo-meinl-16-mod-pac16mtc\\\/\"]}]},{\"@type\":\"ImageObject\",\"inLanguage\":\"en-US\",\"@id\":\"https:\\\/\\\/www.mexicanguitarplayers.com\\\/tienda\\\/percusiones\\\/platillos\\\/crashes\\\/platillo-meinl-16-mod-pac16mtc\\\/#primaryimage\",\"url\":\"https:\\\/\\\/www.mexicanguitarplayers.com\\\/wp-content\\\/uploads\\\/2022\\\/08\\\/IPMEIPAC16MTC.jpg\",\"contentUrl\":\"https:\\\/\\\/www.mexicanguitarplayers.com\\\/wp-content\\\/uploads\\\/2022\\\/08\\\/IPMEIPAC16MTC.jpg\",\"width\":1200,\"height\":1200},{\"@type\":\"BreadcrumbList\",\"@id\":\"https:\\\/\\\/www.mexicanguitarplayers.com\\\/tienda\\\/percusiones\\\/platillos\\\/crashes\\\/platillo-meinl-16-mod-pac16mtc\\\/#breadcrumb\",\"itemListElement\":[{\"@type\":\"ListItem\",\"position\":1,\"name\":\"Portada\",\"item\":\"https:\\\/\\\/www.mexicanguitarplayers.com\\\/\"},{\"@type\":\"ListItem\",\"position\":2,\"name\":\"Tienda\",\"item\":\"https:\\\/\\\/www.mexicanguitarplayers.com\\\/tienda\\\/\"},{\"@type\":\"ListItem\",\"position\":3,\"name\":\"PLATILLO MEINL 16 MOD. PAC16MTC\"}]},{\"@type\":\"WebSite\",\"@id\":\"https:\\\/\\\/www.mexicanguitarplayers.com\\\/#website\",\"url\":\"https:\\\/\\\/www.mexicanguitarplayers.com\\\/\",\"name\":\"Mexican Guitar Players\",\"description\":\"Website\",\"publisher\":{\"@id\":\"https:\\\/\\\/www.mexicanguitarplayers.com\\\/#organization\"},\"potentialAction\":[{\"@type\":\"SearchAction\",\"target\":{\"@type\":\"EntryPoint\",\"urlTemplate\":\"https:\\\/\\\/www.mexicanguitarplayers.com\\\/?s={search_term_string}\"},\"query-input\":{\"@type\":\"PropertyValueSpecification\",\"valueRequired\":true,\"valueName\":\"search_term_string\"}}],\"inLanguage\":\"en-US\"},{\"@type\":\"Organization\",\"@id\":\"https:\\\/\\\/www.mexicanguitarplayers.com\\\/#organization\",\"name\":\"Mexican Guitar Players\",\"url\":\"https:\\\/\\\/www.mexicanguitarplayers.com\\\/\",\"logo\":{\"@type\":\"ImageObject\",\"inLanguage\":\"en-US\",\"@id\":\"https:\\\/\\\/www.mexicanguitarplayers.com\\\/#\\\/schema\\\/logo\\\/image\\\/\",\"url\":\"\",\"contentUrl\":\"\",\"caption\":\"Mexican Guitar Players\"},\"image\":{\"@id\":\"https:\\\/\\\/www.mexicanguitarplayers.com\\\/#\\\/schema\\\/logo\\\/image\\\/\"}}]}<\/script>\n<!-- \/ Yoast SEO plugin. -->","yoast_head_json":{"title":"PLATILLO MEINL 16 MOD. PAC16MTC - Mexican Guitar Players","description":"PLATILLO MEINL 16 MOD. PAC16MTC. Platillo medium thin crash de 16\u201d pulgadas, serie Pure Alloy Custom, sonido cortante pero c\u00e1lido, martillado para darle forma, fabricado en Alemania, hecho con aleaci\u00f3n de bronce Pure Alloy, parte superior de bronce ahumado personalizado y parte inferior brillante, ligeramente m\u00e1s c\u00e1lido, desvanecimiento del sonido m\u00e1s r\u00e1pido debido a su peso medio-delgado.","robots":{"index":"index","follow":"follow","max-snippet":"max-snippet:-1","max-image-preview":"max-image-preview:large","max-video-preview":"max-video-preview:-1"},"canonical":"https:\/\/www.mexicanguitarplayers.com\/en\/tienda\/percusiones\/platillos\/crashes\/platillo-meinl-16-mod-pac16mtc\/","og_locale":"en_US","og_type":"article","og_title":"PLATILLO MEINL 16 MOD. PAC16MTC - Mexican Guitar Players","og_description":"PLATILLO MEINL 16 MOD. PAC16MTC. Platillo medium thin crash de 16\u201d pulgadas, serie Pure Alloy Custom, sonido cortante pero c\u00e1lido, martillado para darle forma, fabricado en Alemania, hecho con aleaci\u00f3n de bronce Pure Alloy, parte superior de bronce ahumado personalizado y parte inferior brillante, ligeramente m\u00e1s c\u00e1lido, desvanecimiento del sonido m\u00e1s r\u00e1pido debido a su peso medio-delgado.","og_url":"https:\/\/www.mexicanguitarplayers.com\/en\/tienda\/percusiones\/platillos\/crashes\/platillo-meinl-16-mod-pac16mtc\/","og_site_name":"Mexican Guitar Players","article_modified_time":"2026-04-10T11:22:22+00:00","og_image":[{"width":1200,"height":1200,"url":"https:\/\/www.mexicanguitarplayers.com\/wp-content\/uploads\/2022\/08\/IPMEIPAC16MTC.jpg","type":"image\/jpeg"}],"twitter_card":"summary_large_image","schema":{"@context":"https:\/\/schema.org","@graph":[{"@type":["WebPage","ItemPage"],"@id":"https:\/\/www.mexicanguitarplayers.com\/tienda\/percusiones\/platillos\/crashes\/platillo-meinl-16-mod-pac16mtc\/","url":"https:\/\/www.mexicanguitarplayers.com\/tienda\/percusiones\/platillos\/crashes\/platillo-meinl-16-mod-pac16mtc\/","name":"PLATILLO MEINL 16 MOD. PAC16MTC - Mexican Guitar Players","isPartOf":{"@id":"https:\/\/www.mexicanguitarplayers.com\/#website"},"primaryImageOfPage":{"@id":"https:\/\/www.mexicanguitarplayers.com\/tienda\/percusiones\/platillos\/crashes\/platillo-meinl-16-mod-pac16mtc\/#primaryimage"},"image":{"@id":"https:\/\/www.mexicanguitarplayers.com\/tienda\/percusiones\/platillos\/crashes\/platillo-meinl-16-mod-pac16mtc\/#primaryimage"},"thumbnailUrl":"https:\/\/www.mexicanguitarplayers.com\/wp-content\/uploads\/2022\/08\/IPMEIPAC16MTC.jpg","datePublished":"2022-08-18T06:34:35+00:00","dateModified":"2026-04-10T11:22:22+00:00","description":"PLATILLO MEINL 16 MOD. PAC16MTC. Platillo medium thin crash de 16\u201d pulgadas, serie Pure Alloy Custom, sonido cortante pero c\u00e1lido, martillado para darle forma, fabricado en Alemania, hecho con aleaci\u00f3n de bronce Pure Alloy, parte superior de bronce ahumado personalizado y parte inferior brillante, ligeramente m\u00e1s c\u00e1lido, desvanecimiento del sonido m\u00e1s r\u00e1pido debido a su peso medio-delgado.","breadcrumb":{"@id":"https:\/\/www.mexicanguitarplayers.com\/tienda\/percusiones\/platillos\/crashes\/platillo-meinl-16-mod-pac16mtc\/#breadcrumb"},"inLanguage":"en-US","potentialAction":[{"@type":"ReadAction","target":["https:\/\/www.mexicanguitarplayers.com\/tienda\/percusiones\/platillos\/crashes\/platillo-meinl-16-mod-pac16mtc\/"]}]},{"@type":"ImageObject","inLanguage":"en-US","@id":"https:\/\/www.mexicanguitarplayers.com\/tienda\/percusiones\/platillos\/crashes\/platillo-meinl-16-mod-pac16mtc\/#primaryimage","url":"https:\/\/www.mexicanguitarplayers.com\/wp-content\/uploads\/2022\/08\/IPMEIPAC16MTC.jpg","contentUrl":"https:\/\/www.mexicanguitarplayers.com\/wp-content\/uploads\/2022\/08\/IPMEIPAC16MTC.jpg","width":1200,"height":1200},{"@type":"BreadcrumbList","@id":"https:\/\/www.mexicanguitarplayers.com\/tienda\/percusiones\/platillos\/crashes\/platillo-meinl-16-mod-pac16mtc\/#breadcrumb","itemListElement":[{"@type":"ListItem","position":1,"name":"Portada","item":"https:\/\/www.mexicanguitarplayers.com\/"},{"@type":"ListItem","position":2,"name":"Tienda","item":"https:\/\/www.mexicanguitarplayers.com\/tienda\/"},{"@type":"ListItem","position":3,"name":"PLATILLO MEINL 16 MOD. PAC16MTC"}]},{"@type":"WebSite","@id":"https:\/\/www.mexicanguitarplayers.com\/#website","url":"https:\/\/www.mexicanguitarplayers.com\/","name":"Mexican Guitar Players","description":"Website","publisher":{"@id":"https:\/\/www.mexicanguitarplayers.com\/#organization"},"potentialAction":[{"@type":"SearchAction","target":{"@type":"EntryPoint","urlTemplate":"https:\/\/www.mexicanguitarplayers.com\/?s={search_term_string}"},"query-input":{"@type":"PropertyValueSpecification","valueRequired":true,"valueName":"search_term_string"}}],"inLanguage":"en-US"},{"@type":"Organization","@id":"https:\/\/www.mexicanguitarplayers.com\/#organization","name":"Mexican Guitar Players","url":"https:\/\/www.mexicanguitarplayers.com\/","logo":{"@type":"ImageObject","inLanguage":"en-US","@id":"https:\/\/www.mexicanguitarplayers.com\/#\/schema\/logo\/image\/","url":"","contentUrl":"","caption":"Mexican Guitar Players"},"image":{"@id":"https:\/\/www.mexicanguitarplayers.com\/#\/schema\/logo\/image\/"}}]}},"brands":[{"id":290,"name":"MEINL","slug":"meinl"}],"_links":{"self":[{"href":"https:\/\/www.mexicanguitarplayers.com\/en\/wp-json\/wp\/v2\/product\/9964","targetHints":{"allow":["GET"]}}],"collection":[{"href":"https:\/\/www.mexicanguitarplayers.com\/en\/wp-json\/wp\/v2\/product"}],"about":[{"href":"https:\/\/www.mexicanguitarplayers.com\/en\/wp-json\/wp\/v2\/types\/product"}],"replies":[{"embeddable":true,"href":"https:\/\/www.mexicanguitarplayers.com\/en\/wp-json\/wp\/v2\/comments?post=9964"}],"wp:featuredmedia":[{"embeddable":true,"href":"https:\/\/www.mexicanguitarplayers.com\/en\/wp-json\/wp\/v2\/media\/9963"}],"wp:attachment":[{"href":"https:\/\/www.mexicanguitarplayers.com\/en\/wp-json\/wp\/v2\/media?parent=9964"}],"wp:term":[{"taxonomy":"pwb-brand","embeddable":true,"href":"https:\/\/www.mexicanguitarplayers.com\/en\/wp-json\/wp\/v2\/pwb-brand?post=9964"},{"taxonomy":"product_brand","embeddable":true,"href":"https:\/\/www.mexicanguitarplayers.com\/en\/wp-json\/wp\/v2\/product_brand?post=9964"},{"taxonomy":"product_cat","embeddable":true,"href":"https:\/\/www.mexicanguitarplayers.com\/en\/wp-json\/wp\/v2\/product_cat?post=9964"},{"taxonomy":"product_tag","embeddable":true,"href":"https:\/\/www.mexicanguitarplayers.com\/en\/wp-json\/wp\/v2\/product_tag?post=9964"}],"curies":[{"name":"wp","href":"https:\/\/api.w.org\/{rel}","templated":true}]}}