{"id":9994,"date":"2022-08-18T01:35:19","date_gmt":"2022-08-18T06:35:19","guid":{"rendered":"https:\/\/www.mexicanguitarplayers.com\/tienda\/sin%20categor\u00eda\/tambor-meinl-djembe-10-padj1-m-g\/"},"modified":"2026-04-04T13:15:06","modified_gmt":"2026-04-04T19:15:06","slug":"tambor-meinl-djembe-10-padj1-m-g","status":"publish","type":"product","link":"https:\/\/www.mexicanguitarplayers.com\/en\/tienda\/percusiones\/percusiones-mayores\/percusiones-del-mundo\/djembes\/tambor-meinl-djembe-10-padj1-m-g\/","title":{"rendered":"MEINL DRUM (DJEMBE) 10 PADJ1-MG"},"content":{"rendered":"<div style=\"text-align: justify\">\n<div>\n<h3>MEINL DRUM (DJEMBE) 10 PADJ1-MG<\/h3>\n<\/div>\n<div>Ultra light djembe, pharaoh hieroglyphs design, patented synthetic construction, goatskin heads, 4mm thick nylon strings, 25 runners, slaps and deep bass tones, non-slip rubber bottom edge, 10\u201d diameter and 20 inches tall.<\/div>\n<\/div>","protected":false},"excerpt":{"rendered":"<p>Djembe ultra ligero, dise\u00f1o jerogl\u00edficos del fara\u00f3n, fabricaci\u00f3n sint\u00e9tica patentada, parches de piel de cabra, cuerdas de nylon de 4 mm de espesor, 25 corredores, slaps y tonos graves profundos, borde inferior de goma antideslizante, 10\u201d pulgadas de di\u00e1metro y 20\u201d pulgadas de altura.&hellip; <a class=\"kt-excerpt-readmore more-link\" href=\"https:\/\/www.mexicanguitarplayers.com\/en\/tienda\/percusiones\/percusiones-mayores\/percusiones-del-mundo\/djembes\/tambor-meinl-djembe-10-padj1-m-g\/\">Read more<\/a><\/p>","protected":false},"featured_media":9993,"comment_status":"open","ping_status":"closed","template":"","meta":{"kt_blocks_editor_width":""},"pwb-brand":[290],"product_brand":[],"product_cat":[279,208,278,267],"product_tag":[],"class_list":{"0":"post-9994","1":"product","2":"type-product","3":"status-publish","4":"has-post-thumbnail","6":"pwb-brand-meinl","7":"product_cat-djembes","8":"product_cat-percusiones","9":"product_cat-percusiones-del-mundo","10":"product_cat-percusiones-mayores","11":"product_shipping_class-5-10-kg","13":"first","14":"outofstock","15":"taxable","16":"shipping-taxable","17":"purchasable","18":"product-type-simple"},"yoast_head":"<!-- This site is optimized with the Yoast SEO plugin v27.3 - https:\/\/yoast.com\/product\/yoast-seo-wordpress\/ -->\n<title>TAMBOR MEINL (DJEMBE) 10 PADJ1-M-G - Mexican Guitar Players<\/title>\n<meta name=\"description\" content=\"TAMBOR MEINL (DJEMBE) 10 PADJ1-M-G. Djembe ultra ligero, dise\u00f1o jerogl\u00edficos del fara\u00f3n, fabricaci\u00f3n sint\u00e9tica patentada, parches de piel de cabra, cuerdas de nylon de 4 mm de espesor, 25 corredores, slaps y tonos graves profundos, borde inferior de goma antideslizante, 10\u201d pulgadas de di\u00e1metro y 20\u201d pulgadas de altura.\" \/>\n<meta name=\"robots\" content=\"index, follow, max-snippet:-1, max-image-preview:large, max-video-preview:-1\" \/>\n<link rel=\"canonical\" href=\"https:\/\/www.mexicanguitarplayers.com\/en\/tienda\/percusiones\/percusiones-mayores\/percusiones-del-mundo\/djembes\/tambor-meinl-djembe-10-padj1-m-g\/\" \/>\n<meta property=\"og:locale\" content=\"en_US\" \/>\n<meta property=\"og:type\" content=\"article\" \/>\n<meta property=\"og:title\" content=\"TAMBOR MEINL (DJEMBE) 10 PADJ1-M-G - Mexican Guitar Players\" \/>\n<meta property=\"og:description\" content=\"TAMBOR MEINL (DJEMBE) 10 PADJ1-M-G. Djembe ultra ligero, dise\u00f1o jerogl\u00edficos del fara\u00f3n, fabricaci\u00f3n sint\u00e9tica patentada, parches de piel de cabra, cuerdas de nylon de 4 mm de espesor, 25 corredores, slaps y tonos graves profundos, borde inferior de goma antideslizante, 10\u201d pulgadas de di\u00e1metro y 20\u201d pulgadas de altura.\" \/>\n<meta property=\"og:url\" content=\"https:\/\/www.mexicanguitarplayers.com\/en\/tienda\/percusiones\/percusiones-mayores\/percusiones-del-mundo\/djembes\/tambor-meinl-djembe-10-padj1-m-g\/\" \/>\n<meta property=\"og:site_name\" content=\"Mexican Guitar Players\" \/>\n<meta property=\"article:modified_time\" content=\"2026-04-04T19:15:06+00:00\" \/>\n<meta property=\"og:image\" content=\"https:\/\/www.mexicanguitarplayers.com\/wp-content\/uploads\/2022\/08\/IPMEIPADJ1MG.jpg\" \/>\n\t<meta property=\"og:image:width\" content=\"800\" \/>\n\t<meta property=\"og:image:height\" content=\"1600\" \/>\n\t<meta property=\"og:image:type\" content=\"image\/jpeg\" \/>\n<meta name=\"twitter:card\" content=\"summary_large_image\" \/>\n<script type=\"application\/ld+json\" class=\"yoast-schema-graph\">{\"@context\":\"https:\\\/\\\/schema.org\",\"@graph\":[{\"@type\":[\"WebPage\",\"ItemPage\"],\"@id\":\"https:\\\/\\\/www.mexicanguitarplayers.com\\\/tienda\\\/percusiones\\\/percusiones-mayores\\\/percusiones-del-mundo\\\/djembes\\\/tambor-meinl-djembe-10-padj1-m-g\\\/\",\"url\":\"https:\\\/\\\/www.mexicanguitarplayers.com\\\/tienda\\\/percusiones\\\/percusiones-mayores\\\/percusiones-del-mundo\\\/djembes\\\/tambor-meinl-djembe-10-padj1-m-g\\\/\",\"name\":\"TAMBOR MEINL (DJEMBE) 10 PADJ1-M-G - Mexican Guitar Players\",\"isPartOf\":{\"@id\":\"https:\\\/\\\/www.mexicanguitarplayers.com\\\/#website\"},\"primaryImageOfPage\":{\"@id\":\"https:\\\/\\\/www.mexicanguitarplayers.com\\\/tienda\\\/percusiones\\\/percusiones-mayores\\\/percusiones-del-mundo\\\/djembes\\\/tambor-meinl-djembe-10-padj1-m-g\\\/#primaryimage\"},\"image\":{\"@id\":\"https:\\\/\\\/www.mexicanguitarplayers.com\\\/tienda\\\/percusiones\\\/percusiones-mayores\\\/percusiones-del-mundo\\\/djembes\\\/tambor-meinl-djembe-10-padj1-m-g\\\/#primaryimage\"},\"thumbnailUrl\":\"https:\\\/\\\/www.mexicanguitarplayers.com\\\/wp-content\\\/uploads\\\/2022\\\/08\\\/IPMEIPADJ1MG.jpg\",\"datePublished\":\"2022-08-18T06:35:19+00:00\",\"dateModified\":\"2026-04-04T19:15:06+00:00\",\"description\":\"TAMBOR MEINL (DJEMBE) 10 PADJ1-M-G. Djembe ultra ligero, dise\u00f1o jerogl\u00edficos del fara\u00f3n, fabricaci\u00f3n sint\u00e9tica patentada, parches de piel de cabra, cuerdas de nylon de 4 mm de espesor, 25 corredores, slaps y tonos graves profundos, borde inferior de goma antideslizante, 10\u201d pulgadas de di\u00e1metro y 20\u201d pulgadas de altura.\",\"breadcrumb\":{\"@id\":\"https:\\\/\\\/www.mexicanguitarplayers.com\\\/tienda\\\/percusiones\\\/percusiones-mayores\\\/percusiones-del-mundo\\\/djembes\\\/tambor-meinl-djembe-10-padj1-m-g\\\/#breadcrumb\"},\"inLanguage\":\"en-US\",\"potentialAction\":[{\"@type\":\"ReadAction\",\"target\":[\"https:\\\/\\\/www.mexicanguitarplayers.com\\\/tienda\\\/percusiones\\\/percusiones-mayores\\\/percusiones-del-mundo\\\/djembes\\\/tambor-meinl-djembe-10-padj1-m-g\\\/\"]}]},{\"@type\":\"ImageObject\",\"inLanguage\":\"en-US\",\"@id\":\"https:\\\/\\\/www.mexicanguitarplayers.com\\\/tienda\\\/percusiones\\\/percusiones-mayores\\\/percusiones-del-mundo\\\/djembes\\\/tambor-meinl-djembe-10-padj1-m-g\\\/#primaryimage\",\"url\":\"https:\\\/\\\/www.mexicanguitarplayers.com\\\/wp-content\\\/uploads\\\/2022\\\/08\\\/IPMEIPADJ1MG.jpg\",\"contentUrl\":\"https:\\\/\\\/www.mexicanguitarplayers.com\\\/wp-content\\\/uploads\\\/2022\\\/08\\\/IPMEIPADJ1MG.jpg\",\"width\":800,\"height\":1600},{\"@type\":\"BreadcrumbList\",\"@id\":\"https:\\\/\\\/www.mexicanguitarplayers.com\\\/tienda\\\/percusiones\\\/percusiones-mayores\\\/percusiones-del-mundo\\\/djembes\\\/tambor-meinl-djembe-10-padj1-m-g\\\/#breadcrumb\",\"itemListElement\":[{\"@type\":\"ListItem\",\"position\":1,\"name\":\"Portada\",\"item\":\"https:\\\/\\\/www.mexicanguitarplayers.com\\\/\"},{\"@type\":\"ListItem\",\"position\":2,\"name\":\"Tienda\",\"item\":\"https:\\\/\\\/www.mexicanguitarplayers.com\\\/tienda\\\/\"},{\"@type\":\"ListItem\",\"position\":3,\"name\":\"TAMBOR MEINL (DJEMBE) 10 PADJ1-M-G\"}]},{\"@type\":\"WebSite\",\"@id\":\"https:\\\/\\\/www.mexicanguitarplayers.com\\\/#website\",\"url\":\"https:\\\/\\\/www.mexicanguitarplayers.com\\\/\",\"name\":\"Mexican Guitar Players\",\"description\":\"Website\",\"publisher\":{\"@id\":\"https:\\\/\\\/www.mexicanguitarplayers.com\\\/#organization\"},\"potentialAction\":[{\"@type\":\"SearchAction\",\"target\":{\"@type\":\"EntryPoint\",\"urlTemplate\":\"https:\\\/\\\/www.mexicanguitarplayers.com\\\/?s={search_term_string}\"},\"query-input\":{\"@type\":\"PropertyValueSpecification\",\"valueRequired\":true,\"valueName\":\"search_term_string\"}}],\"inLanguage\":\"en-US\"},{\"@type\":\"Organization\",\"@id\":\"https:\\\/\\\/www.mexicanguitarplayers.com\\\/#organization\",\"name\":\"Mexican Guitar Players\",\"url\":\"https:\\\/\\\/www.mexicanguitarplayers.com\\\/\",\"logo\":{\"@type\":\"ImageObject\",\"inLanguage\":\"en-US\",\"@id\":\"https:\\\/\\\/www.mexicanguitarplayers.com\\\/#\\\/schema\\\/logo\\\/image\\\/\",\"url\":\"\",\"contentUrl\":\"\",\"caption\":\"Mexican Guitar Players\"},\"image\":{\"@id\":\"https:\\\/\\\/www.mexicanguitarplayers.com\\\/#\\\/schema\\\/logo\\\/image\\\/\"}}]}<\/script>\n<!-- \/ Yoast SEO plugin. -->","yoast_head_json":{"title":"TAMBOR MEINL (DJEMBE) 10 PADJ1-M-G - Mexican Guitar Players","description":"TAMBOR MEINL (DJEMBE) 10 PADJ1-M-G. Djembe ultra ligero, dise\u00f1o jerogl\u00edficos del fara\u00f3n, fabricaci\u00f3n sint\u00e9tica patentada, parches de piel de cabra, cuerdas de nylon de 4 mm de espesor, 25 corredores, slaps y tonos graves profundos, borde inferior de goma antideslizante, 10\u201d pulgadas de di\u00e1metro y 20\u201d pulgadas de altura.","robots":{"index":"index","follow":"follow","max-snippet":"max-snippet:-1","max-image-preview":"max-image-preview:large","max-video-preview":"max-video-preview:-1"},"canonical":"https:\/\/www.mexicanguitarplayers.com\/en\/tienda\/percusiones\/percusiones-mayores\/percusiones-del-mundo\/djembes\/tambor-meinl-djembe-10-padj1-m-g\/","og_locale":"en_US","og_type":"article","og_title":"TAMBOR MEINL (DJEMBE) 10 PADJ1-M-G - Mexican Guitar Players","og_description":"TAMBOR MEINL (DJEMBE) 10 PADJ1-M-G. Djembe ultra ligero, dise\u00f1o jerogl\u00edficos del fara\u00f3n, fabricaci\u00f3n sint\u00e9tica patentada, parches de piel de cabra, cuerdas de nylon de 4 mm de espesor, 25 corredores, slaps y tonos graves profundos, borde inferior de goma antideslizante, 10\u201d pulgadas de di\u00e1metro y 20\u201d pulgadas de altura.","og_url":"https:\/\/www.mexicanguitarplayers.com\/en\/tienda\/percusiones\/percusiones-mayores\/percusiones-del-mundo\/djembes\/tambor-meinl-djembe-10-padj1-m-g\/","og_site_name":"Mexican Guitar Players","article_modified_time":"2026-04-04T19:15:06+00:00","og_image":[{"width":800,"height":1600,"url":"https:\/\/www.mexicanguitarplayers.com\/wp-content\/uploads\/2022\/08\/IPMEIPADJ1MG.jpg","type":"image\/jpeg"}],"twitter_card":"summary_large_image","schema":{"@context":"https:\/\/schema.org","@graph":[{"@type":["WebPage","ItemPage"],"@id":"https:\/\/www.mexicanguitarplayers.com\/tienda\/percusiones\/percusiones-mayores\/percusiones-del-mundo\/djembes\/tambor-meinl-djembe-10-padj1-m-g\/","url":"https:\/\/www.mexicanguitarplayers.com\/tienda\/percusiones\/percusiones-mayores\/percusiones-del-mundo\/djembes\/tambor-meinl-djembe-10-padj1-m-g\/","name":"TAMBOR MEINL (DJEMBE) 10 PADJ1-M-G - Mexican Guitar Players","isPartOf":{"@id":"https:\/\/www.mexicanguitarplayers.com\/#website"},"primaryImageOfPage":{"@id":"https:\/\/www.mexicanguitarplayers.com\/tienda\/percusiones\/percusiones-mayores\/percusiones-del-mundo\/djembes\/tambor-meinl-djembe-10-padj1-m-g\/#primaryimage"},"image":{"@id":"https:\/\/www.mexicanguitarplayers.com\/tienda\/percusiones\/percusiones-mayores\/percusiones-del-mundo\/djembes\/tambor-meinl-djembe-10-padj1-m-g\/#primaryimage"},"thumbnailUrl":"https:\/\/www.mexicanguitarplayers.com\/wp-content\/uploads\/2022\/08\/IPMEIPADJ1MG.jpg","datePublished":"2022-08-18T06:35:19+00:00","dateModified":"2026-04-04T19:15:06+00:00","description":"TAMBOR MEINL (DJEMBE) 10 PADJ1-M-G. Djembe ultra ligero, dise\u00f1o jerogl\u00edficos del fara\u00f3n, fabricaci\u00f3n sint\u00e9tica patentada, parches de piel de cabra, cuerdas de nylon de 4 mm de espesor, 25 corredores, slaps y tonos graves profundos, borde inferior de goma antideslizante, 10\u201d pulgadas de di\u00e1metro y 20\u201d pulgadas de altura.","breadcrumb":{"@id":"https:\/\/www.mexicanguitarplayers.com\/tienda\/percusiones\/percusiones-mayores\/percusiones-del-mundo\/djembes\/tambor-meinl-djembe-10-padj1-m-g\/#breadcrumb"},"inLanguage":"en-US","potentialAction":[{"@type":"ReadAction","target":["https:\/\/www.mexicanguitarplayers.com\/tienda\/percusiones\/percusiones-mayores\/percusiones-del-mundo\/djembes\/tambor-meinl-djembe-10-padj1-m-g\/"]}]},{"@type":"ImageObject","inLanguage":"en-US","@id":"https:\/\/www.mexicanguitarplayers.com\/tienda\/percusiones\/percusiones-mayores\/percusiones-del-mundo\/djembes\/tambor-meinl-djembe-10-padj1-m-g\/#primaryimage","url":"https:\/\/www.mexicanguitarplayers.com\/wp-content\/uploads\/2022\/08\/IPMEIPADJ1MG.jpg","contentUrl":"https:\/\/www.mexicanguitarplayers.com\/wp-content\/uploads\/2022\/08\/IPMEIPADJ1MG.jpg","width":800,"height":1600},{"@type":"BreadcrumbList","@id":"https:\/\/www.mexicanguitarplayers.com\/tienda\/percusiones\/percusiones-mayores\/percusiones-del-mundo\/djembes\/tambor-meinl-djembe-10-padj1-m-g\/#breadcrumb","itemListElement":[{"@type":"ListItem","position":1,"name":"Portada","item":"https:\/\/www.mexicanguitarplayers.com\/"},{"@type":"ListItem","position":2,"name":"Tienda","item":"https:\/\/www.mexicanguitarplayers.com\/tienda\/"},{"@type":"ListItem","position":3,"name":"TAMBOR MEINL (DJEMBE) 10 PADJ1-M-G"}]},{"@type":"WebSite","@id":"https:\/\/www.mexicanguitarplayers.com\/#website","url":"https:\/\/www.mexicanguitarplayers.com\/","name":"Mexican Guitar Players","description":"Website","publisher":{"@id":"https:\/\/www.mexicanguitarplayers.com\/#organization"},"potentialAction":[{"@type":"SearchAction","target":{"@type":"EntryPoint","urlTemplate":"https:\/\/www.mexicanguitarplayers.com\/?s={search_term_string}"},"query-input":{"@type":"PropertyValueSpecification","valueRequired":true,"valueName":"search_term_string"}}],"inLanguage":"en-US"},{"@type":"Organization","@id":"https:\/\/www.mexicanguitarplayers.com\/#organization","name":"Mexican Guitar Players","url":"https:\/\/www.mexicanguitarplayers.com\/","logo":{"@type":"ImageObject","inLanguage":"en-US","@id":"https:\/\/www.mexicanguitarplayers.com\/#\/schema\/logo\/image\/","url":"","contentUrl":"","caption":"Mexican Guitar Players"},"image":{"@id":"https:\/\/www.mexicanguitarplayers.com\/#\/schema\/logo\/image\/"}}]}},"brands":[{"id":290,"name":"MEINL","slug":"meinl"}],"_links":{"self":[{"href":"https:\/\/www.mexicanguitarplayers.com\/en\/wp-json\/wp\/v2\/product\/9994","targetHints":{"allow":["GET"]}}],"collection":[{"href":"https:\/\/www.mexicanguitarplayers.com\/en\/wp-json\/wp\/v2\/product"}],"about":[{"href":"https:\/\/www.mexicanguitarplayers.com\/en\/wp-json\/wp\/v2\/types\/product"}],"replies":[{"embeddable":true,"href":"https:\/\/www.mexicanguitarplayers.com\/en\/wp-json\/wp\/v2\/comments?post=9994"}],"wp:featuredmedia":[{"embeddable":true,"href":"https:\/\/www.mexicanguitarplayers.com\/en\/wp-json\/wp\/v2\/media\/9993"}],"wp:attachment":[{"href":"https:\/\/www.mexicanguitarplayers.com\/en\/wp-json\/wp\/v2\/media?parent=9994"}],"wp:term":[{"taxonomy":"pwb-brand","embeddable":true,"href":"https:\/\/www.mexicanguitarplayers.com\/en\/wp-json\/wp\/v2\/pwb-brand?post=9994"},{"taxonomy":"product_brand","embeddable":true,"href":"https:\/\/www.mexicanguitarplayers.com\/en\/wp-json\/wp\/v2\/product_brand?post=9994"},{"taxonomy":"product_cat","embeddable":true,"href":"https:\/\/www.mexicanguitarplayers.com\/en\/wp-json\/wp\/v2\/product_cat?post=9994"},{"taxonomy":"product_tag","embeddable":true,"href":"https:\/\/www.mexicanguitarplayers.com\/en\/wp-json\/wp\/v2\/product_tag?post=9994"}],"curies":[{"name":"wp","href":"https:\/\/api.w.org\/{rel}","templated":true}]}}